{"id":13312,"date":"2025-10-22T16:20:24","date_gmt":"2025-10-22T19:20:24","guid":{"rendered":"https:\/\/arkmeds.com\/test-de-madurez\/"},"modified":"2025-10-22T16:31:30","modified_gmt":"2025-10-22T19:31:30","slug":"test-de-madurez","status":"publish","type":"page","link":"https:\/\/arkmeds.com\/es\/test-de-madurez\/","title":{"rendered":"Test de madurez"},"content":{"rendered":"\t\t<div data-elementor-type=\"wp-page\" data-elementor-id=\"13312\" class=\"elementor elementor-13312 elementor-13304\" data-elementor-post-type=\"page\">\n\t\t\t\t<div class=\"elementor-element elementor-element-02ab740 e-flex e-con-boxed e-con e-parent\" data-id=\"02ab740\" data-element_type=\"container\" data-e-type=\"container\" data-settings=\"{&quot;background_background&quot;:&quot;classic&quot;}\">\n\t\t\t\t\t<div class=\"e-con-inner\">\n\t\t\t\t<div class=\"elementor-element elementor-element-c2b1aec elementor-widget__width-initial elementor-invisible elementor-widget elementor-widget-heading\" data-id=\"c2b1aec\" data-element_type=\"widget\" data-e-type=\"widget\" data-settings=\"{&quot;_animation&quot;:&quot;fadeIn&quot;}\" data-widget_type=\"heading.default\">\n\t\t\t\t\t<h2 class=\"elementor-heading-title elementor-size-default\"><font color=\"#ffc72c\">Descubra el nivel de madurez de su Ingenier\u00eda Cl\u00ednica:<\/font><br>Un diagn\u00f3stico gratuito e instant\u00e1neo para entender d\u00f3nde se encuentra su operaci\u00f3n y c\u00f3mo evolucionar.<\/h2>\t\t\t\t<\/div>\n\t\t\t\t<div class=\"elementor-element elementor-element-e899c91 elementor-widget__width-initial animated-slow elementor-invisible elementor-widget elementor-widget-text-editor\" data-id=\"e899c91\" data-element_type=\"widget\" data-e-type=\"widget\" data-settings=\"{&quot;_animation&quot;:&quot;fadeIn&quot;}\" data-widget_type=\"text-editor.default\">\n\t\t\t\t\t\t\t\t\t<p data-start=\"1931\" data-end=\"2119\">Arkmeds ha desarrollado el <strong data-start=\"812\" data-end=\"857\">Test de Madurez de la Ingenier\u00eda Cl\u00ednica<\/strong>, una herramienta interactiva y gratuita que analiza el desempe\u00f1o y la estructura de su operaci\u00f3n hospitalaria.<br data-start=\"962\" data-end=\"965\">Con base en sus respuestas, usted recibe inmediatamente un <strong data-start=\"1023\" data-end=\"1048\">diagn\u00f3stico detallado<\/strong>, con an\u00e1lisis visuales y orientaciones pr\u00e1cticas para optimizar procesos, tecnolog\u00eda y resultados.<br data-start=\"1143\" data-end=\"1146\">Es el primer paso para una gesti\u00f3n m\u00e1s inteligente, integrada y eficiente.<\/p>\t\t\t\t\t\t\t\t<\/div>\n\t\t\t\t<div class=\"elementor-element elementor-element-fd65fcc elementor-widget elementor-widget-button\" data-id=\"fd65fcc\" data-element_type=\"widget\" data-e-type=\"widget\" data-widget_type=\"button.default\">\n\t\t\t\t\t\t\t\t\t\t<a class=\"elementor-button elementor-button-link elementor-size-sm\" href=\"https:\/\/htmmaturity.vercel.app\/\">\n\t\t\t\t\t\t<span class=\"elementor-button-content-wrapper\">\n\t\t\t\t\t\t\t\t\t<span class=\"elementor-button-text\">Haga su test<\/span>\n\t\t\t\t\t<\/span>\n\t\t\t\t\t<\/a>\n\t\t\t\t\t\t\t\t<\/div>\n\t\t\t\t\t<\/div>\n\t\t\t\t<\/div>\n\t\t<div class=\"elementor-element elementor-element-c1a1059 e-flex e-con-boxed e-con e-parent\" data-id=\"c1a1059\" data-element_type=\"container\" data-e-type=\"container\" data-settings=\"{&quot;background_background&quot;:&quot;classic&quot;}\">\n\t\t\t\t\t<div class=\"e-con-inner\">\n\t\t<div class=\"elementor-element elementor-element-c55cd00 e-con-full animated-slow e-flex elementor-invisible e-con e-child\" data-id=\"c55cd00\" data-element_type=\"container\" data-e-type=\"container\" data-settings=\"{&quot;animation&quot;:&quot;fadeInLeft&quot;}\">\n\t\t\t\t<div class=\"elementor-element elementor-element-6627254 elementor-widget elementor-widget-heading\" data-id=\"6627254\" data-element_type=\"widget\" data-e-type=\"widget\" data-widget_type=\"heading.default\">\n\t\t\t\t\t<h2 class=\"elementor-heading-title elementor-size-default\">En pocos minutos, identifique los puntos fuertes y las oportunidades de mejora de su gesti\u00f3n. Reciba un informe completo con gr\u00e1ficos, insights y recomendaciones personalizadas para llevar su instituci\u00f3n al siguiente nivel. <\/h2>\t\t\t\t<\/div>\n\t\t\t\t<div class=\"elementor-element elementor-element-59110a5 elementor-icon-list--layout-traditional elementor-list-item-link-full_width elementor-widget elementor-widget-icon-list\" data-id=\"59110a5\" data-element_type=\"widget\" data-e-type=\"widget\" data-widget_type=\"icon-list.default\">\n\t\t\t\t\t\t\t<ul class=\"elementor-icon-list-items\">\n\t\t\t\t\t\t\t<li class=\"elementor-icon-list-item\">\n\t\t\t\t\t\t\t\t\t\t\t<span class=\"elementor-icon-list-icon\">\n\t\t\t\t\t\t\t<svg xmlns=\"http:\/\/www.w3.org\/2000\/svg\" id=\"Camada_1\" viewBox=\"0 0 512 512\"><defs><style>      .st0 {        fill: #244c5a;      }      .st1 {        fill: #0096a8;      }    <\/style><\/defs><path class=\"st1\" d=\"M461.1,407.2l-29.7-57.3C506,205.8,389.7,37.3,227.8,60,89.3,79.5,14.3,236.6,86.3,357.3c12.2,20.4,29.6,40.4,48.9,54.2l-32.8,48-2.5-.4C-16.2,369.2-33.6,198.4,63.7,87.2,184.3-50.8,407.9-20.1,487.2,144.4c38,78.8,33.5,184-18.8,255.6-1.1,1.5-5.5,8.4-7.3,7.1Z\"><\/path><path class=\"st0\" d=\"M271.8,102.8l168,332.6c-14.1,12.8-28.2,25.5-44.4,35.9-69.5,44.5-156.4,53.1-233.5,22.9-4-1.6-30.5-13.7-31.6-15.4s28.4-41.5,30.7-48c1.4-.8,22.2,9.1,26,10.6,55.6,20.5,119.9,15.9,170.4-15.6l-108.9-215.2-101.5,179.5c-20.2-13.9-35.5-35.8-44.7-58.3,39.5-76.7,82.1-151.8,122.2-228.1l47.4-.9Z\"><\/path><\/svg>\t\t\t\t\t\t<\/span>\n\t\t\t\t\t\t\t\t\t\t<span class=\"elementor-icon-list-text\">Tenga un diagn\u00f3stico completo e inmediato sobre el nivel de madurez de su operaci\u00f3n.<\/span>\n\t\t\t\t\t\t\t\t\t<\/li>\n\t\t\t\t\t\t\t\t<li class=\"elementor-icon-list-item\">\n\t\t\t\t\t\t\t\t\t\t\t<span class=\"elementor-icon-list-icon\">\n\t\t\t\t\t\t\t<svg xmlns=\"http:\/\/www.w3.org\/2000\/svg\" id=\"Camada_1\" viewBox=\"0 0 512 512\"><defs><style>      .st0 {        fill: #244c5a;      }      .st1 {        fill: #0096a8;      }    <\/style><\/defs><path class=\"st1\" d=\"M461.1,407.2l-29.7-57.3C506,205.8,389.7,37.3,227.8,60,89.3,79.5,14.3,236.6,86.3,357.3c12.2,20.4,29.6,40.4,48.9,54.2l-32.8,48-2.5-.4C-16.2,369.2-33.6,198.4,63.7,87.2,184.3-50.8,407.9-20.1,487.2,144.4c38,78.8,33.5,184-18.8,255.6-1.1,1.5-5.5,8.4-7.3,7.1Z\"><\/path><path class=\"st0\" d=\"M271.8,102.8l168,332.6c-14.1,12.8-28.2,25.5-44.4,35.9-69.5,44.5-156.4,53.1-233.5,22.9-4-1.6-30.5-13.7-31.6-15.4s28.4-41.5,30.7-48c1.4-.8,22.2,9.1,26,10.6,55.6,20.5,119.9,15.9,170.4-15.6l-108.9-215.2-101.5,179.5c-20.2-13.9-35.5-35.8-44.7-58.3,39.5-76.7,82.1-151.8,122.2-228.1l47.4-.9Z\"><\/path><\/svg>\t\t\t\t\t\t<\/span>\n\t\t\t\t\t\t\t\t\t\t<span class=\"elementor-icon-list-text\">Entienda sus puntos fuertes y oportunidades de mejora con base en datos.<\/span>\n\t\t\t\t\t\t\t\t\t<\/li>\n\t\t\t\t\t\t\t\t<li class=\"elementor-icon-list-item\">\n\t\t\t\t\t\t\t\t\t\t\t<span class=\"elementor-icon-list-icon\">\n\t\t\t\t\t\t\t<svg xmlns=\"http:\/\/www.w3.org\/2000\/svg\" id=\"Camada_1\" viewBox=\"0 0 512 512\"><defs><style>      .st0 {        fill: #244c5a;      }      .st1 {        fill: #0096a8;      }    <\/style><\/defs><path class=\"st1\" d=\"M461.1,407.2l-29.7-57.3C506,205.8,389.7,37.3,227.8,60,89.3,79.5,14.3,236.6,86.3,357.3c12.2,20.4,29.6,40.4,48.9,54.2l-32.8,48-2.5-.4C-16.2,369.2-33.6,198.4,63.7,87.2,184.3-50.8,407.9-20.1,487.2,144.4c38,78.8,33.5,184-18.8,255.6-1.1,1.5-5.5,8.4-7.3,7.1Z\"><\/path><path class=\"st0\" d=\"M271.8,102.8l168,332.6c-14.1,12.8-28.2,25.5-44.4,35.9-69.5,44.5-156.4,53.1-233.5,22.9-4-1.6-30.5-13.7-31.6-15.4s28.4-41.5,30.7-48c1.4-.8,22.2,9.1,26,10.6,55.6,20.5,119.9,15.9,170.4-15.6l-108.9-215.2-101.5,179.5c-20.2-13.9-35.5-35.8-44.7-58.3,39.5-76.7,82.1-151.8,122.2-228.1l47.4-.9Z\"><\/path><\/svg>\t\t\t\t\t\t<\/span>\n\t\t\t\t\t\t\t\t\t\t<span class=\"elementor-icon-list-text\">Descubra c\u00f3mo la tecnolog\u00eda y la inteligencia artificial pueden transformar su rutina.<\/span>\n\t\t\t\t\t\t\t\t\t<\/li>\n\t\t\t\t\t\t\t\t<li class=\"elementor-icon-list-item\">\n\t\t\t\t\t\t\t\t\t\t\t<span class=\"elementor-icon-list-icon\">\n\t\t\t\t\t\t\t<svg xmlns=\"http:\/\/www.w3.org\/2000\/svg\" id=\"Camada_1\" viewBox=\"0 0 512 512\"><defs><style>      .st0 {        fill: #244c5a;      }      .st1 {        fill: #0096a8;      }    <\/style><\/defs><path class=\"st1\" d=\"M461.1,407.2l-29.7-57.3C506,205.8,389.7,37.3,227.8,60,89.3,79.5,14.3,236.6,86.3,357.3c12.2,20.4,29.6,40.4,48.9,54.2l-32.8,48-2.5-.4C-16.2,369.2-33.6,198.4,63.7,87.2,184.3-50.8,407.9-20.1,487.2,144.4c38,78.8,33.5,184-18.8,255.6-1.1,1.5-5.5,8.4-7.3,7.1Z\"><\/path><path class=\"st0\" d=\"M271.8,102.8l168,332.6c-14.1,12.8-28.2,25.5-44.4,35.9-69.5,44.5-156.4,53.1-233.5,22.9-4-1.6-30.5-13.7-31.6-15.4s28.4-41.5,30.7-48c1.4-.8,22.2,9.1,26,10.6,55.6,20.5,119.9,15.9,170.4-15.6l-108.9-215.2-101.5,179.5c-20.2-13.9-35.5-35.8-44.7-58.3,39.5-76.7,82.1-151.8,122.2-228.1l47.4-.9Z\"><\/path><\/svg>\t\t\t\t\t\t<\/span>\n\t\t\t\t\t\t\t\t\t\t<span class=\"elementor-icon-list-text\">Reciba recomendaciones estrat\u00e9gicas personalizadas para el crecimiento de su equipo e instituci\u00f3n.<\/span>\n\t\t\t\t\t\t\t\t\t<\/li>\n\t\t\t\t\t\t\t\t<li class=\"elementor-icon-list-item\">\n\t\t\t\t\t\t\t\t\t\t\t<span class=\"elementor-icon-list-icon\">\n\t\t\t\t\t\t\t<svg xmlns=\"http:\/\/www.w3.org\/2000\/svg\" id=\"Camada_1\" viewBox=\"0 0 512 512\"><defs><style>      .st0 {        fill: #244c5a;      }      .st1 {        fill: #0096a8;      }    <\/style><\/defs><path class=\"st1\" d=\"M461.1,407.2l-29.7-57.3C506,205.8,389.7,37.3,227.8,60,89.3,79.5,14.3,236.6,86.3,357.3c12.2,20.4,29.6,40.4,48.9,54.2l-32.8,48-2.5-.4C-16.2,369.2-33.6,198.4,63.7,87.2,184.3-50.8,407.9-20.1,487.2,144.4c38,78.8,33.5,184-18.8,255.6-1.1,1.5-5.5,8.4-7.3,7.1Z\"><\/path><path class=\"st0\" d=\"M271.8,102.8l168,332.6c-14.1,12.8-28.2,25.5-44.4,35.9-69.5,44.5-156.4,53.1-233.5,22.9-4-1.6-30.5-13.7-31.6-15.4s28.4-41.5,30.7-48c1.4-.8,22.2,9.1,26,10.6,55.6,20.5,119.9,15.9,170.4-15.6l-108.9-215.2-101.5,179.5c-20.2-13.9-35.5-35.8-44.7-58.3,39.5-76.7,82.1-151.8,122.2-228.1l47.4-.9Z\"><\/path><\/svg>\t\t\t\t\t\t<\/span>\n\t\t\t\t\t\t\t\t\t\t<span class=\"elementor-icon-list-text\">Compare el desempe\u00f1o de su ingenier\u00eda cl\u00ednica con el panorama nacional.<\/span>\n\t\t\t\t\t\t\t\t\t<\/li>\n\t\t\t\t\t\t<\/ul>\n\t\t\t\t\t\t<\/div>\n\t\t\t\t<\/div>\n\t\t<div class=\"elementor-element elementor-element-fb0c0b3 e-con-full e-flex e-con e-child\" data-id=\"fb0c0b3\" data-element_type=\"container\" data-e-type=\"container\">\n\t\t\t\t<div class=\"elementor-element elementor-element-382f8b4 animated-slow elementor-invisible elementor-widget elementor-widget-image\" data-id=\"382f8b4\" data-element_type=\"widget\" data-e-type=\"widget\" data-settings=\"{&quot;_animation&quot;:&quot;fadeInRight&quot;}\" data-widget_type=\"image.default\">\n\t\t\t\t\t\t\t\t\t\t\t\t\t\t\t<img fetchpriority=\"high\" decoding=\"async\" width=\"576\" height=\"1024\" src=\"https:\/\/arkmeds.com\/wp-content\/uploads\/2025\/10\/Campanha-mark-story-1-576x1024.jpg\" class=\"attachment-large size-large wp-image-13318\" alt=\"\" srcset=\"https:\/\/arkmeds.com\/wp-content\/uploads\/2025\/10\/Campanha-mark-story-1-576x1024.jpg 576w, https:\/\/arkmeds.com\/wp-content\/uploads\/2025\/10\/Campanha-mark-story-1-600x1067.jpg 600w, https:\/\/arkmeds.com\/wp-content\/uploads\/2025\/10\/Campanha-mark-story-1-169x300.jpg 169w, https:\/\/arkmeds.com\/wp-content\/uploads\/2025\/10\/Campanha-mark-story-1-768x1365.jpg 768w, https:\/\/arkmeds.com\/wp-content\/uploads\/2025\/10\/Campanha-mark-story-1-864x1536.jpg 864w, https:\/\/arkmeds.com\/wp-content\/uploads\/2025\/10\/Campanha-mark-story-1.jpg 1080w\" sizes=\"(max-width: 576px) 100vw, 576px\" \/>\t\t\t\t\t\t\t\t\t\t\t\t\t\t\t<\/div>\n\t\t\t\t<\/div>\n\t\t\t\t\t<\/div>\n\t\t\t\t<\/div>\n\t\t<div class=\"elementor-element elementor-element-e2735c7 e-flex e-con-boxed e-con e-parent\" data-id=\"e2735c7\" data-element_type=\"container\" data-e-type=\"container\">\n\t\t\t\t\t<div class=\"e-con-inner\">\n\t\t\t\t<div class=\"elementor-element elementor-element-b7c0d97 elementor-widget elementor-widget-heading\" data-id=\"b7c0d97\" data-element_type=\"widget\" data-e-type=\"widget\" data-widget_type=\"heading.default\">\n\t\t\t\t\t<h2 class=\"elementor-heading-title elementor-size-default\">Responda ahora y descubra el nivel de madurez de su Ingenier\u00eda Cl\u00ednica.<\/h2>\t\t\t\t<\/div>\n\t\t\t\t<div class=\"elementor-element elementor-element-3878330 elementor-align-justify elementor-widget elementor-widget-button\" data-id=\"3878330\" data-element_type=\"widget\" data-e-type=\"widget\" data-widget_type=\"button.default\">\n\t\t\t\t\t\t\t\t\t\t<a class=\"elementor-button elementor-button-link elementor-size-sm\" href=\"https:\/\/htmmaturity.vercel.app\/\">\n\t\t\t\t\t\t<span class=\"elementor-button-content-wrapper\">\n\t\t\t\t\t\t\t\t\t<span class=\"elementor-button-text\">\u00a1Lleva menos de 5 minutos y el diagn\u00f3stico se entrega al instante!<\/span>\n\t\t\t\t\t<\/span>\n\t\t\t\t\t<\/a>\n\t\t\t\t\t\t\t\t<\/div>\n\t\t\t\t\t<\/div>\n\t\t\t\t<\/div>\n\t\t\t\t<\/div>\n\t\t","protected":false},"excerpt":{"rendered":"<p>Descubra el nivel de madurez de su Ingenier\u00eda Cl\u00ednica:Un diagn\u00f3stico gratuito e instant\u00e1neo para entender d\u00f3nde se encuentra su operaci\u00f3n y c\u00f3mo evolucionar. Arkmeds ha desarrollado el Test de Madurez de la Ingenier\u00eda Cl\u00ednica, una herramienta interactiva y gratuita que analiza el desempe\u00f1o y la estructura de su operaci\u00f3n hospitalaria.Con base en sus respuestas, usted [&hellip;]<\/p>\n","protected":false},"author":1,"featured_media":0,"parent":0,"menu_order":0,"comment_status":"closed","ping_status":"closed","template":"elementor_header_footer","meta":{"footnotes":""},"class_list":["post-13312","page","type-page","status-publish","hentry"],"yoast_head":"<!-- This site is optimized with the Yoast SEO plugin v26.5 - https:\/\/yoast.com\/wordpress\/plugins\/seo\/ -->\n<title>Test de madurez - Arkmeds<\/title>\n<meta name=\"robots\" content=\"index, follow, max-snippet:-1, max-image-preview:large, max-video-preview:-1\" \/>\n<link rel=\"canonical\" href=\"https:\/\/arkmeds.com\/es\/test-de-madurez\/\" \/>\n<meta property=\"og:locale\" content=\"es_ES\" \/>\n<meta property=\"og:type\" content=\"article\" \/>\n<meta property=\"og:title\" content=\"Test de madurez - Arkmeds\" \/>\n<meta property=\"og:description\" content=\"Descubra el nivel de madurez de su Ingenier\u00eda Cl\u00ednica:Un diagn\u00f3stico gratuito e instant\u00e1neo para entender d\u00f3nde se encuentra su operaci\u00f3n y c\u00f3mo evolucionar. Arkmeds ha desarrollado el Test de Madurez de la Ingenier\u00eda Cl\u00ednica, una herramienta interactiva y gratuita que analiza el desempe\u00f1o y la estructura de su operaci\u00f3n hospitalaria.Con base en sus respuestas, usted [&hellip;]\" \/>\n<meta property=\"og:url\" content=\"https:\/\/arkmeds.com\/es\/test-de-madurez\/\" \/>\n<meta property=\"og:site_name\" content=\"Arkmeds\" \/>\n<meta property=\"article:publisher\" content=\"https:\/\/www.facebook.com\/somosarkmeds\" \/>\n<meta property=\"article:modified_time\" content=\"2025-10-22T19:31:30+00:00\" \/>\n<meta property=\"og:image\" content=\"https:\/\/arkmeds.com\/wp-content\/uploads\/2025\/10\/Campanha-mark-story-1.jpg\" \/>\n\t<meta property=\"og:image:width\" content=\"1080\" \/>\n\t<meta property=\"og:image:height\" content=\"1920\" \/>\n\t<meta property=\"og:image:type\" content=\"image\/jpeg\" \/>\n<meta name=\"twitter:card\" content=\"summary_large_image\" \/>\n<meta name=\"twitter:label1\" content=\"Tiempo de lectura\" \/>\n\t<meta name=\"twitter:data1\" content=\"1 minuto\" \/>\n<script type=\"application\/ld+json\" class=\"yoast-schema-graph\">{\"@context\":\"https:\/\/schema.org\",\"@graph\":[{\"@type\":\"WebPage\",\"@id\":\"https:\/\/arkmeds.com\/es\/test-de-madurez\/\",\"url\":\"https:\/\/arkmeds.com\/es\/test-de-madurez\/\",\"name\":\"Test de madurez - Arkmeds\",\"isPartOf\":{\"@id\":\"https:\/\/arkmeds.com\/pt-br\/#website\"},\"primaryImageOfPage\":{\"@id\":\"https:\/\/arkmeds.com\/es\/test-de-madurez\/#primaryimage\"},\"image\":{\"@id\":\"https:\/\/arkmeds.com\/es\/test-de-madurez\/#primaryimage\"},\"thumbnailUrl\":\"https:\/\/arkmeds.com\/wp-content\/uploads\/2025\/10\/Campanha-mark-story-1-576x1024.jpg\",\"datePublished\":\"2025-10-22T19:20:24+00:00\",\"dateModified\":\"2025-10-22T19:31:30+00:00\",\"breadcrumb\":{\"@id\":\"https:\/\/arkmeds.com\/es\/test-de-madurez\/#breadcrumb\"},\"inLanguage\":\"es\",\"potentialAction\":[{\"@type\":\"ReadAction\",\"target\":[\"https:\/\/arkmeds.com\/es\/test-de-madurez\/\"]}]},{\"@type\":\"ImageObject\",\"inLanguage\":\"es\",\"@id\":\"https:\/\/arkmeds.com\/es\/test-de-madurez\/#primaryimage\",\"url\":\"https:\/\/arkmeds.com\/wp-content\/uploads\/2025\/10\/Campanha-mark-story-1-576x1024.jpg\",\"contentUrl\":\"https:\/\/arkmeds.com\/wp-content\/uploads\/2025\/10\/Campanha-mark-story-1-576x1024.jpg\"},{\"@type\":\"BreadcrumbList\",\"@id\":\"https:\/\/arkmeds.com\/es\/test-de-madurez\/#breadcrumb\",\"itemListElement\":[{\"@type\":\"ListItem\",\"position\":1,\"name\":\"In\u00edcio\",\"item\":\"https:\/\/arkmeds.com\/es\/\"},{\"@type\":\"ListItem\",\"position\":2,\"name\":\"Test de madurez\"}]},{\"@type\":\"WebSite\",\"@id\":\"https:\/\/arkmeds.com\/pt-br\/#website\",\"url\":\"https:\/\/arkmeds.com\/pt-br\/\",\"name\":\"Arkmeds\",\"description\":\"Gest\u00e3o de Ativos e Engenharia Cl\u00ednica Inteligente\",\"publisher\":{\"@id\":\"https:\/\/arkmeds.com\/pt-br\/#organization\"},\"potentialAction\":[{\"@type\":\"SearchAction\",\"target\":{\"@type\":\"EntryPoint\",\"urlTemplate\":\"https:\/\/arkmeds.com\/pt-br\/?s={search_term_string}\"},\"query-input\":{\"@type\":\"PropertyValueSpecification\",\"valueRequired\":true,\"valueName\":\"search_term_string\"}}],\"inLanguage\":\"es\"},{\"@type\":\"Organization\",\"@id\":\"https:\/\/arkmeds.com\/pt-br\/#organization\",\"name\":\"Arkmeds\",\"url\":\"https:\/\/arkmeds.com\/pt-br\/\",\"logo\":{\"@type\":\"ImageObject\",\"inLanguage\":\"es\",\"@id\":\"https:\/\/arkmeds.com\/pt-br\/#\/schema\/logo\/image\/\",\"url\":\"https:\/\/arkmeds.com\/wp-content\/uploads\/2025\/05\/logo.webp\",\"contentUrl\":\"https:\/\/arkmeds.com\/wp-content\/uploads\/2025\/05\/logo.webp\",\"width\":1100,\"height\":241,\"caption\":\"Arkmeds\"},\"image\":{\"@id\":\"https:\/\/arkmeds.com\/pt-br\/#\/schema\/logo\/image\/\"},\"sameAs\":[\"https:\/\/www.facebook.com\/somosarkmeds\",\"https:\/\/www.youtube.com\/@Arkmeds\",\"https:\/\/www.instagram.com\/somosarkmeds\/\"]}]}<\/script>\n<!-- \/ Yoast SEO plugin. -->","yoast_head_json":{"title":"Test de madurez - Arkmeds","robots":{"index":"index","follow":"follow","max-snippet":"max-snippet:-1","max-image-preview":"max-image-preview:large","max-video-preview":"max-video-preview:-1"},"canonical":"https:\/\/arkmeds.com\/es\/test-de-madurez\/","og_locale":"es_ES","og_type":"article","og_title":"Test de madurez - Arkmeds","og_description":"Descubra el nivel de madurez de su Ingenier\u00eda Cl\u00ednica:Un diagn\u00f3stico gratuito e instant\u00e1neo para entender d\u00f3nde se encuentra su operaci\u00f3n y c\u00f3mo evolucionar. Arkmeds ha desarrollado el Test de Madurez de la Ingenier\u00eda Cl\u00ednica, una herramienta interactiva y gratuita que analiza el desempe\u00f1o y la estructura de su operaci\u00f3n hospitalaria.Con base en sus respuestas, usted [&hellip;]","og_url":"https:\/\/arkmeds.com\/es\/test-de-madurez\/","og_site_name":"Arkmeds","article_publisher":"https:\/\/www.facebook.com\/somosarkmeds","article_modified_time":"2025-10-22T19:31:30+00:00","og_image":[{"width":1080,"height":1920,"url":"https:\/\/arkmeds.com\/wp-content\/uploads\/2025\/10\/Campanha-mark-story-1.jpg","type":"image\/jpeg"}],"twitter_card":"summary_large_image","twitter_misc":{"Tiempo de lectura":"1 minuto"},"schema":{"@context":"https:\/\/schema.org","@graph":[{"@type":"WebPage","@id":"https:\/\/arkmeds.com\/es\/test-de-madurez\/","url":"https:\/\/arkmeds.com\/es\/test-de-madurez\/","name":"Test de madurez - Arkmeds","isPartOf":{"@id":"https:\/\/arkmeds.com\/pt-br\/#website"},"primaryImageOfPage":{"@id":"https:\/\/arkmeds.com\/es\/test-de-madurez\/#primaryimage"},"image":{"@id":"https:\/\/arkmeds.com\/es\/test-de-madurez\/#primaryimage"},"thumbnailUrl":"https:\/\/arkmeds.com\/wp-content\/uploads\/2025\/10\/Campanha-mark-story-1-576x1024.jpg","datePublished":"2025-10-22T19:20:24+00:00","dateModified":"2025-10-22T19:31:30+00:00","breadcrumb":{"@id":"https:\/\/arkmeds.com\/es\/test-de-madurez\/#breadcrumb"},"inLanguage":"es","potentialAction":[{"@type":"ReadAction","target":["https:\/\/arkmeds.com\/es\/test-de-madurez\/"]}]},{"@type":"ImageObject","inLanguage":"es","@id":"https:\/\/arkmeds.com\/es\/test-de-madurez\/#primaryimage","url":"https:\/\/arkmeds.com\/wp-content\/uploads\/2025\/10\/Campanha-mark-story-1-576x1024.jpg","contentUrl":"https:\/\/arkmeds.com\/wp-content\/uploads\/2025\/10\/Campanha-mark-story-1-576x1024.jpg"},{"@type":"BreadcrumbList","@id":"https:\/\/arkmeds.com\/es\/test-de-madurez\/#breadcrumb","itemListElement":[{"@type":"ListItem","position":1,"name":"In\u00edcio","item":"https:\/\/arkmeds.com\/es\/"},{"@type":"ListItem","position":2,"name":"Test de madurez"}]},{"@type":"WebSite","@id":"https:\/\/arkmeds.com\/pt-br\/#website","url":"https:\/\/arkmeds.com\/pt-br\/","name":"Arkmeds","description":"Gest\u00e3o de Ativos e Engenharia Cl\u00ednica Inteligente","publisher":{"@id":"https:\/\/arkmeds.com\/pt-br\/#organization"},"potentialAction":[{"@type":"SearchAction","target":{"@type":"EntryPoint","urlTemplate":"https:\/\/arkmeds.com\/pt-br\/?s={search_term_string}"},"query-input":{"@type":"PropertyValueSpecification","valueRequired":true,"valueName":"search_term_string"}}],"inLanguage":"es"},{"@type":"Organization","@id":"https:\/\/arkmeds.com\/pt-br\/#organization","name":"Arkmeds","url":"https:\/\/arkmeds.com\/pt-br\/","logo":{"@type":"ImageObject","inLanguage":"es","@id":"https:\/\/arkmeds.com\/pt-br\/#\/schema\/logo\/image\/","url":"https:\/\/arkmeds.com\/wp-content\/uploads\/2025\/05\/logo.webp","contentUrl":"https:\/\/arkmeds.com\/wp-content\/uploads\/2025\/05\/logo.webp","width":1100,"height":241,"caption":"Arkmeds"},"image":{"@id":"https:\/\/arkmeds.com\/pt-br\/#\/schema\/logo\/image\/"},"sameAs":["https:\/\/www.facebook.com\/somosarkmeds","https:\/\/www.youtube.com\/@Arkmeds","https:\/\/www.instagram.com\/somosarkmeds\/"]}]}},"jetpack_sharing_enabled":true,"_links":{"self":[{"href":"https:\/\/arkmeds.com\/es\/wp-json\/wp\/v2\/pages\/13312","targetHints":{"allow":["GET"]}}],"collection":[{"href":"https:\/\/arkmeds.com\/es\/wp-json\/wp\/v2\/pages"}],"about":[{"href":"https:\/\/arkmeds.com\/es\/wp-json\/wp\/v2\/types\/page"}],"author":[{"embeddable":true,"href":"https:\/\/arkmeds.com\/es\/wp-json\/wp\/v2\/users\/1"}],"replies":[{"embeddable":true,"href":"https:\/\/arkmeds.com\/es\/wp-json\/wp\/v2\/comments?post=13312"}],"version-history":[{"count":3,"href":"https:\/\/arkmeds.com\/es\/wp-json\/wp\/v2\/pages\/13312\/revisions"}],"predecessor-version":[{"id":13320,"href":"https:\/\/arkmeds.com\/es\/wp-json\/wp\/v2\/pages\/13312\/revisions\/13320"}],"wp:attachment":[{"href":"https:\/\/arkmeds.com\/es\/wp-json\/wp\/v2\/media?parent=13312"}],"curies":[{"name":"wp","href":"https:\/\/api.w.org\/{rel}","templated":true}]}}