{"id":3276,"date":"2025-09-09T23:55:07","date_gmt":"2025-09-10T02:55:07","guid":{"rendered":"https:\/\/arkmeds.com\/material-enriquecedor\/"},"modified":"2025-09-17T11:35:53","modified_gmt":"2025-09-17T14:35:53","slug":"material-enriquecedor","status":"publish","type":"page","link":"https:\/\/arkmeds.com\/es\/material-enriquecedor\/","title":{"rendered":"Material enriquecedor"},"content":{"rendered":"\t\t<div data-elementor-type=\"wp-page\" data-elementor-id=\"3276\" class=\"elementor elementor-3276 elementor-2397\">\n\t\t\t\t<div class=\"elementor-element elementor-element-78933e3 e-flex e-con-boxed e-con e-parent\" data-id=\"78933e3\" data-element_type=\"container\" data-settings=\"{&quot;background_background&quot;:&quot;classic&quot;}\">\n\t\t\t\t\t<div class=\"e-con-inner\">\n\t\t\t\t<div class=\"elementor-element elementor-element-9efce10 elementor-widget__width-initial elementor-invisible elementor-widget elementor-widget-heading\" data-id=\"9efce10\" data-element_type=\"widget\" data-settings=\"{&quot;_animation&quot;:&quot;fadeIn&quot;}\" data-widget_type=\"heading.default\">\n\t\t\t\t\t<h2 class=\"elementor-heading-title elementor-size-default\">Nuestros <span style=\"color:#FCC931\">Contenidos<\/span><\/h2>\t\t\t\t<\/div>\n\t\t\t\t<div class=\"elementor-element elementor-element-37c657a elementor-widget__width-initial animated-slow elementor-invisible elementor-widget elementor-widget-text-editor\" data-id=\"37c657a\" data-element_type=\"widget\" data-settings=\"{&quot;_animation&quot;:&quot;fadeIn&quot;}\" data-widget_type=\"text-editor.default\">\n\t\t\t\t\t\t\t\t\t<p>Consulte la selecci\u00f3n de los \u00faltimos libros electr\u00f3nicos y materiales que hemos preparado para usted. Aproveche esta oportunidad para ampliar sus conocimientos y adquirir herramientas valiosas para su desarrollo. <\/p>\t\t\t\t\t\t\t\t<\/div>\n\t\t\t\t\t<\/div>\n\t\t\t\t<\/div>\n\t\t<div class=\"elementor-element elementor-element-df5e73c e-flex e-con-boxed e-con e-parent\" data-id=\"df5e73c\" data-element_type=\"container\" data-settings=\"{&quot;background_background&quot;:&quot;classic&quot;}\">\n\t\t\t\t\t<div class=\"e-con-inner\">\n\t\t\t\t\t<\/div>\n\t\t\t\t<\/div>\n\t\t\t\t<\/div>\n\t\t","protected":false},"excerpt":{"rendered":"<p>Nuestros Contenidos Consulte la selecci\u00f3n de los \u00faltimos libros electr\u00f3nicos y materiales que hemos preparado para usted. Aproveche esta oportunidad para ampliar sus conocimientos y adquirir herramientas valiosas para su desarrollo.<\/p>\n","protected":false},"author":1,"featured_media":0,"parent":0,"menu_order":0,"comment_status":"closed","ping_status":"closed","template":"elementor_header_footer","meta":{"footnotes":""},"class_list":["post-3276","page","type-page","status-publish","hentry"],"yoast_head":"<!-- This site is optimized with the Yoast SEO plugin v26.5 - https:\/\/yoast.com\/wordpress\/plugins\/seo\/ -->\n<title>Material enriquecedor - Arkmeds<\/title>\n<meta name=\"robots\" content=\"index, follow, max-snippet:-1, max-image-preview:large, max-video-preview:-1\" \/>\n<link rel=\"canonical\" href=\"https:\/\/arkmeds.com\/es\/material-enriquecedor\/\" \/>\n<meta property=\"og:locale\" content=\"es_ES\" \/>\n<meta property=\"og:type\" content=\"article\" \/>\n<meta property=\"og:title\" content=\"Material enriquecedor - Arkmeds\" \/>\n<meta property=\"og:description\" content=\"Nuestros Contenidos Consulte la selecci\u00f3n de los \u00faltimos libros electr\u00f3nicos y materiales que hemos preparado para usted. Aproveche esta oportunidad para ampliar sus conocimientos y adquirir herramientas valiosas para su desarrollo.\" \/>\n<meta property=\"og:url\" content=\"https:\/\/arkmeds.com\/es\/material-enriquecedor\/\" \/>\n<meta property=\"og:site_name\" content=\"Arkmeds\" \/>\n<meta property=\"article:publisher\" content=\"https:\/\/www.facebook.com\/somosarkmeds\" \/>\n<meta property=\"article:modified_time\" content=\"2025-09-17T14:35:53+00:00\" \/>\n<meta name=\"twitter:card\" content=\"summary_large_image\" \/>\n<script type=\"application\/ld+json\" class=\"yoast-schema-graph\">{\"@context\":\"https:\/\/schema.org\",\"@graph\":[{\"@type\":\"WebPage\",\"@id\":\"https:\/\/arkmeds.com\/es\/material-enriquecedor\/\",\"url\":\"https:\/\/arkmeds.com\/es\/material-enriquecedor\/\",\"name\":\"Material enriquecedor - Arkmeds\",\"isPartOf\":{\"@id\":\"https:\/\/arkmeds.com\/pt-br\/#website\"},\"datePublished\":\"2025-09-10T02:55:07+00:00\",\"dateModified\":\"2025-09-17T14:35:53+00:00\",\"breadcrumb\":{\"@id\":\"https:\/\/arkmeds.com\/es\/material-enriquecedor\/#breadcrumb\"},\"inLanguage\":\"es\",\"potentialAction\":[{\"@type\":\"ReadAction\",\"target\":[\"https:\/\/arkmeds.com\/es\/material-enriquecedor\/\"]}]},{\"@type\":\"BreadcrumbList\",\"@id\":\"https:\/\/arkmeds.com\/es\/material-enriquecedor\/#breadcrumb\",\"itemListElement\":[{\"@type\":\"ListItem\",\"position\":1,\"name\":\"In\u00edcio\",\"item\":\"https:\/\/arkmeds.com\/es\/\"},{\"@type\":\"ListItem\",\"position\":2,\"name\":\"Material enriquecedor\"}]},{\"@type\":\"WebSite\",\"@id\":\"https:\/\/arkmeds.com\/pt-br\/#website\",\"url\":\"https:\/\/arkmeds.com\/pt-br\/\",\"name\":\"Arkmeds\",\"description\":\"Tecnologias avan\u00e7adas de gest\u00e3o para empresas em evolu\u00e7\u00e3o\",\"publisher\":{\"@id\":\"https:\/\/arkmeds.com\/pt-br\/#organization\"},\"potentialAction\":[{\"@type\":\"SearchAction\",\"target\":{\"@type\":\"EntryPoint\",\"urlTemplate\":\"https:\/\/arkmeds.com\/pt-br\/?s={search_term_string}\"},\"query-input\":{\"@type\":\"PropertyValueSpecification\",\"valueRequired\":true,\"valueName\":\"search_term_string\"}}],\"inLanguage\":\"es\"},{\"@type\":\"Organization\",\"@id\":\"https:\/\/arkmeds.com\/pt-br\/#organization\",\"name\":\"Arkmeds\",\"url\":\"https:\/\/arkmeds.com\/pt-br\/\",\"logo\":{\"@type\":\"ImageObject\",\"inLanguage\":\"es\",\"@id\":\"https:\/\/arkmeds.com\/pt-br\/#\/schema\/logo\/image\/\",\"url\":\"https:\/\/arkmeds.com\/wp-content\/uploads\/2025\/05\/logo.webp\",\"contentUrl\":\"https:\/\/arkmeds.com\/wp-content\/uploads\/2025\/05\/logo.webp\",\"width\":1100,\"height\":241,\"caption\":\"Arkmeds\"},\"image\":{\"@id\":\"https:\/\/arkmeds.com\/pt-br\/#\/schema\/logo\/image\/\"},\"sameAs\":[\"https:\/\/www.facebook.com\/somosarkmeds\",\"https:\/\/www.youtube.com\/@Arkmeds\",\"https:\/\/www.instagram.com\/somosarkmeds\/\"]}]}<\/script>\n<!-- \/ Yoast SEO plugin. -->","yoast_head_json":{"title":"Material enriquecedor - Arkmeds","robots":{"index":"index","follow":"follow","max-snippet":"max-snippet:-1","max-image-preview":"max-image-preview:large","max-video-preview":"max-video-preview:-1"},"canonical":"https:\/\/arkmeds.com\/es\/material-enriquecedor\/","og_locale":"es_ES","og_type":"article","og_title":"Material enriquecedor - Arkmeds","og_description":"Nuestros Contenidos Consulte la selecci\u00f3n de los \u00faltimos libros electr\u00f3nicos y materiales que hemos preparado para usted. Aproveche esta oportunidad para ampliar sus conocimientos y adquirir herramientas valiosas para su desarrollo.","og_url":"https:\/\/arkmeds.com\/es\/material-enriquecedor\/","og_site_name":"Arkmeds","article_publisher":"https:\/\/www.facebook.com\/somosarkmeds","article_modified_time":"2025-09-17T14:35:53+00:00","twitter_card":"summary_large_image","schema":{"@context":"https:\/\/schema.org","@graph":[{"@type":"WebPage","@id":"https:\/\/arkmeds.com\/es\/material-enriquecedor\/","url":"https:\/\/arkmeds.com\/es\/material-enriquecedor\/","name":"Material enriquecedor - Arkmeds","isPartOf":{"@id":"https:\/\/arkmeds.com\/pt-br\/#website"},"datePublished":"2025-09-10T02:55:07+00:00","dateModified":"2025-09-17T14:35:53+00:00","breadcrumb":{"@id":"https:\/\/arkmeds.com\/es\/material-enriquecedor\/#breadcrumb"},"inLanguage":"es","potentialAction":[{"@type":"ReadAction","target":["https:\/\/arkmeds.com\/es\/material-enriquecedor\/"]}]},{"@type":"BreadcrumbList","@id":"https:\/\/arkmeds.com\/es\/material-enriquecedor\/#breadcrumb","itemListElement":[{"@type":"ListItem","position":1,"name":"In\u00edcio","item":"https:\/\/arkmeds.com\/es\/"},{"@type":"ListItem","position":2,"name":"Material enriquecedor"}]},{"@type":"WebSite","@id":"https:\/\/arkmeds.com\/pt-br\/#website","url":"https:\/\/arkmeds.com\/pt-br\/","name":"Arkmeds","description":"Tecnologias avan\u00e7adas de gest\u00e3o para empresas em evolu\u00e7\u00e3o","publisher":{"@id":"https:\/\/arkmeds.com\/pt-br\/#organization"},"potentialAction":[{"@type":"SearchAction","target":{"@type":"EntryPoint","urlTemplate":"https:\/\/arkmeds.com\/pt-br\/?s={search_term_string}"},"query-input":{"@type":"PropertyValueSpecification","valueRequired":true,"valueName":"search_term_string"}}],"inLanguage":"es"},{"@type":"Organization","@id":"https:\/\/arkmeds.com\/pt-br\/#organization","name":"Arkmeds","url":"https:\/\/arkmeds.com\/pt-br\/","logo":{"@type":"ImageObject","inLanguage":"es","@id":"https:\/\/arkmeds.com\/pt-br\/#\/schema\/logo\/image\/","url":"https:\/\/arkmeds.com\/wp-content\/uploads\/2025\/05\/logo.webp","contentUrl":"https:\/\/arkmeds.com\/wp-content\/uploads\/2025\/05\/logo.webp","width":1100,"height":241,"caption":"Arkmeds"},"image":{"@id":"https:\/\/arkmeds.com\/pt-br\/#\/schema\/logo\/image\/"},"sameAs":["https:\/\/www.facebook.com\/somosarkmeds","https:\/\/www.youtube.com\/@Arkmeds","https:\/\/www.instagram.com\/somosarkmeds\/"]}]}},"jetpack_sharing_enabled":true,"_links":{"self":[{"href":"https:\/\/arkmeds.com\/es\/wp-json\/wp\/v2\/pages\/3276","targetHints":{"allow":["GET"]}}],"collection":[{"href":"https:\/\/arkmeds.com\/es\/wp-json\/wp\/v2\/pages"}],"about":[{"href":"https:\/\/arkmeds.com\/es\/wp-json\/wp\/v2\/types\/page"}],"author":[{"embeddable":true,"href":"https:\/\/arkmeds.com\/es\/wp-json\/wp\/v2\/users\/1"}],"replies":[{"embeddable":true,"href":"https:\/\/arkmeds.com\/es\/wp-json\/wp\/v2\/comments?post=3276"}],"version-history":[{"count":1,"href":"https:\/\/arkmeds.com\/es\/wp-json\/wp\/v2\/pages\/3276\/revisions"}],"predecessor-version":[{"id":3277,"href":"https:\/\/arkmeds.com\/es\/wp-json\/wp\/v2\/pages\/3276\/revisions\/3277"}],"wp:attachment":[{"href":"https:\/\/arkmeds.com\/es\/wp-json\/wp\/v2\/media?parent=3276"}],"curies":[{"name":"wp","href":"https:\/\/api.w.org\/{rel}","templated":true}]}}