{"id":13304,"date":"2025-10-22T16:20:24","date_gmt":"2025-10-22T19:20:24","guid":{"rendered":"https:\/\/arkmeds.com\/?page_id=13304"},"modified":"2025-12-11T13:55:29","modified_gmt":"2025-12-11T16:55:29","slug":"teste-de-maturidade","status":"publish","type":"page","link":"https:\/\/arkmeds.com\/pt-br\/teste-de-maturidade\/","title":{"rendered":"Teste de maturidade"},"content":{"rendered":"\t\t<div data-elementor-type=\"wp-page\" data-elementor-id=\"13304\" class=\"elementor elementor-13304\" data-elementor-post-type=\"page\">\n\t\t\t\t<div class=\"elementor-element elementor-element-02ab740 e-flex e-con-boxed e-con e-parent\" data-id=\"02ab740\" data-element_type=\"container\" data-e-type=\"container\" data-settings=\"{&quot;background_background&quot;:&quot;classic&quot;}\">\n\t\t\t\t\t<div class=\"e-con-inner\">\n\t\t\t\t<div class=\"elementor-element elementor-element-c2b1aec elementor-widget__width-initial elementor-invisible elementor-widget elementor-widget-heading\" data-id=\"c2b1aec\" data-element_type=\"widget\" data-e-type=\"widget\" data-settings=\"{&quot;_animation&quot;:&quot;fadeIn&quot;}\" data-widget_type=\"heading.default\">\n\t\t\t\t\t<h2 class=\"elementor-heading-title elementor-size-default\"><font color=\"#ffc72c\">Descubra o n\u00edvel de maturidade da sua Engenharia Cl\u00ednica: <\/font><br>Um diagn\u00f3stico gratuito e instant\u00e2neo para entender onde sua opera\u00e7\u00e3o est\u00e1 e como evoluir.<\/h2>\t\t\t\t<\/div>\n\t\t\t\t<div class=\"elementor-element elementor-element-e899c91 elementor-widget__width-initial animated-slow elementor-invisible elementor-widget elementor-widget-text-editor\" data-id=\"e899c91\" data-element_type=\"widget\" data-e-type=\"widget\" data-settings=\"{&quot;_animation&quot;:&quot;fadeIn&quot;}\" data-widget_type=\"text-editor.default\">\n\t\t\t\t\t\t\t\t\t<p data-start=\"1931\" data-end=\"2119\">A Arkmeds desenvolveu o <strong data-start=\"812\" data-end=\"857\">Teste de Maturidade da Engenharia Cl\u00ednica<\/strong>, uma ferramenta interativa e gratuita que analisa o desempenho e a estrutura da sua opera\u00e7\u00e3o hospitalar.<br data-start=\"962\" data-end=\"965\" \/>Com base nas suas respostas, voc\u00ea recebe imediatamente um <strong data-start=\"1023\" data-end=\"1048\">diagn\u00f3stico detalhado<\/strong>, com an\u00e1lises visuais e orienta\u00e7\u00f5es pr\u00e1ticas para otimizar processos, tecnologia e resultados.<br data-start=\"1143\" data-end=\"1146\" \/>\u00c9 o primeiro passo para uma gest\u00e3o mais inteligente, integrada e eficiente.<\/p>\t\t\t\t\t\t\t\t<\/div>\n\t\t\t\t<div class=\"elementor-element elementor-element-fd65fcc elementor-widget elementor-widget-button\" data-id=\"fd65fcc\" data-element_type=\"widget\" data-e-type=\"widget\" data-widget_type=\"button.default\">\n\t\t\t\t\t\t\t\t\t\t<a class=\"elementor-button elementor-button-link elementor-size-sm\" href=\"https:\/\/htmmaturity.vercel.app\/\">\n\t\t\t\t\t\t<span class=\"elementor-button-content-wrapper\">\n\t\t\t\t\t\t\t\t\t<span class=\"elementor-button-text\">Fa\u00e7a seu teste<\/span>\n\t\t\t\t\t<\/span>\n\t\t\t\t\t<\/a>\n\t\t\t\t\t\t\t\t<\/div>\n\t\t\t\t\t<\/div>\n\t\t\t\t<\/div>\n\t\t<div class=\"elementor-element elementor-element-c1a1059 e-flex e-con-boxed e-con e-parent\" data-id=\"c1a1059\" data-element_type=\"container\" data-e-type=\"container\" data-settings=\"{&quot;background_background&quot;:&quot;classic&quot;}\">\n\t\t\t\t\t<div class=\"e-con-inner\">\n\t\t<div class=\"elementor-element elementor-element-c55cd00 e-con-full animated-slow e-flex elementor-invisible e-con e-child\" data-id=\"c55cd00\" data-element_type=\"container\" data-e-type=\"container\" data-settings=\"{&quot;animation&quot;:&quot;fadeInLeft&quot;}\">\n\t\t\t\t<div class=\"elementor-element elementor-element-6627254 elementor-widget elementor-widget-heading\" data-id=\"6627254\" data-element_type=\"widget\" data-e-type=\"widget\" data-widget_type=\"heading.default\">\n\t\t\t\t\t<h2 class=\"elementor-heading-title elementor-size-default\">Em poucos minutos, identifique os pontos fortes e as oportunidades de melhoria da sua gest\u00e3o. Receba um relat\u00f3rio completo com gr\u00e1ficos, insights e recomenda\u00e7\u00f5es personalizadas para levar sua institui\u00e7\u00e3o ao pr\u00f3ximo n\u00edvel.<\/h2>\t\t\t\t<\/div>\n\t\t\t\t<div class=\"elementor-element elementor-element-59110a5 elementor-icon-list--layout-traditional elementor-list-item-link-full_width elementor-widget elementor-widget-icon-list\" data-id=\"59110a5\" data-element_type=\"widget\" data-e-type=\"widget\" data-widget_type=\"icon-list.default\">\n\t\t\t\t\t\t\t<ul class=\"elementor-icon-list-items\">\n\t\t\t\t\t\t\t<li class=\"elementor-icon-list-item\">\n\t\t\t\t\t\t\t\t\t\t\t<span class=\"elementor-icon-list-icon\">\n\t\t\t\t\t\t\t<svg xmlns=\"http:\/\/www.w3.org\/2000\/svg\" id=\"Camada_1\" viewBox=\"0 0 512 512\"><defs><style>      .st0 {        fill: #244c5a;      }      .st1 {        fill: #0096a8;      }    <\/style><\/defs><path class=\"st1\" d=\"M461.1,407.2l-29.7-57.3C506,205.8,389.7,37.3,227.8,60,89.3,79.5,14.3,236.6,86.3,357.3c12.2,20.4,29.6,40.4,48.9,54.2l-32.8,48-2.5-.4C-16.2,369.2-33.6,198.4,63.7,87.2,184.3-50.8,407.9-20.1,487.2,144.4c38,78.8,33.5,184-18.8,255.6-1.1,1.5-5.5,8.4-7.3,7.1Z\"><\/path><path class=\"st0\" d=\"M271.8,102.8l168,332.6c-14.1,12.8-28.2,25.5-44.4,35.9-69.5,44.5-156.4,53.1-233.5,22.9-4-1.6-30.5-13.7-31.6-15.4s28.4-41.5,30.7-48c1.4-.8,22.2,9.1,26,10.6,55.6,20.5,119.9,15.9,170.4-15.6l-108.9-215.2-101.5,179.5c-20.2-13.9-35.5-35.8-44.7-58.3,39.5-76.7,82.1-151.8,122.2-228.1l47.4-.9Z\"><\/path><\/svg>\t\t\t\t\t\t<\/span>\n\t\t\t\t\t\t\t\t\t\t<span class=\"elementor-icon-list-text\">Tenha um diagn\u00f3stico completo e imediato sobre o n\u00edvel de maturidade da sua opera\u00e7\u00e3o.<\/span>\n\t\t\t\t\t\t\t\t\t<\/li>\n\t\t\t\t\t\t\t\t<li class=\"elementor-icon-list-item\">\n\t\t\t\t\t\t\t\t\t\t\t<span class=\"elementor-icon-list-icon\">\n\t\t\t\t\t\t\t<svg xmlns=\"http:\/\/www.w3.org\/2000\/svg\" id=\"Camada_1\" viewBox=\"0 0 512 512\"><defs><style>      .st0 {        fill: #244c5a;      }      .st1 {        fill: #0096a8;      }    <\/style><\/defs><path class=\"st1\" d=\"M461.1,407.2l-29.7-57.3C506,205.8,389.7,37.3,227.8,60,89.3,79.5,14.3,236.6,86.3,357.3c12.2,20.4,29.6,40.4,48.9,54.2l-32.8,48-2.5-.4C-16.2,369.2-33.6,198.4,63.7,87.2,184.3-50.8,407.9-20.1,487.2,144.4c38,78.8,33.5,184-18.8,255.6-1.1,1.5-5.5,8.4-7.3,7.1Z\"><\/path><path class=\"st0\" d=\"M271.8,102.8l168,332.6c-14.1,12.8-28.2,25.5-44.4,35.9-69.5,44.5-156.4,53.1-233.5,22.9-4-1.6-30.5-13.7-31.6-15.4s28.4-41.5,30.7-48c1.4-.8,22.2,9.1,26,10.6,55.6,20.5,119.9,15.9,170.4-15.6l-108.9-215.2-101.5,179.5c-20.2-13.9-35.5-35.8-44.7-58.3,39.5-76.7,82.1-151.8,122.2-228.1l47.4-.9Z\"><\/path><\/svg>\t\t\t\t\t\t<\/span>\n\t\t\t\t\t\t\t\t\t\t<span class=\"elementor-icon-list-text\">Entenda seus pontos fortes e oportunidades de melhoria com base em dados.<\/span>\n\t\t\t\t\t\t\t\t\t<\/li>\n\t\t\t\t\t\t\t\t<li class=\"elementor-icon-list-item\">\n\t\t\t\t\t\t\t\t\t\t\t<span class=\"elementor-icon-list-icon\">\n\t\t\t\t\t\t\t<svg xmlns=\"http:\/\/www.w3.org\/2000\/svg\" id=\"Camada_1\" viewBox=\"0 0 512 512\"><defs><style>      .st0 {        fill: #244c5a;      }      .st1 {        fill: #0096a8;      }    <\/style><\/defs><path class=\"st1\" d=\"M461.1,407.2l-29.7-57.3C506,205.8,389.7,37.3,227.8,60,89.3,79.5,14.3,236.6,86.3,357.3c12.2,20.4,29.6,40.4,48.9,54.2l-32.8,48-2.5-.4C-16.2,369.2-33.6,198.4,63.7,87.2,184.3-50.8,407.9-20.1,487.2,144.4c38,78.8,33.5,184-18.8,255.6-1.1,1.5-5.5,8.4-7.3,7.1Z\"><\/path><path class=\"st0\" d=\"M271.8,102.8l168,332.6c-14.1,12.8-28.2,25.5-44.4,35.9-69.5,44.5-156.4,53.1-233.5,22.9-4-1.6-30.5-13.7-31.6-15.4s28.4-41.5,30.7-48c1.4-.8,22.2,9.1,26,10.6,55.6,20.5,119.9,15.9,170.4-15.6l-108.9-215.2-101.5,179.5c-20.2-13.9-35.5-35.8-44.7-58.3,39.5-76.7,82.1-151.8,122.2-228.1l47.4-.9Z\"><\/path><\/svg>\t\t\t\t\t\t<\/span>\n\t\t\t\t\t\t\t\t\t\t<span class=\"elementor-icon-list-text\">Descubra como a tecnologia e a intelig\u00eancia artificial podem transformar sua rotina.<\/span>\n\t\t\t\t\t\t\t\t\t<\/li>\n\t\t\t\t\t\t\t\t<li class=\"elementor-icon-list-item\">\n\t\t\t\t\t\t\t\t\t\t\t<span class=\"elementor-icon-list-icon\">\n\t\t\t\t\t\t\t<svg xmlns=\"http:\/\/www.w3.org\/2000\/svg\" id=\"Camada_1\" viewBox=\"0 0 512 512\"><defs><style>      .st0 {        fill: #244c5a;      }      .st1 {        fill: #0096a8;      }    <\/style><\/defs><path class=\"st1\" d=\"M461.1,407.2l-29.7-57.3C506,205.8,389.7,37.3,227.8,60,89.3,79.5,14.3,236.6,86.3,357.3c12.2,20.4,29.6,40.4,48.9,54.2l-32.8,48-2.5-.4C-16.2,369.2-33.6,198.4,63.7,87.2,184.3-50.8,407.9-20.1,487.2,144.4c38,78.8,33.5,184-18.8,255.6-1.1,1.5-5.5,8.4-7.3,7.1Z\"><\/path><path class=\"st0\" d=\"M271.8,102.8l168,332.6c-14.1,12.8-28.2,25.5-44.4,35.9-69.5,44.5-156.4,53.1-233.5,22.9-4-1.6-30.5-13.7-31.6-15.4s28.4-41.5,30.7-48c1.4-.8,22.2,9.1,26,10.6,55.6,20.5,119.9,15.9,170.4-15.6l-108.9-215.2-101.5,179.5c-20.2-13.9-35.5-35.8-44.7-58.3,39.5-76.7,82.1-151.8,122.2-228.1l47.4-.9Z\"><\/path><\/svg>\t\t\t\t\t\t<\/span>\n\t\t\t\t\t\t\t\t\t\t<span class=\"elementor-icon-list-text\">Receba recomenda\u00e7\u00f5es estrat\u00e9gicas personalizadas para o crescimento da sua equipe e institui\u00e7\u00e3o.<\/span>\n\t\t\t\t\t\t\t\t\t<\/li>\n\t\t\t\t\t\t\t\t<li class=\"elementor-icon-list-item\">\n\t\t\t\t\t\t\t\t\t\t\t<span class=\"elementor-icon-list-icon\">\n\t\t\t\t\t\t\t<svg xmlns=\"http:\/\/www.w3.org\/2000\/svg\" id=\"Camada_1\" viewBox=\"0 0 512 512\"><defs><style>      .st0 {        fill: #244c5a;      }      .st1 {        fill: #0096a8;      }    <\/style><\/defs><path class=\"st1\" d=\"M461.1,407.2l-29.7-57.3C506,205.8,389.7,37.3,227.8,60,89.3,79.5,14.3,236.6,86.3,357.3c12.2,20.4,29.6,40.4,48.9,54.2l-32.8,48-2.5-.4C-16.2,369.2-33.6,198.4,63.7,87.2,184.3-50.8,407.9-20.1,487.2,144.4c38,78.8,33.5,184-18.8,255.6-1.1,1.5-5.5,8.4-7.3,7.1Z\"><\/path><path class=\"st0\" d=\"M271.8,102.8l168,332.6c-14.1,12.8-28.2,25.5-44.4,35.9-69.5,44.5-156.4,53.1-233.5,22.9-4-1.6-30.5-13.7-31.6-15.4s28.4-41.5,30.7-48c1.4-.8,22.2,9.1,26,10.6,55.6,20.5,119.9,15.9,170.4-15.6l-108.9-215.2-101.5,179.5c-20.2-13.9-35.5-35.8-44.7-58.3,39.5-76.7,82.1-151.8,122.2-228.1l47.4-.9Z\"><\/path><\/svg>\t\t\t\t\t\t<\/span>\n\t\t\t\t\t\t\t\t\t\t<span class=\"elementor-icon-list-text\">Compare o desempenho da sua engenharia cl\u00ednica com o cen\u00e1rio nacional.<\/span>\n\t\t\t\t\t\t\t\t\t<\/li>\n\t\t\t\t\t\t<\/ul>\n\t\t\t\t\t\t<\/div>\n\t\t\t\t<\/div>\n\t\t<div class=\"elementor-element elementor-element-fb0c0b3 e-con-full e-flex e-con e-child\" data-id=\"fb0c0b3\" data-element_type=\"container\" data-e-type=\"container\">\n\t\t\t\t<div class=\"elementor-element elementor-element-382f8b4 animated-slow elementor-invisible elementor-widget elementor-widget-image\" data-id=\"382f8b4\" data-element_type=\"widget\" data-e-type=\"widget\" data-settings=\"{&quot;_animation&quot;:&quot;fadeInRight&quot;}\" data-widget_type=\"image.default\">\n\t\t\t\t\t\t\t\t\t\t\t\t\t\t\t<img fetchpriority=\"high\" decoding=\"async\" width=\"576\" height=\"1024\" src=\"https:\/\/arkmeds.com\/wp-content\/uploads\/2025\/10\/Campanha-mark-story-1-576x1024.jpg\" class=\"attachment-large size-large wp-image-13314\" alt=\"\" srcset=\"https:\/\/arkmeds.com\/wp-content\/uploads\/2025\/10\/Campanha-mark-story-1-576x1024.jpg 576w, https:\/\/arkmeds.com\/wp-content\/uploads\/2025\/10\/Campanha-mark-story-1-600x1067.jpg 600w, https:\/\/arkmeds.com\/wp-content\/uploads\/2025\/10\/Campanha-mark-story-1-169x300.jpg 169w, https:\/\/arkmeds.com\/wp-content\/uploads\/2025\/10\/Campanha-mark-story-1-768x1365.jpg 768w, https:\/\/arkmeds.com\/wp-content\/uploads\/2025\/10\/Campanha-mark-story-1-864x1536.jpg 864w, https:\/\/arkmeds.com\/wp-content\/uploads\/2025\/10\/Campanha-mark-story-1.jpg 1080w\" sizes=\"(max-width: 576px) 100vw, 576px\" \/>\t\t\t\t\t\t\t\t\t\t\t\t\t\t\t<\/div>\n\t\t\t\t<\/div>\n\t\t\t\t\t<\/div>\n\t\t\t\t<\/div>\n\t\t<div class=\"elementor-element elementor-element-e2735c7 e-flex e-con-boxed e-con e-parent\" data-id=\"e2735c7\" data-element_type=\"container\" data-e-type=\"container\">\n\t\t\t\t\t<div class=\"e-con-inner\">\n\t\t\t\t<div class=\"elementor-element elementor-element-b7c0d97 elementor-widget elementor-widget-heading\" data-id=\"b7c0d97\" data-element_type=\"widget\" data-e-type=\"widget\" data-widget_type=\"heading.default\">\n\t\t\t\t\t<h2 class=\"elementor-heading-title elementor-size-default\">Responda agora e descubra o n\u00edvel de maturidade da sua Engenharia Cl\u00ednica.<\/h2>\t\t\t\t<\/div>\n\t\t\t\t<div class=\"elementor-element elementor-element-3878330 elementor-align-justify elementor-widget elementor-widget-button\" data-id=\"3878330\" data-element_type=\"widget\" data-e-type=\"widget\" data-widget_type=\"button.default\">\n\t\t\t\t\t\t\t\t\t\t<a class=\"elementor-button elementor-button-link elementor-size-sm\" href=\"https:\/\/htmmaturity.vercel.app\/\">\n\t\t\t\t\t\t<span class=\"elementor-button-content-wrapper\">\n\t\t\t\t\t\t\t\t\t<span class=\"elementor-button-text\">Leva menos de 5 minutos e o diagn\u00f3stico \u00e9 entregue na hora!<\/span>\n\t\t\t\t\t<\/span>\n\t\t\t\t\t<\/a>\n\t\t\t\t\t\t\t\t<\/div>\n\t\t\t\t\t<\/div>\n\t\t\t\t<\/div>\n\t\t\t\t<\/div>\n\t\t","protected":false},"excerpt":{"rendered":"<p>Realize o teste de maturidade em engenharia cl\u00ednica da Arkmeds e avalie o n\u00edvel de desenvolvimento dos seus processos, tecnologia e gest\u00e3o em sa\u00fade para orientar melhorias estrat\u00e9gicas.<\/p>\n","protected":false},"author":1,"featured_media":0,"parent":0,"menu_order":0,"comment_status":"closed","ping_status":"closed","template":"elementor_header_footer","meta":{"footnotes":""},"class_list":["post-13304","page","type-page","status-publish","hentry"],"yoast_head":"<!-- This site is optimized with the Yoast SEO plugin v26.5 - https:\/\/yoast.com\/wordpress\/plugins\/seo\/ -->\n<title>Teste de maturidade - Arkmeds<\/title>\n<meta name=\"robots\" content=\"index, follow, max-snippet:-1, max-image-preview:large, max-video-preview:-1\" \/>\n<link rel=\"canonical\" href=\"https:\/\/arkmeds.com\/pt-br\/teste-de-maturidade\/\" \/>\n<meta property=\"og:locale\" content=\"pt_BR\" \/>\n<meta property=\"og:type\" content=\"article\" \/>\n<meta property=\"og:title\" content=\"Teste de maturidade - Arkmeds\" \/>\n<meta property=\"og:description\" content=\"Realize o teste de maturidade em engenharia cl\u00ednica da Arkmeds e avalie o n\u00edvel de desenvolvimento dos seus processos, tecnologia e gest\u00e3o em sa\u00fade para orientar melhorias estrat\u00e9gicas.\" \/>\n<meta property=\"og:url\" content=\"https:\/\/arkmeds.com\/pt-br\/teste-de-maturidade\/\" \/>\n<meta property=\"og:site_name\" content=\"Arkmeds\" \/>\n<meta property=\"article:publisher\" content=\"https:\/\/www.facebook.com\/somosarkmeds\" \/>\n<meta property=\"article:modified_time\" content=\"2025-12-11T16:55:29+00:00\" \/>\n<meta property=\"og:image\" content=\"https:\/\/arkmeds.com\/wp-content\/uploads\/2025\/10\/Campanha-mark-story-1-576x1024.jpg\" \/>\n<meta name=\"twitter:card\" content=\"summary_large_image\" \/>\n<meta name=\"twitter:label1\" content=\"Est. tempo de leitura\" \/>\n\t<meta name=\"twitter:data1\" content=\"2 minutos\" \/>\n<script type=\"application\/ld+json\" class=\"yoast-schema-graph\">{\"@context\":\"https:\/\/schema.org\",\"@graph\":[{\"@type\":\"WebPage\",\"@id\":\"https:\/\/arkmeds.com\/pt-br\/teste-de-maturidade\/\",\"url\":\"https:\/\/arkmeds.com\/pt-br\/teste-de-maturidade\/\",\"name\":\"Teste de maturidade - Arkmeds\",\"isPartOf\":{\"@id\":\"https:\/\/arkmeds.com\/pt-br\/#website\"},\"primaryImageOfPage\":{\"@id\":\"https:\/\/arkmeds.com\/pt-br\/teste-de-maturidade\/#primaryimage\"},\"image\":{\"@id\":\"https:\/\/arkmeds.com\/pt-br\/teste-de-maturidade\/#primaryimage\"},\"thumbnailUrl\":\"https:\/\/arkmeds.com\/wp-content\/uploads\/2025\/10\/Campanha-mark-story-1-576x1024.jpg\",\"datePublished\":\"2025-10-22T19:20:24+00:00\",\"dateModified\":\"2025-12-11T16:55:29+00:00\",\"breadcrumb\":{\"@id\":\"https:\/\/arkmeds.com\/pt-br\/teste-de-maturidade\/#breadcrumb\"},\"inLanguage\":\"pt-BR\",\"potentialAction\":[{\"@type\":\"ReadAction\",\"target\":[\"https:\/\/arkmeds.com\/pt-br\/teste-de-maturidade\/\"]}]},{\"@type\":\"ImageObject\",\"inLanguage\":\"pt-BR\",\"@id\":\"https:\/\/arkmeds.com\/pt-br\/teste-de-maturidade\/#primaryimage\",\"url\":\"https:\/\/arkmeds.com\/wp-content\/uploads\/2025\/10\/Campanha-mark-story-1-576x1024.jpg\",\"contentUrl\":\"https:\/\/arkmeds.com\/wp-content\/uploads\/2025\/10\/Campanha-mark-story-1-576x1024.jpg\"},{\"@type\":\"BreadcrumbList\",\"@id\":\"https:\/\/arkmeds.com\/pt-br\/teste-de-maturidade\/#breadcrumb\",\"itemListElement\":[{\"@type\":\"ListItem\",\"position\":1,\"name\":\"In\u00edcio\",\"item\":\"https:\/\/arkmeds.com\/pt-br\/\"},{\"@type\":\"ListItem\",\"position\":2,\"name\":\"teste de maturidade em engenharia cl\u00ednica\"}]},{\"@type\":\"WebSite\",\"@id\":\"https:\/\/arkmeds.com\/pt-br\/#website\",\"url\":\"https:\/\/arkmeds.com\/pt-br\/\",\"name\":\"Arkmeds\",\"description\":\"Gest\u00e3o de Ativos e Engenharia Cl\u00ednica Inteligente\",\"publisher\":{\"@id\":\"https:\/\/arkmeds.com\/pt-br\/#organization\"},\"potentialAction\":[{\"@type\":\"SearchAction\",\"target\":{\"@type\":\"EntryPoint\",\"urlTemplate\":\"https:\/\/arkmeds.com\/pt-br\/?s={search_term_string}\"},\"query-input\":{\"@type\":\"PropertyValueSpecification\",\"valueRequired\":true,\"valueName\":\"search_term_string\"}}],\"inLanguage\":\"pt-BR\"},{\"@type\":\"Organization\",\"@id\":\"https:\/\/arkmeds.com\/pt-br\/#organization\",\"name\":\"Arkmeds\",\"url\":\"https:\/\/arkmeds.com\/pt-br\/\",\"logo\":{\"@type\":\"ImageObject\",\"inLanguage\":\"pt-BR\",\"@id\":\"https:\/\/arkmeds.com\/pt-br\/#\/schema\/logo\/image\/\",\"url\":\"https:\/\/arkmeds.com\/wp-content\/uploads\/2025\/05\/logo.webp\",\"contentUrl\":\"https:\/\/arkmeds.com\/wp-content\/uploads\/2025\/05\/logo.webp\",\"width\":1100,\"height\":241,\"caption\":\"Arkmeds\"},\"image\":{\"@id\":\"https:\/\/arkmeds.com\/pt-br\/#\/schema\/logo\/image\/\"},\"sameAs\":[\"https:\/\/www.facebook.com\/somosarkmeds\",\"https:\/\/www.youtube.com\/@Arkmeds\",\"https:\/\/www.instagram.com\/somosarkmeds\/\"]}]}<\/script>\n<!-- \/ Yoast SEO plugin. -->","yoast_head_json":{"title":"Teste de maturidade - Arkmeds","robots":{"index":"index","follow":"follow","max-snippet":"max-snippet:-1","max-image-preview":"max-image-preview:large","max-video-preview":"max-video-preview:-1"},"canonical":"https:\/\/arkmeds.com\/pt-br\/teste-de-maturidade\/","og_locale":"pt_BR","og_type":"article","og_title":"Teste de maturidade - Arkmeds","og_description":"Realize o teste de maturidade em engenharia cl\u00ednica da Arkmeds e avalie o n\u00edvel de desenvolvimento dos seus processos, tecnologia e gest\u00e3o em sa\u00fade para orientar melhorias estrat\u00e9gicas.","og_url":"https:\/\/arkmeds.com\/pt-br\/teste-de-maturidade\/","og_site_name":"Arkmeds","article_publisher":"https:\/\/www.facebook.com\/somosarkmeds","article_modified_time":"2025-12-11T16:55:29+00:00","og_image":[{"url":"https:\/\/arkmeds.com\/wp-content\/uploads\/2025\/10\/Campanha-mark-story-1-576x1024.jpg","type":"","width":"","height":""}],"twitter_card":"summary_large_image","twitter_misc":{"Est. tempo de leitura":"2 minutos"},"schema":{"@context":"https:\/\/schema.org","@graph":[{"@type":"WebPage","@id":"https:\/\/arkmeds.com\/pt-br\/teste-de-maturidade\/","url":"https:\/\/arkmeds.com\/pt-br\/teste-de-maturidade\/","name":"Teste de maturidade - Arkmeds","isPartOf":{"@id":"https:\/\/arkmeds.com\/pt-br\/#website"},"primaryImageOfPage":{"@id":"https:\/\/arkmeds.com\/pt-br\/teste-de-maturidade\/#primaryimage"},"image":{"@id":"https:\/\/arkmeds.com\/pt-br\/teste-de-maturidade\/#primaryimage"},"thumbnailUrl":"https:\/\/arkmeds.com\/wp-content\/uploads\/2025\/10\/Campanha-mark-story-1-576x1024.jpg","datePublished":"2025-10-22T19:20:24+00:00","dateModified":"2025-12-11T16:55:29+00:00","breadcrumb":{"@id":"https:\/\/arkmeds.com\/pt-br\/teste-de-maturidade\/#breadcrumb"},"inLanguage":"pt-BR","potentialAction":[{"@type":"ReadAction","target":["https:\/\/arkmeds.com\/pt-br\/teste-de-maturidade\/"]}]},{"@type":"ImageObject","inLanguage":"pt-BR","@id":"https:\/\/arkmeds.com\/pt-br\/teste-de-maturidade\/#primaryimage","url":"https:\/\/arkmeds.com\/wp-content\/uploads\/2025\/10\/Campanha-mark-story-1-576x1024.jpg","contentUrl":"https:\/\/arkmeds.com\/wp-content\/uploads\/2025\/10\/Campanha-mark-story-1-576x1024.jpg"},{"@type":"BreadcrumbList","@id":"https:\/\/arkmeds.com\/pt-br\/teste-de-maturidade\/#breadcrumb","itemListElement":[{"@type":"ListItem","position":1,"name":"In\u00edcio","item":"https:\/\/arkmeds.com\/pt-br\/"},{"@type":"ListItem","position":2,"name":"teste de maturidade em engenharia cl\u00ednica"}]},{"@type":"WebSite","@id":"https:\/\/arkmeds.com\/pt-br\/#website","url":"https:\/\/arkmeds.com\/pt-br\/","name":"Arkmeds","description":"Gest\u00e3o de Ativos e Engenharia Cl\u00ednica Inteligente","publisher":{"@id":"https:\/\/arkmeds.com\/pt-br\/#organization"},"potentialAction":[{"@type":"SearchAction","target":{"@type":"EntryPoint","urlTemplate":"https:\/\/arkmeds.com\/pt-br\/?s={search_term_string}"},"query-input":{"@type":"PropertyValueSpecification","valueRequired":true,"valueName":"search_term_string"}}],"inLanguage":"pt-BR"},{"@type":"Organization","@id":"https:\/\/arkmeds.com\/pt-br\/#organization","name":"Arkmeds","url":"https:\/\/arkmeds.com\/pt-br\/","logo":{"@type":"ImageObject","inLanguage":"pt-BR","@id":"https:\/\/arkmeds.com\/pt-br\/#\/schema\/logo\/image\/","url":"https:\/\/arkmeds.com\/wp-content\/uploads\/2025\/05\/logo.webp","contentUrl":"https:\/\/arkmeds.com\/wp-content\/uploads\/2025\/05\/logo.webp","width":1100,"height":241,"caption":"Arkmeds"},"image":{"@id":"https:\/\/arkmeds.com\/pt-br\/#\/schema\/logo\/image\/"},"sameAs":["https:\/\/www.facebook.com\/somosarkmeds","https:\/\/www.youtube.com\/@Arkmeds","https:\/\/www.instagram.com\/somosarkmeds\/"]}]}},"jetpack_sharing_enabled":true,"_links":{"self":[{"href":"https:\/\/arkmeds.com\/pt-br\/wp-json\/wp\/v2\/pages\/13304","targetHints":{"allow":["GET"]}}],"collection":[{"href":"https:\/\/arkmeds.com\/pt-br\/wp-json\/wp\/v2\/pages"}],"about":[{"href":"https:\/\/arkmeds.com\/pt-br\/wp-json\/wp\/v2\/types\/page"}],"author":[{"embeddable":true,"href":"https:\/\/arkmeds.com\/pt-br\/wp-json\/wp\/v2\/users\/1"}],"replies":[{"embeddable":true,"href":"https:\/\/arkmeds.com\/pt-br\/wp-json\/wp\/v2\/comments?post=13304"}],"version-history":[{"count":8,"href":"https:\/\/arkmeds.com\/pt-br\/wp-json\/wp\/v2\/pages\/13304\/revisions"}],"predecessor-version":[{"id":14065,"href":"https:\/\/arkmeds.com\/pt-br\/wp-json\/wp\/v2\/pages\/13304\/revisions\/14065"}],"wp:attachment":[{"href":"https:\/\/arkmeds.com\/pt-br\/wp-json\/wp\/v2\/media?parent=13304"}],"curies":[{"name":"wp","href":"https:\/\/api.w.org\/{rel}","templated":true}]}}