{"id":13322,"date":"2025-10-23T13:39:27","date_gmt":"2025-10-23T16:39:27","guid":{"rendered":"https:\/\/arkmeds.com\/?page_id=13322"},"modified":"2026-02-26T12:15:43","modified_gmt":"2026-02-26T15:15:43","slug":"politica-de-privacidade","status":"publish","type":"page","link":"https:\/\/arkmeds.com\/pt-br\/politica-de-privacidade\/","title":{"rendered":""},"content":{"rendered":"<h2>Pol\u00edtica de Privacidade<\/h2>\n<p dir=\"ltr\" style=\"line-height: 1.3799999713897704; margin-top: 0pt; margin-bottom: 12pt;\">Esta Pol\u00edtica de Privacidade descreve como a Arkmeds coleta, usa e compartilha informa\u00e7\u00f5es sobre voc\u00ea atrav\u00e9s do nosso aplicativo de integra\u00e7\u00e3o interna chamado \"Conex\u00e3o CRM Arkmeds\", que se conecta com os servi\u00e7os da Meta (Facebook e Instagram).<\/p>\n<p dir=\"ltr\" style=\"line-height: 1.3799999713897704; margin-top: 0pt; margin-bottom: 12pt;\">N\u00f3s respeitamos sua privacidade e estamos comprometidos em proteger seus dados pessoais em conformidade com a Lei Geral de Prote\u00e7\u00e3o de Dados (LGPD &#8211; Lei n\u00ba 13.709\/2018) do Brasil.<\/p>\n<h3 dir=\"ltr\" style=\"line-height: 1.3799999713897704; margin-top: 0pt; margin-bottom: 6pt;\">1. O Controlador dos Dados<\/h3>\n<p dir=\"ltr\" style=\"line-height: 1.3799999713897704; margin-top: 0pt; margin-bottom: 0pt;\">Os dados pessoais coletados s\u00e3o controlados por: Arkmeds Solucoes Tecnologicas LTDA<\/p>\n<p dir=\"ltr\" style=\"line-height: 1.3799999713897704; margin-top: 0pt; margin-bottom: 0pt;\">CNPJ: 22.168.141\/0001-50<\/p>\n<p><b id=\"docs-internal-guid-01a75295-7fff-ed3a-ecd2-c051c0c6e20e\" style=\"font-weight: normal;\">\u00a0<\/b><\/p>\n<h3 dir=\"ltr\" style=\"line-height: 1.3799999713897704; margin-top: 0pt; margin-bottom: 6pt;\">2. Quais Dados Coletamos<\/h3>\n<p dir=\"ltr\" style=\"line-height: 1.3799999713897704; margin-top: 0pt; margin-bottom: 12pt;\">Nosso Aplicativo tem a fun\u00e7\u00e3o espec\u00edfica de processar os dados que voc\u00ea voluntariamente fornece ao preencher nossos formul\u00e1rios de lead em an\u00fancios veiculados nas plataformas da Meta (Facebook e Instagram).<\/p>\n<p dir=\"ltr\" style=\"line-height: 1.3799999713897704; margin-top: 0pt; margin-bottom: 6pt;\">As informa\u00e7\u00f5es que coletamos podem incluir, mas n\u00e3o se limitam a:<\/p>\n<ul style=\"margin-top: 0; margin-bottom: 0; padding-inline-start: 48px;\">\n<li dir=\"ltr\" style=\"list-style-type: disc; font-size: 11pt; font-family: Arial,sans-serif; color: #000000; background-color: transparent; font-weight: 400; font-style: normal; font-variant: normal; text-decoration: none; vertical-align: baseline; white-space: pre; margin-left: -12.75pt;\" aria-level=\"1\">\n<p dir=\"ltr\" style=\"line-height: 1.3799999713897704; margin-top: 0pt; margin-bottom: 0pt;\" role=\"presentation\">Nome completo;<\/p>\n<\/li>\n<li dir=\"ltr\" style=\"list-style-type: disc; font-size: 11pt; font-family: Arial,sans-serif; color: #000000; background-color: transparent; font-weight: 400; font-style: normal; font-variant: normal; text-decoration: none; vertical-align: baseline; white-space: pre; margin-left: -12.75pt;\" aria-level=\"1\">\n<p dir=\"ltr\" style=\"line-height: 1.3799999713897704; margin-top: 0pt; margin-bottom: 0pt;\" role=\"presentation\">Endere\u00e7o de e-mail;<\/p>\n<\/li>\n<li dir=\"ltr\" style=\"list-style-type: disc; font-size: 11pt; font-family: Arial,sans-serif; color: #000000; background-color: transparent; font-weight: 400; font-style: normal; font-variant: normal; text-decoration: none; vertical-align: baseline; white-space: pre; margin-left: -12.75pt;\" aria-level=\"1\">\n<p dir=\"ltr\" style=\"line-height: 1.3799999713897704; margin-top: 0pt; margin-bottom: 0pt;\" role=\"presentation\">N\u00famero de telefone;<\/p>\n<\/li>\n<li dir=\"ltr\" style=\"list-style-type: disc; font-size: 11pt; font-family: Arial,sans-serif; color: #000000; background-color: transparent; font-weight: 400; font-style: normal; font-variant: normal; text-decoration: none; vertical-align: baseline; white-space: pre; margin-left: -12.75pt;\" aria-level=\"1\">\n<p dir=\"ltr\" style=\"line-height: 1.3799999713897704; margin-top: 0pt; margin-bottom: 6pt;\" role=\"presentation\">Outras informa\u00e7\u00f5es solicitadas no formul\u00e1rio que voc\u00ea preencheu.<\/p>\n<\/li>\n<\/ul>\n<p><b style=\"font-weight: normal;\">\u00a0<\/b><\/p>\n<h3 dir=\"ltr\" style=\"line-height: 1.3799999713897704; margin-top: 6pt; margin-bottom: 6pt;\">3. Como e Por Que Usamos Seus Dados<\/h3>\n<p dir=\"ltr\" style=\"line-height: 1.3799999713897704; margin-top: 0pt; margin-bottom: 12pt;\">Utilizamos seus dados pessoais com uma finalidade \u00fanica e exclusiva: transferir suas informa\u00e7\u00f5es de contato da plataforma da Meta diretamente para nosso sistema de Gest\u00e3o de Relacionamento com o Cliente (CRM).<\/p>\n<p dir=\"ltr\" style=\"line-height: 1.3799999713897704; margin-top: 0pt; margin-bottom: 12pt;\">O prop\u00f3sito desse tratamento \u00e9 estritamente operacional e visa permitir que nossa equipe comercial entre em contato com voc\u00ea, conforme sua solicita\u00e7\u00e3o, para fornecer mais informa\u00e7\u00f5es sobre os produtos ou servi\u00e7os pelos quais voc\u00ea demonstrou interesse.<\/p>\n<p dir=\"ltr\" style=\"line-height: 1.3799999713897704; margin-top: 0pt; margin-bottom: 12pt;\">Importante: Seus dados n\u00e3o s\u00e3o utilizados para nenhuma outra finalidade. N\u00f3s n\u00e3o vendemos, alugamos ou compartilhamos suas informa\u00e7\u00f5es pessoais com terceiros para fins de marketing de terceiros.<\/p>\n<p><b style=\"font-weight: normal;\">\u00a0<\/b><\/p>\n<h3 dir=\"ltr\" style=\"line-height: 1.3799999713897704; margin-top: 0pt; margin-bottom: 6pt;\">4. Com Quem Compartilhamos Seus Dados<\/h3>\n<p dir=\"ltr\" style=\"line-height: 1.3799999713897704; margin-top: 0pt; margin-bottom: 6pt;\">Para viabilizar a automa\u00e7\u00e3o e o gerenciamento do seu contato, seus dados passam por prestadores de servi\u00e7o (operadores) que atuam em nosso nome e sob nossas instru\u00e7\u00f5es. S\u00e3o eles:<\/p>\n<ul style=\"margin-top: 0; margin-bottom: 0; padding-inline-start: 48px;\">\n<li dir=\"ltr\" style=\"list-style-type: disc; font-size: 11pt; font-family: Arial,sans-serif; color: #000000; background-color: transparent; font-weight: 400; font-style: normal; font-variant: normal; text-decoration: none; vertical-align: baseline; white-space: pre; margin-left: -12.75pt;\" aria-level=\"1\">\n<p dir=\"ltr\" style=\"line-height: 1.3799999713897704; margin-top: 0pt; margin-bottom: 0pt;\" role=\"presentation\">n8n: Plataforma de automa\u00e7\u00e3o utilizada como intermedi\u00e1ria para processar e transferir os dados com seguran\u00e7a.<\/p>\n<\/li>\n<li dir=\"ltr\" style=\"list-style-type: disc; font-size: 11pt; font-family: Arial,sans-serif; color: #000000; background-color: transparent; font-weight: 400; font-style: normal; font-variant: normal; text-decoration: none; vertical-align: baseline; white-space: pre; margin-left: -12.75pt;\" aria-level=\"1\">\n<p dir=\"ltr\" style=\"line-height: 1.3799999713897704; margin-top: 0pt; margin-bottom: 6pt;\" role=\"presentation\">Ramper Pipeline: Nosso sistema de CRM interno, onde seus dados s\u00e3o armazenados para que nossa equipe possa realizar o contato.<\/p>\n<\/li>\n<\/ul>\n<p dir=\"ltr\" style=\"line-height: 1.3799999713897704; margin-top: 6pt; margin-bottom: 12pt;\">Esses parceiros est\u00e3o contratualmente obrigados a manter a confidencialidade e a seguran\u00e7a das informa\u00e7\u00f5es compartilhadas e a utiliz\u00e1-las exclusivamente para os fins descritos nesta pol\u00edtica.<\/p>\n<h3 dir=\"ltr\" style=\"line-height: 1.3799999713897704; margin-top: 0pt; margin-bottom: 6pt;\">5. Seguran\u00e7a dos Dados<\/h3>\n<p dir=\"ltr\" style=\"line-height: 1.3799999713897704; margin-top: 0pt; margin-bottom: 12pt;\">Comprometemo-nos a adotar medidas de seguran\u00e7a t\u00e9cnicas e administrativas razo\u00e1veis para proteger seus dados pessoais contra acessos n\u00e3o autorizados, perdas, altera\u00e7\u00f5es, destrui\u00e7\u00e3o ou qualquer forma de tratamento inadequado ou il\u00edcito.<\/p>\n<h3 dir=\"ltr\" style=\"line-height: 1.3799999713897704; margin-top: 0pt; margin-bottom: 6pt;\">6. Seus Direitos como Titular dos Dados<\/h3>\n<p dir=\"ltr\" style=\"line-height: 1.3799999713897704; margin-top: 0pt; margin-bottom: 6pt;\">De acordo com a LGPD, voc\u00ea, como titular dos dados, possui o direito de:<\/p>\n<ul style=\"margin-top: 0; margin-bottom: 0; padding-inline-start: 48px;\">\n<li dir=\"ltr\" style=\"list-style-type: disc; font-size: 11pt; font-family: Arial,sans-serif; color: #000000; background-color: transparent; font-weight: 400; font-style: normal; font-variant: normal; text-decoration: none; vertical-align: baseline; white-space: pre; margin-left: -12.75pt;\" aria-level=\"1\">\n<p dir=\"ltr\" style=\"line-height: 1.3799999713897704; margin-top: 0pt; margin-bottom: 0pt;\" role=\"presentation\">Confirmar a exist\u00eancia de tratamento de seus dados;<\/p>\n<\/li>\n<li dir=\"ltr\" style=\"list-style-type: disc; font-size: 11pt; font-family: Arial,sans-serif; color: #000000; background-color: transparent; font-weight: 400; font-style: normal; font-variant: normal; text-decoration: none; vertical-align: baseline; white-space: pre; margin-left: -12.75pt;\" aria-level=\"1\">\n<p dir=\"ltr\" style=\"line-height: 1.3799999713897704; margin-top: 0pt; margin-bottom: 0pt;\" role=\"presentation\">Acessar seus dados;<\/p>\n<\/li>\n<li dir=\"ltr\" style=\"list-style-type: disc; font-size: 11pt; font-family: Arial,sans-serif; color: #000000; background-color: transparent; font-weight: 400; font-style: normal; font-variant: normal; text-decoration: none; vertical-align: baseline; white-space: pre; margin-left: -12.75pt;\" aria-level=\"1\">\n<p dir=\"ltr\" style=\"line-height: 1.3799999713897704; margin-top: 0pt; margin-bottom: 0pt;\" role=\"presentation\">Corrigir dados incompletos, inexatos ou desatualizados;<\/p>\n<\/li>\n<li dir=\"ltr\" style=\"list-style-type: disc; font-size: 11pt; font-family: Arial,sans-serif; color: #000000; background-color: transparent; font-weight: 400; font-style: normal; font-variant: normal; text-decoration: none; vertical-align: baseline; white-space: pre; margin-left: -12.75pt;\" aria-level=\"1\">\n<p dir=\"ltr\" style=\"line-height: 1.3799999713897704; margin-top: 0pt; margin-bottom: 0pt;\" role=\"presentation\">Solicitar a anonimiza\u00e7\u00e3o, bloqueio ou elimina\u00e7\u00e3o de dados desnecess\u00e1rios, excessivos ou tratados em desconformidade com a lei;<\/p>\n<\/li>\n<li dir=\"ltr\" style=\"list-style-type: disc; font-size: 11pt; font-family: Arial,sans-serif; color: #000000; background-color: transparent; font-weight: 400; font-style: normal; font-variant: normal; text-decoration: none; vertical-align: baseline; white-space: pre; margin-left: -12.75pt;\" aria-level=\"1\">\n<p dir=\"ltr\" style=\"line-height: 1.3799999713897704; margin-top: 0pt; margin-bottom: 6pt;\" role=\"presentation\">Revogar o consentimento a qualquer momento.<\/p>\n<\/li>\n<\/ul>\n<h3 dir=\"ltr\" style=\"line-height: 1.3799999713897704; margin-top: 6pt; margin-bottom: 6pt;\">7. Como Entrar em Contato<\/h3>\n<p dir=\"ltr\" style=\"line-height: 1.3799999713897704; margin-top: 0pt; margin-bottom: 12pt;\">Se voc\u00ea tiver alguma d\u00favida sobre esta Pol\u00edtica de Privacidade ou desejar exercer qualquer um de seus direitos como titular dos dados, entre em contato conosco atrav\u00e9s do nosso canal oficial:<\/p>\n<p dir=\"ltr\" style=\"line-height: 1.3799999713897704; margin-top: 0pt; margin-bottom: 12pt;\">E-mail: hilarioxavier@arkmeds.com<\/p>\n<p>\u00a0<\/p>\n<p dir=\"ltr\" style=\"line-height: 1.3799999713897704; margin-top: 0pt; margin-bottom: 12pt;\">Faremos o nosso melhor para responder \u00e0 sua solicita\u00e7\u00e3o o mais breve poss\u00edvel.<\/p>\n<p>\u00a0<\/p>\n","protected":false},"excerpt":{"rendered":"<p>Pol\u00edtica de Privacidade Esta Pol\u00edtica de Privacidade descreve como a Arkmeds coleta, usa e compartilha informa\u00e7\u00f5es sobre voc\u00ea atrav\u00e9s do nosso aplicativo de integra\u00e7\u00e3o interna chamado \"Conex\u00e3o CRM Arkmeds\", que se conecta com os servi\u00e7os da Meta (Facebook e Instagram). N\u00f3s respeitamos sua privacidade e estamos comprometidos em proteger seus dados pessoais em conformidade com [&hellip;]<\/p>\n","protected":false},"author":1,"featured_media":0,"parent":0,"menu_order":0,"comment_status":"closed","ping_status":"closed","template":"","meta":{"footnotes":""},"class_list":["post-13322","page","type-page","status-publish","hentry"],"yoast_head":"<!-- This site is optimized with the Yoast SEO plugin v26.5 - https:\/\/yoast.com\/wordpress\/plugins\/seo\/ -->\n<title>- Arkmeds<\/title>\n<meta name=\"robots\" content=\"index, follow, max-snippet:-1, max-image-preview:large, max-video-preview:-1\" \/>\n<link rel=\"canonical\" href=\"https:\/\/arkmeds.com\/pt-br\/politica-de-privacidade\/\" \/>\n<meta property=\"og:locale\" content=\"pt_BR\" \/>\n<meta property=\"og:type\" content=\"article\" \/>\n<meta property=\"og:title\" content=\"- Arkmeds\" \/>\n<meta property=\"og:description\" content=\"Pol\u00edtica de Privacidade Esta Pol\u00edtica de Privacidade descreve como a Arkmeds coleta, usa e compartilha informa\u00e7\u00f5es sobre voc\u00ea atrav\u00e9s do nosso aplicativo de integra\u00e7\u00e3o interna chamado &quot;Conex\u00e3o CRM Arkmeds&quot;, que se conecta com os servi\u00e7os da Meta (Facebook e Instagram). N\u00f3s respeitamos sua privacidade e estamos comprometidos em proteger seus dados pessoais em conformidade com [&hellip;]\" \/>\n<meta property=\"og:url\" content=\"https:\/\/arkmeds.com\/pt-br\/politica-de-privacidade\/\" \/>\n<meta property=\"og:site_name\" content=\"Arkmeds\" \/>\n<meta property=\"article:publisher\" content=\"https:\/\/www.facebook.com\/somosarkmeds\" \/>\n<meta property=\"article:modified_time\" content=\"2026-02-26T15:15:43+00:00\" \/>\n<meta name=\"twitter:card\" content=\"summary_large_image\" \/>\n<meta name=\"twitter:label1\" content=\"Est. tempo de leitura\" \/>\n\t<meta name=\"twitter:data1\" content=\"3 minutos\" \/>\n<script type=\"application\/ld+json\" class=\"yoast-schema-graph\">{\"@context\":\"https:\/\/schema.org\",\"@graph\":[{\"@type\":\"WebPage\",\"@id\":\"https:\/\/arkmeds.com\/pt-br\/politica-de-privacidade\/\",\"url\":\"https:\/\/arkmeds.com\/pt-br\/politica-de-privacidade\/\",\"name\":\"- Arkmeds\",\"isPartOf\":{\"@id\":\"https:\/\/arkmeds.com\/pt-br\/#website\"},\"datePublished\":\"2025-10-23T16:39:27+00:00\",\"dateModified\":\"2026-02-26T15:15:43+00:00\",\"inLanguage\":\"pt-BR\",\"potentialAction\":[{\"@type\":\"ReadAction\",\"target\":[\"https:\/\/arkmeds.com\/pt-br\/politica-de-privacidade\/\"]}]},{\"@type\":\"WebSite\",\"@id\":\"https:\/\/arkmeds.com\/pt-br\/#website\",\"url\":\"https:\/\/arkmeds.com\/pt-br\/\",\"name\":\"Arkmeds\",\"description\":\"Tecnologias avan\u00e7adas de gest\u00e3o para empresas em evolu\u00e7\u00e3o\",\"publisher\":{\"@id\":\"https:\/\/arkmeds.com\/pt-br\/#organization\"},\"potentialAction\":[{\"@type\":\"SearchAction\",\"target\":{\"@type\":\"EntryPoint\",\"urlTemplate\":\"https:\/\/arkmeds.com\/pt-br\/?s={search_term_string}\"},\"query-input\":{\"@type\":\"PropertyValueSpecification\",\"valueRequired\":true,\"valueName\":\"search_term_string\"}}],\"inLanguage\":\"pt-BR\"},{\"@type\":\"Organization\",\"@id\":\"https:\/\/arkmeds.com\/pt-br\/#organization\",\"name\":\"Arkmeds\",\"url\":\"https:\/\/arkmeds.com\/pt-br\/\",\"logo\":{\"@type\":\"ImageObject\",\"inLanguage\":\"pt-BR\",\"@id\":\"https:\/\/arkmeds.com\/pt-br\/#\/schema\/logo\/image\/\",\"url\":\"https:\/\/arkmeds.com\/wp-content\/uploads\/2025\/05\/logo.webp\",\"contentUrl\":\"https:\/\/arkmeds.com\/wp-content\/uploads\/2025\/05\/logo.webp\",\"width\":1100,\"height\":241,\"caption\":\"Arkmeds\"},\"image\":{\"@id\":\"https:\/\/arkmeds.com\/pt-br\/#\/schema\/logo\/image\/\"},\"sameAs\":[\"https:\/\/www.facebook.com\/somosarkmeds\",\"https:\/\/www.youtube.com\/@Arkmeds\",\"https:\/\/www.instagram.com\/somosarkmeds\/\"]}]}<\/script>\n<!-- \/ Yoast SEO plugin. -->","yoast_head_json":{"title":"- Arkmeds","robots":{"index":"index","follow":"follow","max-snippet":"max-snippet:-1","max-image-preview":"max-image-preview:large","max-video-preview":"max-video-preview:-1"},"canonical":"https:\/\/arkmeds.com\/pt-br\/politica-de-privacidade\/","og_locale":"pt_BR","og_type":"article","og_title":"- Arkmeds","og_description":"Pol\u00edtica de Privacidade Esta Pol\u00edtica de Privacidade descreve como a Arkmeds coleta, usa e compartilha informa\u00e7\u00f5es sobre voc\u00ea atrav\u00e9s do nosso aplicativo de integra\u00e7\u00e3o interna chamado \"Conex\u00e3o CRM Arkmeds\", que se conecta com os servi\u00e7os da Meta (Facebook e Instagram). N\u00f3s respeitamos sua privacidade e estamos comprometidos em proteger seus dados pessoais em conformidade com [&hellip;]","og_url":"https:\/\/arkmeds.com\/pt-br\/politica-de-privacidade\/","og_site_name":"Arkmeds","article_publisher":"https:\/\/www.facebook.com\/somosarkmeds","article_modified_time":"2026-02-26T15:15:43+00:00","twitter_card":"summary_large_image","twitter_misc":{"Est. tempo de leitura":"3 minutos"},"schema":{"@context":"https:\/\/schema.org","@graph":[{"@type":"WebPage","@id":"https:\/\/arkmeds.com\/pt-br\/politica-de-privacidade\/","url":"https:\/\/arkmeds.com\/pt-br\/politica-de-privacidade\/","name":"- Arkmeds","isPartOf":{"@id":"https:\/\/arkmeds.com\/pt-br\/#website"},"datePublished":"2025-10-23T16:39:27+00:00","dateModified":"2026-02-26T15:15:43+00:00","inLanguage":"pt-BR","potentialAction":[{"@type":"ReadAction","target":["https:\/\/arkmeds.com\/pt-br\/politica-de-privacidade\/"]}]},{"@type":"WebSite","@id":"https:\/\/arkmeds.com\/pt-br\/#website","url":"https:\/\/arkmeds.com\/pt-br\/","name":"Arkmeds","description":"Tecnologias avan\u00e7adas de gest\u00e3o para empresas em evolu\u00e7\u00e3o","publisher":{"@id":"https:\/\/arkmeds.com\/pt-br\/#organization"},"potentialAction":[{"@type":"SearchAction","target":{"@type":"EntryPoint","urlTemplate":"https:\/\/arkmeds.com\/pt-br\/?s={search_term_string}"},"query-input":{"@type":"PropertyValueSpecification","valueRequired":true,"valueName":"search_term_string"}}],"inLanguage":"pt-BR"},{"@type":"Organization","@id":"https:\/\/arkmeds.com\/pt-br\/#organization","name":"Arkmeds","url":"https:\/\/arkmeds.com\/pt-br\/","logo":{"@type":"ImageObject","inLanguage":"pt-BR","@id":"https:\/\/arkmeds.com\/pt-br\/#\/schema\/logo\/image\/","url":"https:\/\/arkmeds.com\/wp-content\/uploads\/2025\/05\/logo.webp","contentUrl":"https:\/\/arkmeds.com\/wp-content\/uploads\/2025\/05\/logo.webp","width":1100,"height":241,"caption":"Arkmeds"},"image":{"@id":"https:\/\/arkmeds.com\/pt-br\/#\/schema\/logo\/image\/"},"sameAs":["https:\/\/www.facebook.com\/somosarkmeds","https:\/\/www.youtube.com\/@Arkmeds","https:\/\/www.instagram.com\/somosarkmeds\/"]}]}},"jetpack_sharing_enabled":true,"_links":{"self":[{"href":"https:\/\/arkmeds.com\/pt-br\/wp-json\/wp\/v2\/pages\/13322","targetHints":{"allow":["GET"]}}],"collection":[{"href":"https:\/\/arkmeds.com\/pt-br\/wp-json\/wp\/v2\/pages"}],"about":[{"href":"https:\/\/arkmeds.com\/pt-br\/wp-json\/wp\/v2\/types\/page"}],"author":[{"embeddable":true,"href":"https:\/\/arkmeds.com\/pt-br\/wp-json\/wp\/v2\/users\/1"}],"replies":[{"embeddable":true,"href":"https:\/\/arkmeds.com\/pt-br\/wp-json\/wp\/v2\/comments?post=13322"}],"version-history":[{"count":5,"href":"https:\/\/arkmeds.com\/pt-br\/wp-json\/wp\/v2\/pages\/13322\/revisions"}],"predecessor-version":[{"id":13327,"href":"https:\/\/arkmeds.com\/pt-br\/wp-json\/wp\/v2\/pages\/13322\/revisions\/13327"}],"wp:attachment":[{"href":"https:\/\/arkmeds.com\/pt-br\/wp-json\/wp\/v2\/media?parent=13322"}],"curies":[{"name":"wp","href":"https:\/\/api.w.org\/{rel}","templated":true}]}}