{"id":15892,"date":"2026-04-30T14:18:26","date_gmt":"2026-04-30T17:18:26","guid":{"rendered":"https:\/\/arkmeds.com\/?page_id=15892"},"modified":"2026-05-01T00:00:25","modified_gmt":"2026-05-01T03:00:25","slug":"trabalhe-conosco","status":"publish","type":"page","link":"https:\/\/arkmeds.com\/pt-br\/trabalhe-conosco\/","title":{"rendered":"Trabalhe Conosco"},"content":{"rendered":"\t\t<div data-elementor-type=\"wp-page\" data-elementor-id=\"15892\" class=\"elementor elementor-15892\" data-elementor-post-type=\"page\">\n\t\t\t\t<div class=\"elementor-element elementor-element-8a9a994 e-flex e-con-boxed e-con e-parent\" data-id=\"8a9a994\" data-element_type=\"container\" data-e-type=\"container\" data-settings=\"{&quot;background_background&quot;:&quot;classic&quot;}\">\n\t\t\t\t\t<div class=\"e-con-inner\">\n\t\t\t\t<div class=\"elementor-element elementor-element-91b3bc8 elementor-widget elementor-widget-heading\" data-id=\"91b3bc8\" data-element_type=\"widget\" data-e-type=\"widget\" data-widget_type=\"heading.default\">\n\t\t\t\t\t<h2 class=\"elementor-heading-title elementor-size-default\">TRABALHE CONOSCO<\/h2>\t\t\t\t<\/div>\n\t\t\t\t\t<\/div>\n\t\t\t\t<\/div>\n\t\t<div class=\"elementor-element elementor-element-fcb460b e-flex e-con-boxed e-con e-parent\" data-id=\"fcb460b\" data-element_type=\"container\" data-e-type=\"container\">\n\t\t\t\t\t<div class=\"e-con-inner\">\n\t\t\t\t<div class=\"elementor-element elementor-element-cfb04d7 elementor-widget elementor-widget-text-editor\" data-id=\"cfb04d7\" data-element_type=\"widget\" data-e-type=\"widget\" data-widget_type=\"text-editor.default\">\n\t\t\t\t\t\t\t\t\t<p>A Arkmeds est\u00e1 sempre em busca de profissionais que queiram contribuir de forma efetiva e inovadora, logo promovemos oportunidades para que todos possam desenvolver seus potenciais.<\/p><p>N\u00f3s nos preocupamos com a valoriza\u00e7\u00e3o de todos, e sempre com esfor\u00e7os cont\u00ednuos na capacita\u00e7\u00e3o de nossos colaboradores para atingir os objetivos do nosso neg\u00f3cio.<\/p>\t\t\t\t\t\t\t\t<\/div>\n\t\t<div class=\"elementor-element elementor-element-b448449 e-con-full e-flex e-con e-child\" data-id=\"b448449\" data-element_type=\"container\" data-e-type=\"container\">\n\t\t<div class=\"elementor-element elementor-element-63befa5 e-con-full e-flex e-con e-child\" data-id=\"63befa5\" data-element_type=\"container\" data-e-type=\"container\">\n\t\t\t\t<div class=\"elementor-element elementor-element-ac29912 elementor-widget elementor-widget-image\" data-id=\"ac29912\" data-element_type=\"widget\" data-e-type=\"widget\" data-widget_type=\"image.default\">\n\t\t\t\t\t\t\t\t\t\t\t\t\t\t\t<img fetchpriority=\"high\" decoding=\"async\" width=\"800\" height=\"532\" src=\"https:\/\/arkmeds.com\/wp-content\/uploads\/2026\/04\/Captura-de-Tela-2026-04-30-as-23.54.31-1024x681.png\" class=\"attachment-large size-large wp-image-15912\" alt=\"\" srcset=\"https:\/\/arkmeds.com\/wp-content\/uploads\/2026\/04\/Captura-de-Tela-2026-04-30-as-23.54.31-1024x681.png 1024w, https:\/\/arkmeds.com\/wp-content\/uploads\/2026\/04\/Captura-de-Tela-2026-04-30-as-23.54.31-300x200.png 300w, https:\/\/arkmeds.com\/wp-content\/uploads\/2026\/04\/Captura-de-Tela-2026-04-30-as-23.54.31-768x511.png 768w, https:\/\/arkmeds.com\/wp-content\/uploads\/2026\/04\/Captura-de-Tela-2026-04-30-as-23.54.31-1536x1022.png 1536w, https:\/\/arkmeds.com\/wp-content\/uploads\/2026\/04\/Captura-de-Tela-2026-04-30-as-23.54.31-2048x1362.png 2048w, https:\/\/arkmeds.com\/wp-content\/uploads\/2026\/04\/Captura-de-Tela-2026-04-30-as-23.54.31-600x399.png 600w\" sizes=\"(max-width: 800px) 100vw, 800px\" \/>\t\t\t\t\t\t\t\t\t\t\t\t\t\t\t<\/div>\n\t\t\t\t<\/div>\n\t\t<div class=\"elementor-element elementor-element-a013b2e e-con-full e-flex e-con e-child\" data-id=\"a013b2e\" data-element_type=\"container\" data-e-type=\"container\">\n\t\t\t\t<div class=\"elementor-element elementor-element-4b3b7fe elementor-button-align-stretch elementor-widget elementor-widget-form\" data-id=\"4b3b7fe\" data-element_type=\"widget\" data-e-type=\"widget\" data-settings=\"{&quot;step_next_label&quot;:&quot;Pr\\u00f3ximo&quot;,&quot;step_previous_label&quot;:&quot;Anterior&quot;,&quot;button_width&quot;:&quot;100&quot;,&quot;step_type&quot;:&quot;number_text&quot;,&quot;step_icon_shape&quot;:&quot;circle&quot;}\" data-widget_type=\"form.default\">\n\t\t\t\t\t\t\t<form class=\"elementor-form\" method=\"post\" name=\"Novo formul\u00e1rio\" aria-label=\"Novo formul\u00e1rio\">\n\t\t\t<input type=\"hidden\" name=\"post_id\" value=\"15892\"\/>\n\t\t\t<input type=\"hidden\" name=\"form_id\" value=\"4b3b7fe\"\/>\n\t\t\t<input type=\"hidden\" name=\"referer_title\" value=\"Trabalhe Conosco - Arkmeds\" \/>\n\n\t\t\t\t\t\t\t<input type=\"hidden\" name=\"queried_id\" value=\"15892\"\/>\n\t\t\t\n\t\t\t<div class=\"elementor-form-fields-wrapper elementor-labels-above\">\n\t\t\t\t\t\t\t\t<div class=\"elementor-field-type-text elementor-field-group elementor-column elementor-field-group-name elementor-col-100 elementor-field-required\">\n\t\t\t\t\t\t\t\t\t\t\t\t<label for=\"form-field-name\" class=\"elementor-field-label\">\n\t\t\t\t\t\t\t\tNome\t\t\t\t\t\t\t<\/label>\n\t\t\t\t\t\t\t\t\t\t\t\t\t\t<input size=\"1\" type=\"text\" name=\"form_fields[name]\" id=\"form-field-name\" class=\"elementor-field elementor-size-sm  elementor-field-textual\" placeholder=\"Nome\" required=\"required\">\n\t\t\t\t\t\t\t\t\t\t\t<\/div>\n\t\t\t\t\t\t\t\t<div class=\"elementor-field-type-text elementor-field-group elementor-column elementor-field-group-field_113e717 elementor-col-100 elementor-field-required\">\n\t\t\t\t\t\t\t\t\t\t\t\t<label for=\"form-field-field_113e717\" class=\"elementor-field-label\">\n\t\t\t\t\t\t\t\tTelefone\t\t\t\t\t\t\t<\/label>\n\t\t\t\t\t\t\t\t\t\t\t\t\t\t<input size=\"1\" type=\"text\" name=\"form_fields[field_113e717]\" id=\"form-field-field_113e717\" class=\"elementor-field elementor-size-sm  elementor-field-textual\" placeholder=\"Telefone e\/ou Whatsapp\" required=\"required\">\n\t\t\t\t\t\t\t\t\t\t\t<\/div>\n\t\t\t\t\t\t\t\t<div class=\"elementor-field-type-email elementor-field-group elementor-column elementor-field-group-email elementor-col-100 elementor-field-required\">\n\t\t\t\t\t\t\t\t\t\t\t\t<label for=\"form-field-email\" class=\"elementor-field-label\">\n\t\t\t\t\t\t\t\tE-mail\t\t\t\t\t\t\t<\/label>\n\t\t\t\t\t\t\t\t\t\t\t\t\t\t<input size=\"1\" type=\"email\" name=\"form_fields[email]\" id=\"form-field-email\" class=\"elementor-field elementor-size-sm  elementor-field-textual\" placeholder=\"Seu melhor e-mail\" required=\"required\">\n\t\t\t\t\t\t\t\t\t\t\t<\/div>\n\t\t\t\t\t\t\t\t<div class=\"elementor-field-type-select elementor-field-group elementor-column elementor-field-group-field_4353485 elementor-col-100 elementor-field-required\">\n\t\t\t\t\t\t\t\t\t\t\t\t<label for=\"form-field-field_4353485\" class=\"elementor-field-label\">\n\t\t\t\t\t\t\t\tGrau de forma\u00e7\u00e3o\t\t\t\t\t\t\t<\/label>\n\t\t\t\t\t\t\t\t<div class=\"elementor-field elementor-select-wrapper remove-before \">\n\t\t\t<div class=\"select-caret-down-wrapper\">\n\t\t\t\t<svg aria-hidden=\"true\" class=\"e-font-icon-svg e-eicon-caret-down\" viewBox=\"0 0 571.4 571.4\" xmlns=\"http:\/\/www.w3.org\/2000\/svg\"><path d=\"M571 393Q571 407 561 418L311 668Q300 679 286 679T261 668L11 418Q0 407 0 393T11 368 36 357H536Q550 357 561 368T571 393Z\"><\/path><\/svg>\t\t\t<\/div>\n\t\t\t<select name=\"form_fields[field_4353485]\" id=\"form-field-field_4353485\" class=\"elementor-field-textual elementor-size-sm\" required=\"required\">\n\t\t\t\t\t\t\t\t\t<option value=\"T\u00e9cnologo\">T\u00e9cnologo<\/option>\n\t\t\t\t\t\t\t\t\t<option value=\"Bacharelado\">Bacharelado<\/option>\n\t\t\t\t\t\t\t\t\t<option value=\"Licenciatura\">Licenciatura<\/option>\n\t\t\t\t\t\t\t\t\t<option value=\"Especializa\u00e7\u00e3o\">Especializa\u00e7\u00e3o<\/option>\n\t\t\t\t\t\t\t\t\t<option value=\"Mestrado\">Mestrado<\/option>\n\t\t\t\t\t\t\t\t\t<option value=\"Doutorado\">Doutorado<\/option>\n\t\t\t\t\t\t\t\t\t<option value=\"Outro\">Outro<\/option>\n\t\t\t\t\t\t\t<\/select>\n\t\t<\/div>\n\t\t\t\t\t\t<\/div>\n\t\t\t\t\t\t\t\t<div class=\"elementor-field-type-upload elementor-field-group elementor-column elementor-field-group-field_c0c1c60 elementor-col-100 elementor-field-required\">\n\t\t\t\t\t\t\t\t\t\t\t\t<label for=\"form-field-field_c0c1c60\" class=\"elementor-field-label\">\n\t\t\t\t\t\t\t\tEnvie-nos seu curr\u00edculo\t\t\t\t\t\t\t<\/label>\n\t\t\t\t\t\t\t\t<input type=\"file\" name=\"form_fields[field_c0c1c60]\" id=\"form-field-field_c0c1c60\" class=\"elementor-field elementor-size-sm  elementor-upload-field\" required=\"required\">\n\n\t\t\t\t\t\t<\/div>\n\t\t\t\t\t\t\t\t<div class=\"elementor-field-group elementor-column elementor-field-type-submit elementor-col-100 e-form__buttons\">\n\t\t\t\t\t<button class=\"elementor-button elementor-size-sm\" type=\"submit\">\n\t\t\t\t\t\t<span class=\"elementor-button-content-wrapper\">\n\t\t\t\t\t\t\t\t\t\t\t\t\t\t\t\t\t\t\t\t\t\t<span class=\"elementor-button-text\">ENVIAR CURR\u00cdCULO<\/span>\n\t\t\t\t\t\t\t\t\t\t\t\t\t<\/span>\n\t\t\t\t\t<\/button>\n\t\t\t\t<\/div>\n\t\t\t<\/div>\n\t\t<\/form>\n\t\t\t\t\t\t<\/div>\n\t\t\t\t<\/div>\n\t\t\t\t<\/div>\n\t\t\t\t\t<\/div>\n\t\t\t\t<\/div>\n\t\t<div class=\"elementor-element elementor-element-2f3d6e6 e-flex e-con-boxed e-con e-parent\" data-id=\"2f3d6e6\" data-element_type=\"container\" data-e-type=\"container\">\n\t\t\t\t\t<div class=\"e-con-inner\">\n\t\t<div class=\"elementor-element elementor-element-d8d6e11 e-con-full e-flex e-con e-child\" data-id=\"d8d6e11\" data-element_type=\"container\" data-e-type=\"container\">\n\t\t\t\t<div class=\"elementor-element elementor-element-2052699 elementor-widget elementor-widget-heading\" data-id=\"2052699\" data-element_type=\"widget\" data-e-type=\"widget\" data-widget_type=\"heading.default\">\n\t\t\t\t\t<h2 class=\"elementor-heading-title elementor-size-default\">Estudantes<\/h2>\t\t\t\t<\/div>\n\t\t\t\t<div class=\"elementor-element elementor-element-dbda23d elementor-widget elementor-widget-text-editor\" data-id=\"dbda23d\" data-element_type=\"widget\" data-e-type=\"widget\" data-widget_type=\"text-editor.default\">\n\t\t\t\t\t\t\t\t\t<p>Caso voc\u00ea seja estudante, temos tamb\u00e9m a oportunidade para realiza\u00e7\u00e3o do seu est\u00e1gio. Envie seu curr\u00edculo para:<\/p><p><span style=\"text-decoration: underline;\"><a href=\"mailto:erika.faria@arkmeds.com\">erika.faria@arkmeds.com<\/a><\/span><\/p><p>com assunto <strong>EST\u00c1GIO<\/strong>, ou preencha o formul\u00e1rio acima.<\/p>\t\t\t\t\t\t\t\t<\/div>\n\t\t\t\t<\/div>\n\t\t<div class=\"elementor-element elementor-element-1bd74c9 e-con-full e-flex e-con e-child\" data-id=\"1bd74c9\" data-element_type=\"container\" data-e-type=\"container\">\n\t\t\t\t<div class=\"elementor-element elementor-element-1b35a21 elementor-widget elementor-widget-heading\" data-id=\"1b35a21\" data-element_type=\"widget\" data-e-type=\"widget\" data-widget_type=\"heading.default\">\n\t\t\t\t\t<h2 class=\"elementor-heading-title elementor-size-default\">Programa Menor\/Jovem Aprendiz<\/h2>\t\t\t\t<\/div>\n\t\t\t\t<div class=\"elementor-element elementor-element-112a598 elementor-widget elementor-widget-text-editor\" data-id=\"112a598\" data-element_type=\"widget\" data-e-type=\"widget\" data-widget_type=\"text-editor.default\">\n\t\t\t\t\t\t\t\t\t<p>A Arkmeds promove a inser\u00e7\u00e3o social de jovens com idade de 14 a 24 anos. Para maiores informa\u00e7\u00f5es, favor entrar em contato conosco, atrav\u00e9s do e-mail:<\/p><p><span style=\"text-decoration: underline;\"><a href=\"mailto:erika.faria@arkmeds.com\">erika.faria@arkmeds.com<\/a><\/span><\/p><p>ou preencha o formul\u00e1rio acima.<\/p>\t\t\t\t\t\t\t\t<\/div>\n\t\t\t\t<\/div>\n\t\t\t\t\t<\/div>\n\t\t\t\t<\/div>\n\t\t\t\t<\/div>\n\t\t","protected":false},"excerpt":{"rendered":"<p>TRABALHE CONOSCO A Arkmeds est\u00e1 sempre em busca de profissionais que queiram contribuir de forma efetiva e inovadora, logo promovemos oportunidades para que todos possam desenvolver seus potenciais. N\u00f3s nos preocupamos com a valoriza\u00e7\u00e3o de todos, e sempre com esfor\u00e7os cont\u00ednuos na capacita\u00e7\u00e3o de nossos colaboradores para atingir os objetivos do nosso neg\u00f3cio. Estudantes Caso [&hellip;]<\/p>\n","protected":false},"author":1,"featured_media":0,"parent":0,"menu_order":0,"comment_status":"closed","ping_status":"closed","template":"","meta":{"footnotes":""},"class_list":["post-15892","page","type-page","status-publish","hentry"],"yoast_head":"<!-- This site is optimized with the Yoast SEO plugin v26.5 - https:\/\/yoast.com\/wordpress\/plugins\/seo\/ -->\n<title>Trabalhe Conosco - Arkmeds<\/title>\n<meta name=\"robots\" content=\"index, follow, max-snippet:-1, max-image-preview:large, max-video-preview:-1\" \/>\n<link rel=\"canonical\" href=\"https:\/\/arkmeds.com\/pt-br\/trabalhe-conosco\/\" \/>\n<meta property=\"og:locale\" content=\"pt_BR\" \/>\n<meta property=\"og:type\" content=\"article\" \/>\n<meta property=\"og:title\" content=\"Trabalhe Conosco - Arkmeds\" \/>\n<meta property=\"og:description\" content=\"TRABALHE CONOSCO A Arkmeds est\u00e1 sempre em busca de profissionais que queiram contribuir de forma efetiva e inovadora, logo promovemos oportunidades para que todos possam desenvolver seus potenciais. N\u00f3s nos preocupamos com a valoriza\u00e7\u00e3o de todos, e sempre com esfor\u00e7os cont\u00ednuos na capacita\u00e7\u00e3o de nossos colaboradores para atingir os objetivos do nosso neg\u00f3cio. Estudantes Caso [&hellip;]\" \/>\n<meta property=\"og:url\" content=\"https:\/\/arkmeds.com\/pt-br\/trabalhe-conosco\/\" \/>\n<meta property=\"og:site_name\" content=\"Arkmeds\" \/>\n<meta property=\"article:publisher\" content=\"https:\/\/www.facebook.com\/somosarkmeds\" \/>\n<meta property=\"article:modified_time\" content=\"2026-05-01T03:00:25+00:00\" \/>\n<meta property=\"og:image\" content=\"https:\/\/arkmeds.com\/wp-content\/uploads\/2026\/04\/Captura-de-Tela-2026-04-30-as-23.54.31-1024x681.png\" \/>\n<meta name=\"twitter:card\" content=\"summary_large_image\" \/>\n<meta name=\"twitter:label1\" content=\"Est. tempo de leitura\" \/>\n\t<meta name=\"twitter:data1\" content=\"1 minuto\" \/>\n<script type=\"application\/ld+json\" class=\"yoast-schema-graph\">{\"@context\":\"https:\/\/schema.org\",\"@graph\":[{\"@type\":\"WebPage\",\"@id\":\"https:\/\/arkmeds.com\/pt-br\/trabalhe-conosco\/\",\"url\":\"https:\/\/arkmeds.com\/pt-br\/trabalhe-conosco\/\",\"name\":\"Trabalhe Conosco - Arkmeds\",\"isPartOf\":{\"@id\":\"https:\/\/arkmeds.com\/pt-br\/#website\"},\"primaryImageOfPage\":{\"@id\":\"https:\/\/arkmeds.com\/pt-br\/trabalhe-conosco\/#primaryimage\"},\"image\":{\"@id\":\"https:\/\/arkmeds.com\/pt-br\/trabalhe-conosco\/#primaryimage\"},\"thumbnailUrl\":\"https:\/\/arkmeds.com\/wp-content\/uploads\/2026\/04\/Captura-de-Tela-2026-04-30-as-23.54.31-1024x681.png\",\"datePublished\":\"2026-04-30T17:18:26+00:00\",\"dateModified\":\"2026-05-01T03:00:25+00:00\",\"breadcrumb\":{\"@id\":\"https:\/\/arkmeds.com\/pt-br\/trabalhe-conosco\/#breadcrumb\"},\"inLanguage\":\"pt-BR\",\"potentialAction\":[{\"@type\":\"ReadAction\",\"target\":[\"https:\/\/arkmeds.com\/pt-br\/trabalhe-conosco\/\"]}]},{\"@type\":\"ImageObject\",\"inLanguage\":\"pt-BR\",\"@id\":\"https:\/\/arkmeds.com\/pt-br\/trabalhe-conosco\/#primaryimage\",\"url\":\"https:\/\/arkmeds.com\/wp-content\/uploads\/2026\/04\/Captura-de-Tela-2026-04-30-as-23.54.31-1024x681.png\",\"contentUrl\":\"https:\/\/arkmeds.com\/wp-content\/uploads\/2026\/04\/Captura-de-Tela-2026-04-30-as-23.54.31-1024x681.png\"},{\"@type\":\"BreadcrumbList\",\"@id\":\"https:\/\/arkmeds.com\/pt-br\/trabalhe-conosco\/#breadcrumb\",\"itemListElement\":[{\"@type\":\"ListItem\",\"position\":1,\"name\":\"In\u00edcio\",\"item\":\"https:\/\/arkmeds.com\/pt-br\/\"},{\"@type\":\"ListItem\",\"position\":2,\"name\":\"Trabalhe Conosco\"}]},{\"@type\":\"WebSite\",\"@id\":\"https:\/\/arkmeds.com\/pt-br\/#website\",\"url\":\"https:\/\/arkmeds.com\/pt-br\/\",\"name\":\"Arkmeds\",\"description\":\"Gest\u00e3o de Ativos e Engenharia Cl\u00ednica Inteligente\",\"publisher\":{\"@id\":\"https:\/\/arkmeds.com\/pt-br\/#organization\"},\"potentialAction\":[{\"@type\":\"SearchAction\",\"target\":{\"@type\":\"EntryPoint\",\"urlTemplate\":\"https:\/\/arkmeds.com\/pt-br\/?s={search_term_string}\"},\"query-input\":{\"@type\":\"PropertyValueSpecification\",\"valueRequired\":true,\"valueName\":\"search_term_string\"}}],\"inLanguage\":\"pt-BR\"},{\"@type\":\"Organization\",\"@id\":\"https:\/\/arkmeds.com\/pt-br\/#organization\",\"name\":\"Arkmeds\",\"url\":\"https:\/\/arkmeds.com\/pt-br\/\",\"logo\":{\"@type\":\"ImageObject\",\"inLanguage\":\"pt-BR\",\"@id\":\"https:\/\/arkmeds.com\/pt-br\/#\/schema\/logo\/image\/\",\"url\":\"https:\/\/arkmeds.com\/wp-content\/uploads\/2025\/05\/logo.webp\",\"contentUrl\":\"https:\/\/arkmeds.com\/wp-content\/uploads\/2025\/05\/logo.webp\",\"width\":1100,\"height\":241,\"caption\":\"Arkmeds\"},\"image\":{\"@id\":\"https:\/\/arkmeds.com\/pt-br\/#\/schema\/logo\/image\/\"},\"sameAs\":[\"https:\/\/www.facebook.com\/somosarkmeds\",\"https:\/\/www.youtube.com\/@Arkmeds\",\"https:\/\/www.instagram.com\/somosarkmeds\/\"]}]}<\/script>\n<!-- \/ Yoast SEO plugin. -->","yoast_head_json":{"title":"Trabalhe Conosco - Arkmeds","robots":{"index":"index","follow":"follow","max-snippet":"max-snippet:-1","max-image-preview":"max-image-preview:large","max-video-preview":"max-video-preview:-1"},"canonical":"https:\/\/arkmeds.com\/pt-br\/trabalhe-conosco\/","og_locale":"pt_BR","og_type":"article","og_title":"Trabalhe Conosco - Arkmeds","og_description":"TRABALHE CONOSCO A Arkmeds est\u00e1 sempre em busca de profissionais que queiram contribuir de forma efetiva e inovadora, logo promovemos oportunidades para que todos possam desenvolver seus potenciais. N\u00f3s nos preocupamos com a valoriza\u00e7\u00e3o de todos, e sempre com esfor\u00e7os cont\u00ednuos na capacita\u00e7\u00e3o de nossos colaboradores para atingir os objetivos do nosso neg\u00f3cio. Estudantes Caso [&hellip;]","og_url":"https:\/\/arkmeds.com\/pt-br\/trabalhe-conosco\/","og_site_name":"Arkmeds","article_publisher":"https:\/\/www.facebook.com\/somosarkmeds","article_modified_time":"2026-05-01T03:00:25+00:00","og_image":[{"url":"https:\/\/arkmeds.com\/wp-content\/uploads\/2026\/04\/Captura-de-Tela-2026-04-30-as-23.54.31-1024x681.png","type":"","width":"","height":""}],"twitter_card":"summary_large_image","twitter_misc":{"Est. tempo de leitura":"1 minuto"},"schema":{"@context":"https:\/\/schema.org","@graph":[{"@type":"WebPage","@id":"https:\/\/arkmeds.com\/pt-br\/trabalhe-conosco\/","url":"https:\/\/arkmeds.com\/pt-br\/trabalhe-conosco\/","name":"Trabalhe Conosco - Arkmeds","isPartOf":{"@id":"https:\/\/arkmeds.com\/pt-br\/#website"},"primaryImageOfPage":{"@id":"https:\/\/arkmeds.com\/pt-br\/trabalhe-conosco\/#primaryimage"},"image":{"@id":"https:\/\/arkmeds.com\/pt-br\/trabalhe-conosco\/#primaryimage"},"thumbnailUrl":"https:\/\/arkmeds.com\/wp-content\/uploads\/2026\/04\/Captura-de-Tela-2026-04-30-as-23.54.31-1024x681.png","datePublished":"2026-04-30T17:18:26+00:00","dateModified":"2026-05-01T03:00:25+00:00","breadcrumb":{"@id":"https:\/\/arkmeds.com\/pt-br\/trabalhe-conosco\/#breadcrumb"},"inLanguage":"pt-BR","potentialAction":[{"@type":"ReadAction","target":["https:\/\/arkmeds.com\/pt-br\/trabalhe-conosco\/"]}]},{"@type":"ImageObject","inLanguage":"pt-BR","@id":"https:\/\/arkmeds.com\/pt-br\/trabalhe-conosco\/#primaryimage","url":"https:\/\/arkmeds.com\/wp-content\/uploads\/2026\/04\/Captura-de-Tela-2026-04-30-as-23.54.31-1024x681.png","contentUrl":"https:\/\/arkmeds.com\/wp-content\/uploads\/2026\/04\/Captura-de-Tela-2026-04-30-as-23.54.31-1024x681.png"},{"@type":"BreadcrumbList","@id":"https:\/\/arkmeds.com\/pt-br\/trabalhe-conosco\/#breadcrumb","itemListElement":[{"@type":"ListItem","position":1,"name":"In\u00edcio","item":"https:\/\/arkmeds.com\/pt-br\/"},{"@type":"ListItem","position":2,"name":"Trabalhe Conosco"}]},{"@type":"WebSite","@id":"https:\/\/arkmeds.com\/pt-br\/#website","url":"https:\/\/arkmeds.com\/pt-br\/","name":"Arkmeds","description":"Gest\u00e3o de Ativos e Engenharia Cl\u00ednica Inteligente","publisher":{"@id":"https:\/\/arkmeds.com\/pt-br\/#organization"},"potentialAction":[{"@type":"SearchAction","target":{"@type":"EntryPoint","urlTemplate":"https:\/\/arkmeds.com\/pt-br\/?s={search_term_string}"},"query-input":{"@type":"PropertyValueSpecification","valueRequired":true,"valueName":"search_term_string"}}],"inLanguage":"pt-BR"},{"@type":"Organization","@id":"https:\/\/arkmeds.com\/pt-br\/#organization","name":"Arkmeds","url":"https:\/\/arkmeds.com\/pt-br\/","logo":{"@type":"ImageObject","inLanguage":"pt-BR","@id":"https:\/\/arkmeds.com\/pt-br\/#\/schema\/logo\/image\/","url":"https:\/\/arkmeds.com\/wp-content\/uploads\/2025\/05\/logo.webp","contentUrl":"https:\/\/arkmeds.com\/wp-content\/uploads\/2025\/05\/logo.webp","width":1100,"height":241,"caption":"Arkmeds"},"image":{"@id":"https:\/\/arkmeds.com\/pt-br\/#\/schema\/logo\/image\/"},"sameAs":["https:\/\/www.facebook.com\/somosarkmeds","https:\/\/www.youtube.com\/@Arkmeds","https:\/\/www.instagram.com\/somosarkmeds\/"]}]}},"jetpack_sharing_enabled":true,"_links":{"self":[{"href":"https:\/\/arkmeds.com\/pt-br\/wp-json\/wp\/v2\/pages\/15892","targetHints":{"allow":["GET"]}}],"collection":[{"href":"https:\/\/arkmeds.com\/pt-br\/wp-json\/wp\/v2\/pages"}],"about":[{"href":"https:\/\/arkmeds.com\/pt-br\/wp-json\/wp\/v2\/types\/page"}],"author":[{"embeddable":true,"href":"https:\/\/arkmeds.com\/pt-br\/wp-json\/wp\/v2\/users\/1"}],"replies":[{"embeddable":true,"href":"https:\/\/arkmeds.com\/pt-br\/wp-json\/wp\/v2\/comments?post=15892"}],"version-history":[{"count":19,"href":"https:\/\/arkmeds.com\/pt-br\/wp-json\/wp\/v2\/pages\/15892\/revisions"}],"predecessor-version":[{"id":15915,"href":"https:\/\/arkmeds.com\/pt-br\/wp-json\/wp\/v2\/pages\/15892\/revisions\/15915"}],"wp:attachment":[{"href":"https:\/\/arkmeds.com\/pt-br\/wp-json\/wp\/v2\/media?parent=15892"}],"curies":[{"name":"wp","href":"https:\/\/api.w.org\/{rel}","templated":true}]}}