{"id":999,"date":"2025-07-18T23:12:10","date_gmt":"2025-07-18T23:12:10","guid":{"rendered":"https:\/\/arkmeds.com\/?page_id=999"},"modified":"2025-07-18T23:12:10","modified_gmt":"2025-07-18T23:12:10","slug":"cursos","status":"publish","type":"page","link":"https:\/\/arkmeds.com\/pt-br\/cursos\/","title":{"rendered":"Cat\u00e1logo de cursos"},"content":{"rendered":"","protected":false},"excerpt":{"rendered":"","protected":false},"author":1,"featured_media":0,"parent":0,"menu_order":0,"comment_status":"closed","ping_status":"closed","template":"","meta":{"footnotes":""},"class_list":["post-999","page","type-page","status-publish","hentry"],"yoast_head":"<!-- This site is optimized with the Yoast SEO plugin v26.5 - https:\/\/yoast.com\/wordpress\/plugins\/seo\/ -->\n<title>Cat\u00e1logo de cursos - Arkmeds<\/title>\n<meta name=\"robots\" content=\"index, follow, max-snippet:-1, max-image-preview:large, max-video-preview:-1\" \/>\n<link rel=\"canonical\" href=\"https:\/\/arkmeds.com\/pt-br\/cursos\/\" \/>\n<meta property=\"og:locale\" content=\"pt_BR\" \/>\n<meta property=\"og:type\" content=\"article\" \/>\n<meta property=\"og:title\" content=\"Cat\u00e1logo de cursos - Arkmeds\" \/>\n<meta property=\"og:url\" content=\"https:\/\/arkmeds.com\/pt-br\/cursos\/\" \/>\n<meta property=\"og:site_name\" content=\"Arkmeds\" \/>\n<meta property=\"article:publisher\" content=\"https:\/\/www.facebook.com\/somosarkmeds\" \/>\n<meta name=\"twitter:card\" content=\"summary_large_image\" \/>\n<script type=\"application\/ld+json\" class=\"yoast-schema-graph\">{\"@context\":\"https:\/\/schema.org\",\"@graph\":[{\"@type\":\"WebPage\",\"@id\":\"https:\/\/arkmeds.com\/pt-br\/cursos\/\",\"url\":\"https:\/\/arkmeds.com\/pt-br\/cursos\/\",\"name\":\"Cat\u00e1logo de cursos - Arkmeds\",\"isPartOf\":{\"@id\":\"https:\/\/arkmeds.com\/pt-br\/#website\"},\"datePublished\":\"2025-07-18T23:12:10+00:00\",\"breadcrumb\":{\"@id\":\"https:\/\/arkmeds.com\/pt-br\/cursos\/#breadcrumb\"},\"inLanguage\":\"pt-BR\",\"potentialAction\":[{\"@type\":\"ReadAction\",\"target\":[\"https:\/\/arkmeds.com\/pt-br\/cursos\/\"]}]},{\"@type\":\"BreadcrumbList\",\"@id\":\"https:\/\/arkmeds.com\/pt-br\/cursos\/#breadcrumb\",\"itemListElement\":[{\"@type\":\"ListItem\",\"position\":1,\"name\":\"In\u00edcio\",\"item\":\"https:\/\/arkmeds.com\/pt-br\/\"},{\"@type\":\"ListItem\",\"position\":2,\"name\":\"Cat\u00e1logo de cursos\"}]},{\"@type\":\"WebSite\",\"@id\":\"https:\/\/arkmeds.com\/pt-br\/#website\",\"url\":\"https:\/\/arkmeds.com\/pt-br\/\",\"name\":\"Arkmeds\",\"description\":\"Tecnologias avan\u00e7adas de gest\u00e3o para empresas em evolu\u00e7\u00e3o\",\"publisher\":{\"@id\":\"https:\/\/arkmeds.com\/pt-br\/#organization\"},\"potentialAction\":[{\"@type\":\"SearchAction\",\"target\":{\"@type\":\"EntryPoint\",\"urlTemplate\":\"https:\/\/arkmeds.com\/pt-br\/?s={search_term_string}\"},\"query-input\":{\"@type\":\"PropertyValueSpecification\",\"valueRequired\":true,\"valueName\":\"search_term_string\"}}],\"inLanguage\":\"pt-BR\"},{\"@type\":\"Organization\",\"@id\":\"https:\/\/arkmeds.com\/pt-br\/#organization\",\"name\":\"Arkmeds\",\"url\":\"https:\/\/arkmeds.com\/pt-br\/\",\"logo\":{\"@type\":\"ImageObject\",\"inLanguage\":\"pt-BR\",\"@id\":\"https:\/\/arkmeds.com\/pt-br\/#\/schema\/logo\/image\/\",\"url\":\"https:\/\/arkmeds.com\/wp-content\/uploads\/2025\/05\/logo.webp\",\"contentUrl\":\"https:\/\/arkmeds.com\/wp-content\/uploads\/2025\/05\/logo.webp\",\"width\":1100,\"height\":241,\"caption\":\"Arkmeds\"},\"image\":{\"@id\":\"https:\/\/arkmeds.com\/pt-br\/#\/schema\/logo\/image\/\"},\"sameAs\":[\"https:\/\/www.facebook.com\/somosarkmeds\",\"https:\/\/www.youtube.com\/@Arkmeds\",\"https:\/\/www.instagram.com\/somosarkmeds\/\"]}]}<\/script>\n<!-- \/ Yoast SEO plugin. -->","yoast_head_json":{"title":"Cat\u00e1logo de cursos - Arkmeds","robots":{"index":"index","follow":"follow","max-snippet":"max-snippet:-1","max-image-preview":"max-image-preview:large","max-video-preview":"max-video-preview:-1"},"canonical":"https:\/\/arkmeds.com\/pt-br\/cursos\/","og_locale":"pt_BR","og_type":"article","og_title":"Cat\u00e1logo de cursos - Arkmeds","og_url":"https:\/\/arkmeds.com\/pt-br\/cursos\/","og_site_name":"Arkmeds","article_publisher":"https:\/\/www.facebook.com\/somosarkmeds","twitter_card":"summary_large_image","schema":{"@context":"https:\/\/schema.org","@graph":[{"@type":"WebPage","@id":"https:\/\/arkmeds.com\/pt-br\/cursos\/","url":"https:\/\/arkmeds.com\/pt-br\/cursos\/","name":"Cat\u00e1logo de cursos - Arkmeds","isPartOf":{"@id":"https:\/\/arkmeds.com\/pt-br\/#website"},"datePublished":"2025-07-18T23:12:10+00:00","breadcrumb":{"@id":"https:\/\/arkmeds.com\/pt-br\/cursos\/#breadcrumb"},"inLanguage":"pt-BR","potentialAction":[{"@type":"ReadAction","target":["https:\/\/arkmeds.com\/pt-br\/cursos\/"]}]},{"@type":"BreadcrumbList","@id":"https:\/\/arkmeds.com\/pt-br\/cursos\/#breadcrumb","itemListElement":[{"@type":"ListItem","position":1,"name":"In\u00edcio","item":"https:\/\/arkmeds.com\/pt-br\/"},{"@type":"ListItem","position":2,"name":"Cat\u00e1logo de cursos"}]},{"@type":"WebSite","@id":"https:\/\/arkmeds.com\/pt-br\/#website","url":"https:\/\/arkmeds.com\/pt-br\/","name":"Arkmeds","description":"Tecnologias avan\u00e7adas de gest\u00e3o para empresas em evolu\u00e7\u00e3o","publisher":{"@id":"https:\/\/arkmeds.com\/pt-br\/#organization"},"potentialAction":[{"@type":"SearchAction","target":{"@type":"EntryPoint","urlTemplate":"https:\/\/arkmeds.com\/pt-br\/?s={search_term_string}"},"query-input":{"@type":"PropertyValueSpecification","valueRequired":true,"valueName":"search_term_string"}}],"inLanguage":"pt-BR"},{"@type":"Organization","@id":"https:\/\/arkmeds.com\/pt-br\/#organization","name":"Arkmeds","url":"https:\/\/arkmeds.com\/pt-br\/","logo":{"@type":"ImageObject","inLanguage":"pt-BR","@id":"https:\/\/arkmeds.com\/pt-br\/#\/schema\/logo\/image\/","url":"https:\/\/arkmeds.com\/wp-content\/uploads\/2025\/05\/logo.webp","contentUrl":"https:\/\/arkmeds.com\/wp-content\/uploads\/2025\/05\/logo.webp","width":1100,"height":241,"caption":"Arkmeds"},"image":{"@id":"https:\/\/arkmeds.com\/pt-br\/#\/schema\/logo\/image\/"},"sameAs":["https:\/\/www.facebook.com\/somosarkmeds","https:\/\/www.youtube.com\/@Arkmeds","https:\/\/www.instagram.com\/somosarkmeds\/"]}]}},"jetpack_sharing_enabled":true,"_links":{"self":[{"href":"https:\/\/arkmeds.com\/pt-br\/wp-json\/wp\/v2\/pages\/999","targetHints":{"allow":["GET"]}}],"collection":[{"href":"https:\/\/arkmeds.com\/pt-br\/wp-json\/wp\/v2\/pages"}],"about":[{"href":"https:\/\/arkmeds.com\/pt-br\/wp-json\/wp\/v2\/types\/page"}],"author":[{"embeddable":true,"href":"https:\/\/arkmeds.com\/pt-br\/wp-json\/wp\/v2\/users\/1"}],"replies":[{"embeddable":true,"href":"https:\/\/arkmeds.com\/pt-br\/wp-json\/wp\/v2\/comments?post=999"}],"version-history":[{"count":0,"href":"https:\/\/arkmeds.com\/pt-br\/wp-json\/wp\/v2\/pages\/999\/revisions"}],"wp:attachment":[{"href":"https:\/\/arkmeds.com\/pt-br\/wp-json\/wp\/v2\/media?parent=999"}],"curies":[{"name":"wp","href":"https:\/\/api.w.org\/{rel}","templated":true}]}}