{"id":14687,"date":"2026-02-06T10:28:53","date_gmt":"2026-02-06T13:28:53","guid":{"rendered":"https:\/\/arkmeds.com\/produto\/inteligencia-artificial-na-saude-e-na-gestao-de-tecnologias-medicas\/"},"modified":"2026-04-07T14:33:25","modified_gmt":"2026-04-07T17:33:25","slug":"inteligencia-artificial-na-saude-e-na-gestao-de-tecnologias-medicas","status":"publish","type":"product","link":"https:\/\/arkmeds.com\/pt-br\/produto\/inteligencia-artificial-na-saude-e-na-gestao-de-tecnologias-medicas\/","title":{"rendered":"Intelig\u00eancia Artificial  na Sa\u00fade e na Gest\u00e3o de Tecnologias M\u00e9dicas"},"content":{"rendered":"<h3 data-path-to-node=\"13\"><b data-path-to-node=\"13\" data-index-in-node=\"0\">A Intelig\u00eancia Artificial j\u00e1 chegou ao hospital. Voc\u00ea est\u00e1 no comando ou apenas observando?<\/b><\/h3>\n<p data-path-to-node=\"14\">O setor da sa\u00fade est\u00e1 sendo inundado por promessas de \"IA Revolucion\u00e1ria\". Para o Engenheiro Cl\u00ednico e o Gestor de Inova\u00e7\u00e3o, isso traz um desafio: <b data-path-to-node=\"14\" data-index-in-node=\"147\">como separar o hype da aplica\u00e7\u00e3o real?<\/b><\/p>\n<p data-path-to-node=\"15\">Esta Imers\u00e3o \u00e9 o \u00fanico treinamento que une a profundidade t\u00e9cnica da Ci\u00eancia de Dados com a rotina pr\u00e1tica da Engenharia Cl\u00ednica. N\u00e3o vamos ensinar voc\u00ea a programar, vamos ensinar voc\u00ea a <b data-path-to-node=\"15\" data-index-in-node=\"187\">gerenciar, validar e automatizar.<\/b><\/p>\n<hr data-path-to-node=\"16\" \/>\n<h3 data-path-to-node=\"17\"><b data-path-to-node=\"17\" data-index-in-node=\"0\">O Que Voc\u00ea Vai Aprender (Cronograma Estrat\u00e9gico):<\/b><\/h3>\n<ul data-path-to-node=\"18\">\n<li>\n<p data-path-to-node=\"18,0,0\"><b data-path-to-node=\"18,0,0\" data-index-in-node=\"0\">M\u00f3dulos 1 ao 3: O Alicerce T\u00e9cnico<\/b> Entenda a taxonomia da IA, os tipos de dados biom\u00e9dicos e a manuten\u00e7\u00e3o preditiva em dispositivos m\u00e9dicos (Digital Twins). Aprenda a validar m\u00e9tricas de desempenho para n\u00e3o ser enganado por fornecedores.<\/p>\n<\/li>\n<li>\n<p data-path-to-node=\"18,1,0\"><b data-path-to-node=\"18,1,0\" data-index-in-node=\"0\">M\u00f3dulos 4 e 5: Governan\u00e7a e Estrat\u00e9gia<\/b> Lidere a implanta\u00e7\u00e3o de IA com foco em riscos, ciberseguran\u00e7a e conformidade regulat\u00f3ria (ANVISA\/LGPD). O guia definitivo para interoperabilidade e tecnovigil\u00e2ncia.<\/p>\n<\/li>\n<li>\n<p data-path-to-node=\"18,2,0\"><b data-path-to-node=\"18,2,0\" data-index-in-node=\"0\">M\u00f3dulos 6 ao 8: Produtividade e \"M\u00e3o na Massa\"<\/b> Aprenda Engenharia de Prompts para documentos t\u00e9cnicos e use ferramentas Low-Code\/No-Code (Zapier, Make) para criar automa\u00e7\u00f5es que economizam horas de trabalho semanal.<\/p>\n<\/li>\n<li>\n<p data-path-to-node=\"18,3,0\"><b data-path-to-node=\"18,3,0\" data-index-in-node=\"0\">M\u00f3dulo 9: Seu Roadmap de Carreira<\/b> Sess\u00e3o ao vivo para criar seu plano de a\u00e7\u00e3o pessoal e institucional para os pr\u00f3ximos 5 anos.<\/p>\n<\/li>\n<\/ul>\n<hr data-path-to-node=\"19\" \/>\n<h3 data-path-to-node=\"20\"><b data-path-to-node=\"20\" data-index-in-node=\"0\">Para quem \u00e9 esta Imers\u00e3o?<\/b><\/h3>\n<ol start=\"1\" data-path-to-node=\"21\">\n<li>\n<p data-path-to-node=\"21,0,0\"><b data-path-to-node=\"21,0,0\" data-index-in-node=\"0\">Engenheiros Cl\u00ednicos e Gestores:<\/b> Que sofrem com excesso de burocracia e querem usar a IA para ganhar tempo e autoridade estrat\u00e9gica.<\/p>\n<\/li>\n<li>\n<p data-path-to-node=\"21,1,0\"><b data-path-to-node=\"21,1,0\" data-index-in-node=\"0\">Compradores e Gestores de Inova\u00e7\u00e3o:<\/b> Que precisam validar investimentos em tecnologias caras e evitar o \"AI Washing\" dos fabricantes.<\/p>\n<\/li>\n<\/ol>\n<hr data-path-to-node=\"22\" \/>\n<h3 data-path-to-node=\"23\"><b data-path-to-node=\"23\" data-index-in-node=\"0\">O Que Est\u00e1 Incluso:<\/b><\/h3>\n<ul data-path-to-node=\"24\">\n<li>\n<p data-path-to-node=\"24,0,0\"><b data-path-to-node=\"24,0,0\" data-index-in-node=\"0\">14 Horas de Conte\u00fado Gravado:<\/b> Assista no seu ritmo.<\/p>\n<\/li>\n<li>\n<p data-path-to-node=\"24,1,0\"><b data-path-to-node=\"24,1,0\" data-index-in-node=\"0\">02 Encontros Ao Vivo (4h total):<\/b> Mentoria direta para tirar d\u00favidas e aplicar o conhecimento.<\/p>\n<\/li>\n<li>\n<p data-path-to-node=\"24,2,0\"><b data-path-to-node=\"24,2,0\" data-index-in-node=\"0\">Material de Apoio:<\/b> Templates de prompts e guias de valida\u00e7\u00e3o.<\/p>\n<\/li>\n<li>\n<p data-path-to-node=\"24,3,0\"><b data-path-to-node=\"24,3,0\" data-index-in-node=\"0\">Certificado de Conclus\u00e3o.<\/b><\/p>\n<\/li>\n<\/ul>\n","protected":false},"excerpt":{"rendered":"<p data-path-to-node=\"7\">Domine a Intelig\u00eancia Artificial aplicada \u00e0 realidade dos servi\u00e7os de sa\u00fade. Esta imers\u00e3o exclusiva de <b data-path-to-node=\"7\" data-index-in-node=\"110\">18 horas<\/b> foi desenhada para profissionais que precisam liderar a transforma\u00e7\u00e3o digital, otimizar processos de manuten\u00e7\u00e3o e validar tecnologias de ponta sem complica\u00e7\u00e3o.<\/p>\n<ul data-path-to-node=\"8\">\n<li>\n<p data-path-to-node=\"8,0,0\"><b data-path-to-node=\"8,0,0\" data-index-in-node=\"0\">Aumente sua produtividade:<\/b> Aprenda a automatizar relat\u00f3rios e pareceres t\u00e9cnicos com IA Generativa.<\/p>\n<\/li>\n<li>\n<p data-path-to-node=\"8,1,0\"><b data-path-to-node=\"8,1,0\" data-index-in-node=\"0\">Decis\u00f5es com Embasamento:<\/b> Saiba diferenciar o \"marketing da IA\" da tecnologia real em dispositivos m\u00e9dicos.<\/p>\n<\/li>\n<li>\n<p data-path-to-node=\"8,2,0\"><b data-path-to-node=\"8,2,0\" data-index-in-node=\"0\">Seguran\u00e7a e Compliance:<\/b> Domine as normas da ANVISA, LGPD e interoperabilidade (HL7\/FHIR).<\/p>\n<\/li>\n<li>\n<p data-path-to-node=\"8,3,0\"><b data-path-to-node=\"8,3,0\" data-index-in-node=\"0\">Praticidade Total:<\/b> 14h de conte\u00fado gravado + 4h de mentorias ao vivo para plano de a\u00e7\u00e3o real.<\/p>\n<\/li>\n<\/ul>\n<p data-path-to-node=\"9\"><b data-path-to-node=\"9\" data-index-in-node=\"0\">Pare de perder tempo com tarefas manuais e torne-se o especialista que o mercado de sa\u00fade busca hoje.<\/b><\/p>\n<div style=\"padding: 75% 0 0 0; position: relative;\"><iframe style=\"position: absolute; top: 0; left: 0; width: 100%; height: 100%;\" title=\"Video Anne\" src=\"https:\/\/player.vimeo.com\/video\/1166386149?badge=0&amp;autopause=0&amp;player_id=0&amp;app_id=58479\" frameborder=\"0\"><\/iframe><\/div>\n<p><script src=\"https:\/\/player.vimeo.com\/api\/player.js\"><\/script><\/p>\n","protected":false},"featured_media":15418,"comment_status":"open","ping_status":"closed","template":"","meta":[],"product_brand":[],"product_cat":[272],"product_tag":[],"class_list":{"0":"post-14687","1":"product","2":"type-product","3":"status-publish","4":"has-post-thumbnail","6":"product_cat-cursos_livres","8":"first","9":"instock","10":"sale","11":"shipping-taxable","12":"purchasable","13":"product-type-simple"},"yoast_head":"<!-- This site is optimized with the Yoast SEO plugin v26.5 - https:\/\/yoast.com\/wordpress\/plugins\/seo\/ -->\n<title>Intelig\u00eancia Artificial na Sa\u00fade e na Gest\u00e3o de Tecnologias M\u00e9dicas - Arkmeds<\/title>\n<meta name=\"robots\" content=\"index, follow, max-snippet:-1, max-image-preview:large, max-video-preview:-1\" \/>\n<link rel=\"canonical\" href=\"https:\/\/arkmeds.com\/pt-br\/produto\/inteligencia-artificial-na-saude-e-na-gestao-de-tecnologias-medicas\/\" \/>\n<meta property=\"og:locale\" content=\"pt_BR\" \/>\n<meta property=\"og:type\" content=\"article\" \/>\n<meta property=\"og:title\" content=\"Intelig\u00eancia Artificial na Sa\u00fade e na Gest\u00e3o de Tecnologias M\u00e9dicas - Arkmeds\" \/>\n<meta property=\"og:description\" content=\"Domine a Intelig\u00eancia Artificial aplicada \u00e0 realidade dos servi\u00e7os de sa\u00fade. Esta imers\u00e3o exclusiva de 18 horas foi desenhada para profissionais que precisam liderar a transforma\u00e7\u00e3o digital, otimizar processos de manuten\u00e7\u00e3o e validar tecnologias de ponta sem complica\u00e7\u00e3o.     Aumente sua produtividade: Aprenda a automatizar relat\u00f3rios e pareceres t\u00e9cnicos com IA Generativa.    Decis\u00f5es com Embasamento: Saiba diferenciar o &quot;marketing da IA&quot; da tecnologia real em dispositivos m\u00e9dicos.    Seguran\u00e7a e Compliance: Domine as normas da ANVISA, LGPD e interoperabilidade (HL7\/FHIR).    Praticidade Total: 14h de conte\u00fado gravado + 4h de mentorias ao vivo para plano de a\u00e7\u00e3o real.   Pare de perder tempo com tarefas manuais e torne-se o especialista que o mercado de sa\u00fade busca hoje.\" \/>\n<meta property=\"og:url\" content=\"https:\/\/arkmeds.com\/pt-br\/produto\/inteligencia-artificial-na-saude-e-na-gestao-de-tecnologias-medicas\/\" \/>\n<meta property=\"og:site_name\" content=\"Arkmeds\" \/>\n<meta property=\"article:publisher\" content=\"https:\/\/www.facebook.com\/somosarkmeds\" \/>\n<meta property=\"article:modified_time\" content=\"2026-04-07T17:33:25+00:00\" \/>\n<meta property=\"og:image\" content=\"https:\/\/arkmeds.com\/wp-content\/uploads\/2026\/02\/4.png\" \/>\n\t<meta property=\"og:image:width\" content=\"500\" \/>\n\t<meta property=\"og:image:height\" content=\"570\" \/>\n\t<meta property=\"og:image:type\" content=\"image\/png\" \/>\n<meta name=\"twitter:card\" content=\"summary_large_image\" \/>\n<meta name=\"twitter:label1\" content=\"Est. tempo de leitura\" \/>\n\t<meta name=\"twitter:data1\" content=\"2 minutos\" \/>\n<script type=\"application\/ld+json\" class=\"yoast-schema-graph\">{\"@context\":\"https:\/\/schema.org\",\"@graph\":[{\"@type\":\"WebPage\",\"@id\":\"https:\/\/arkmeds.com\/pt-br\/produto\/inteligencia-artificial-na-saude-e-na-gestao-de-tecnologias-medicas\/\",\"url\":\"https:\/\/arkmeds.com\/pt-br\/produto\/inteligencia-artificial-na-saude-e-na-gestao-de-tecnologias-medicas\/\",\"name\":\"Intelig\u00eancia Artificial na Sa\u00fade e na Gest\u00e3o de Tecnologias M\u00e9dicas - Arkmeds\",\"isPartOf\":{\"@id\":\"https:\/\/arkmeds.com\/pt-br\/#website\"},\"primaryImageOfPage\":{\"@id\":\"https:\/\/arkmeds.com\/pt-br\/produto\/inteligencia-artificial-na-saude-e-na-gestao-de-tecnologias-medicas\/#primaryimage\"},\"image\":{\"@id\":\"https:\/\/arkmeds.com\/pt-br\/produto\/inteligencia-artificial-na-saude-e-na-gestao-de-tecnologias-medicas\/#primaryimage\"},\"thumbnailUrl\":\"https:\/\/arkmeds.com\/wp-content\/uploads\/2026\/02\/4.png\",\"datePublished\":\"2026-02-06T13:28:53+00:00\",\"dateModified\":\"2026-04-07T17:33:25+00:00\",\"breadcrumb\":{\"@id\":\"https:\/\/arkmeds.com\/pt-br\/produto\/inteligencia-artificial-na-saude-e-na-gestao-de-tecnologias-medicas\/#breadcrumb\"},\"inLanguage\":\"pt-BR\",\"potentialAction\":[{\"@type\":\"ReadAction\",\"target\":[\"https:\/\/arkmeds.com\/pt-br\/produto\/inteligencia-artificial-na-saude-e-na-gestao-de-tecnologias-medicas\/\"]}]},{\"@type\":\"ImageObject\",\"inLanguage\":\"pt-BR\",\"@id\":\"https:\/\/arkmeds.com\/pt-br\/produto\/inteligencia-artificial-na-saude-e-na-gestao-de-tecnologias-medicas\/#primaryimage\",\"url\":\"https:\/\/arkmeds.com\/wp-content\/uploads\/2026\/02\/4.png\",\"contentUrl\":\"https:\/\/arkmeds.com\/wp-content\/uploads\/2026\/02\/4.png\",\"width\":500,\"height\":570},{\"@type\":\"BreadcrumbList\",\"@id\":\"https:\/\/arkmeds.com\/pt-br\/produto\/inteligencia-artificial-na-saude-e-na-gestao-de-tecnologias-medicas\/#breadcrumb\",\"itemListElement\":[{\"@type\":\"ListItem\",\"position\":1,\"name\":\"In\u00edcio\",\"item\":\"https:\/\/arkmeds.com\/pt-br\/\"},{\"@type\":\"ListItem\",\"position\":2,\"name\":\"Loja\",\"item\":\"https:\/\/arkmeds.com\/pt-br\/loja\/\"},{\"@type\":\"ListItem\",\"position\":3,\"name\":\"Intelig\u00eancia Artificial na Sa\u00fade e na Gest\u00e3o de Tecnologias M\u00e9dicas\"}]},{\"@type\":\"WebSite\",\"@id\":\"https:\/\/arkmeds.com\/pt-br\/#website\",\"url\":\"https:\/\/arkmeds.com\/pt-br\/\",\"name\":\"Arkmeds\",\"description\":\"Gest\u00e3o de Ativos e Engenharia Cl\u00ednica Inteligente\",\"publisher\":{\"@id\":\"https:\/\/arkmeds.com\/pt-br\/#organization\"},\"potentialAction\":[{\"@type\":\"SearchAction\",\"target\":{\"@type\":\"EntryPoint\",\"urlTemplate\":\"https:\/\/arkmeds.com\/pt-br\/?s={search_term_string}\"},\"query-input\":{\"@type\":\"PropertyValueSpecification\",\"valueRequired\":true,\"valueName\":\"search_term_string\"}}],\"inLanguage\":\"pt-BR\"},{\"@type\":\"Organization\",\"@id\":\"https:\/\/arkmeds.com\/pt-br\/#organization\",\"name\":\"Arkmeds\",\"url\":\"https:\/\/arkmeds.com\/pt-br\/\",\"logo\":{\"@type\":\"ImageObject\",\"inLanguage\":\"pt-BR\",\"@id\":\"https:\/\/arkmeds.com\/pt-br\/#\/schema\/logo\/image\/\",\"url\":\"https:\/\/arkmeds.com\/wp-content\/uploads\/2025\/05\/logo.webp\",\"contentUrl\":\"https:\/\/arkmeds.com\/wp-content\/uploads\/2025\/05\/logo.webp\",\"width\":1100,\"height\":241,\"caption\":\"Arkmeds\"},\"image\":{\"@id\":\"https:\/\/arkmeds.com\/pt-br\/#\/schema\/logo\/image\/\"},\"sameAs\":[\"https:\/\/www.facebook.com\/somosarkmeds\",\"https:\/\/www.youtube.com\/@Arkmeds\",\"https:\/\/www.instagram.com\/somosarkmeds\/\"]}]}<\/script>\n<!-- \/ Yoast SEO plugin. -->","yoast_head_json":{"title":"Intelig\u00eancia Artificial na Sa\u00fade e na Gest\u00e3o de Tecnologias M\u00e9dicas - Arkmeds","robots":{"index":"index","follow":"follow","max-snippet":"max-snippet:-1","max-image-preview":"max-image-preview:large","max-video-preview":"max-video-preview:-1"},"canonical":"https:\/\/arkmeds.com\/pt-br\/produto\/inteligencia-artificial-na-saude-e-na-gestao-de-tecnologias-medicas\/","og_locale":"pt_BR","og_type":"article","og_title":"Intelig\u00eancia Artificial na Sa\u00fade e na Gest\u00e3o de Tecnologias M\u00e9dicas - Arkmeds","og_description":"Domine a Intelig\u00eancia Artificial aplicada \u00e0 realidade dos servi\u00e7os de sa\u00fade. Esta imers\u00e3o exclusiva de 18 horas foi desenhada para profissionais que precisam liderar a transforma\u00e7\u00e3o digital, otimizar processos de manuten\u00e7\u00e3o e validar tecnologias de ponta sem complica\u00e7\u00e3o.     Aumente sua produtividade: Aprenda a automatizar relat\u00f3rios e pareceres t\u00e9cnicos com IA Generativa.    Decis\u00f5es com Embasamento: Saiba diferenciar o \"marketing da IA\" da tecnologia real em dispositivos m\u00e9dicos.    Seguran\u00e7a e Compliance: Domine as normas da ANVISA, LGPD e interoperabilidade (HL7\/FHIR).    Praticidade Total: 14h de conte\u00fado gravado + 4h de mentorias ao vivo para plano de a\u00e7\u00e3o real.   Pare de perder tempo com tarefas manuais e torne-se o especialista que o mercado de sa\u00fade busca hoje.","og_url":"https:\/\/arkmeds.com\/pt-br\/produto\/inteligencia-artificial-na-saude-e-na-gestao-de-tecnologias-medicas\/","og_site_name":"Arkmeds","article_publisher":"https:\/\/www.facebook.com\/somosarkmeds","article_modified_time":"2026-04-07T17:33:25+00:00","og_image":[{"width":500,"height":570,"url":"https:\/\/arkmeds.com\/wp-content\/uploads\/2026\/02\/4.png","type":"image\/png"}],"twitter_card":"summary_large_image","twitter_misc":{"Est. tempo de leitura":"2 minutos"},"schema":{"@context":"https:\/\/schema.org","@graph":[{"@type":"WebPage","@id":"https:\/\/arkmeds.com\/pt-br\/produto\/inteligencia-artificial-na-saude-e-na-gestao-de-tecnologias-medicas\/","url":"https:\/\/arkmeds.com\/pt-br\/produto\/inteligencia-artificial-na-saude-e-na-gestao-de-tecnologias-medicas\/","name":"Intelig\u00eancia Artificial na Sa\u00fade e na Gest\u00e3o de Tecnologias M\u00e9dicas - Arkmeds","isPartOf":{"@id":"https:\/\/arkmeds.com\/pt-br\/#website"},"primaryImageOfPage":{"@id":"https:\/\/arkmeds.com\/pt-br\/produto\/inteligencia-artificial-na-saude-e-na-gestao-de-tecnologias-medicas\/#primaryimage"},"image":{"@id":"https:\/\/arkmeds.com\/pt-br\/produto\/inteligencia-artificial-na-saude-e-na-gestao-de-tecnologias-medicas\/#primaryimage"},"thumbnailUrl":"https:\/\/arkmeds.com\/wp-content\/uploads\/2026\/02\/4.png","datePublished":"2026-02-06T13:28:53+00:00","dateModified":"2026-04-07T17:33:25+00:00","breadcrumb":{"@id":"https:\/\/arkmeds.com\/pt-br\/produto\/inteligencia-artificial-na-saude-e-na-gestao-de-tecnologias-medicas\/#breadcrumb"},"inLanguage":"pt-BR","potentialAction":[{"@type":"ReadAction","target":["https:\/\/arkmeds.com\/pt-br\/produto\/inteligencia-artificial-na-saude-e-na-gestao-de-tecnologias-medicas\/"]}]},{"@type":"ImageObject","inLanguage":"pt-BR","@id":"https:\/\/arkmeds.com\/pt-br\/produto\/inteligencia-artificial-na-saude-e-na-gestao-de-tecnologias-medicas\/#primaryimage","url":"https:\/\/arkmeds.com\/wp-content\/uploads\/2026\/02\/4.png","contentUrl":"https:\/\/arkmeds.com\/wp-content\/uploads\/2026\/02\/4.png","width":500,"height":570},{"@type":"BreadcrumbList","@id":"https:\/\/arkmeds.com\/pt-br\/produto\/inteligencia-artificial-na-saude-e-na-gestao-de-tecnologias-medicas\/#breadcrumb","itemListElement":[{"@type":"ListItem","position":1,"name":"In\u00edcio","item":"https:\/\/arkmeds.com\/pt-br\/"},{"@type":"ListItem","position":2,"name":"Loja","item":"https:\/\/arkmeds.com\/pt-br\/loja\/"},{"@type":"ListItem","position":3,"name":"Intelig\u00eancia Artificial na Sa\u00fade e na Gest\u00e3o de Tecnologias M\u00e9dicas"}]},{"@type":"WebSite","@id":"https:\/\/arkmeds.com\/pt-br\/#website","url":"https:\/\/arkmeds.com\/pt-br\/","name":"Arkmeds","description":"Gest\u00e3o de Ativos e Engenharia Cl\u00ednica Inteligente","publisher":{"@id":"https:\/\/arkmeds.com\/pt-br\/#organization"},"potentialAction":[{"@type":"SearchAction","target":{"@type":"EntryPoint","urlTemplate":"https:\/\/arkmeds.com\/pt-br\/?s={search_term_string}"},"query-input":{"@type":"PropertyValueSpecification","valueRequired":true,"valueName":"search_term_string"}}],"inLanguage":"pt-BR"},{"@type":"Organization","@id":"https:\/\/arkmeds.com\/pt-br\/#organization","name":"Arkmeds","url":"https:\/\/arkmeds.com\/pt-br\/","logo":{"@type":"ImageObject","inLanguage":"pt-BR","@id":"https:\/\/arkmeds.com\/pt-br\/#\/schema\/logo\/image\/","url":"https:\/\/arkmeds.com\/wp-content\/uploads\/2025\/05\/logo.webp","contentUrl":"https:\/\/arkmeds.com\/wp-content\/uploads\/2025\/05\/logo.webp","width":1100,"height":241,"caption":"Arkmeds"},"image":{"@id":"https:\/\/arkmeds.com\/pt-br\/#\/schema\/logo\/image\/"},"sameAs":["https:\/\/www.facebook.com\/somosarkmeds","https:\/\/www.youtube.com\/@Arkmeds","https:\/\/www.instagram.com\/somosarkmeds\/"]}]}},"jetpack_sharing_enabled":true,"_links":{"self":[{"href":"https:\/\/arkmeds.com\/pt-br\/wp-json\/wp\/v2\/product\/14687","targetHints":{"allow":["GET"]}}],"collection":[{"href":"https:\/\/arkmeds.com\/pt-br\/wp-json\/wp\/v2\/product"}],"about":[{"href":"https:\/\/arkmeds.com\/pt-br\/wp-json\/wp\/v2\/types\/product"}],"replies":[{"embeddable":true,"href":"https:\/\/arkmeds.com\/pt-br\/wp-json\/wp\/v2\/comments?post=14687"}],"wp:featuredmedia":[{"embeddable":true,"href":"https:\/\/arkmeds.com\/pt-br\/wp-json\/wp\/v2\/media\/15418"}],"wp:attachment":[{"href":"https:\/\/arkmeds.com\/pt-br\/wp-json\/wp\/v2\/media?parent=14687"}],"wp:term":[{"taxonomy":"product_brand","embeddable":true,"href":"https:\/\/arkmeds.com\/pt-br\/wp-json\/wp\/v2\/product_brand?post=14687"},{"taxonomy":"product_cat","embeddable":true,"href":"https:\/\/arkmeds.com\/pt-br\/wp-json\/wp\/v2\/product_cat?post=14687"},{"taxonomy":"product_tag","embeddable":true,"href":"https:\/\/arkmeds.com\/pt-br\/wp-json\/wp\/v2\/product_tag?post=14687"}],"curies":[{"name":"wp","href":"https:\/\/api.w.org\/{rel}","templated":true}]}}