{"id":15186,"date":"2026-03-18T05:59:15","date_gmt":"2026-03-18T08:59:15","guid":{"rendered":"https:\/\/arkmeds.com\/produto\/pos-graduacao-em-engenharia-clinica\/"},"modified":"2026-04-09T09:28:28","modified_gmt":"2026-04-09T12:28:28","slug":"pos-graduacao-em-engenharia-clinica","status":"publish","type":"product","link":"https:\/\/arkmeds.com\/pt-br\/produto\/pos-graduacao-em-engenharia-clinica\/","title":{"rendered":"P\u00f3s-Gradua\u00e7\u00e3o em Engenharia Cl\u00ednica"},"content":{"rendered":"<p>Ol\u00e1 aluno(a)!<\/p>\n<p>A crescente complexidade dos servi\u00e7os de sa\u00fade, aliada \u00e0 r\u00e1pida evolu\u00e7\u00e3o tecnol\u00f3gica, exige profissionais cada vez mais preparados para atuar de forma estrat\u00e9gica, segura e orientada a resultados. Nesse cen\u00e1rio, a Engenharia Cl\u00ednica assume um papel essencial na garantia da qualidade assistencial, na seguran\u00e7a do paciente e na efici\u00eancia operacional das institui\u00e7\u00f5es de sa\u00fade.<\/p>\n<p>A P\u00f3s-Gradua\u00e7\u00e3o em Engenharia Cl\u00ednica foi desenvolvida para formar especialistas capazes de integrar conhecimento t\u00e9cnico, vis\u00e3o gerencial e dom\u00ednio regulat\u00f3rio, preparando-os para atuar de forma protagonista na gest\u00e3o de tecnologias em sa\u00fade.<\/p>\n<p>Ao longo do curso, o aluno ser\u00e1 conduzido por uma jornada completa, que abrange desde a compreens\u00e3o dos sistemas de sa\u00fade no Brasil e no mundo at\u00e9 a gest\u00e3o avan\u00e7ada de ativos, riscos, projetos e equipes. A forma\u00e7\u00e3o tamb\u00e9m contempla fundamentos das ci\u00eancias da sa\u00fade, infraestrutura hospitalar, instrumenta\u00e7\u00e3o biom\u00e9dica e tecnologias de ponta, como imagem e diagn\u00f3stico laboratorial.<\/p>\n<p>Com uma abordagem pr\u00e1tica e orientada ao mercado, o curso desenvolve compet\u00eancias essenciais para a tomada de decis\u00e3o, avalia\u00e7\u00e3o e incorpora\u00e7\u00e3o de tecnologias, al\u00e9m de preparar o profissional para atuar com qualidade, seguran\u00e7a, compliance e sustentabilidade dentro das organiza\u00e7\u00f5es de sa\u00fade.<\/p>\n<p>Mais do que uma especializa\u00e7\u00e3o t\u00e9cnica, esta p\u00f3s-gradua\u00e7\u00e3o forma profissionais preparados para liderar transforma\u00e7\u00f5es, otimizar recursos e gerar valor real para institui\u00e7\u00f5es de sa\u00fade em um ambiente cada vez mais desafiador e competitivo.<\/p>\n<p>Se voc\u00ea busca se destacar na \u00e1rea, ampliar sua vis\u00e3o estrat\u00e9gica e assumir um papel relevante no futuro da sa\u00fade, este curso \u00e9 para voc\u00ea.<\/p>\n<p>Havendo d\u00favidas, temos um canal 100% no whatsapp, para lhe ajudar: 031 98474-5211<\/p>\n<p>Preparados ? Vamos juntos!<\/p>\n<div style=\"width: 800px;\" class=\"wp-video\"><video class=\"wp-video-shortcode\" id=\"video-15186-1\" width=\"800\" height=\"1422\" preload=\"metadata\" controls=\"controls\"><source type=\"video\/mp4\" src=\"https:\/\/arkmeds.com\/wp-content\/uploads\/2026\/03\/11071.mp4?_=1\" \/><a href=\"https:\/\/arkmeds.com\/wp-content\/uploads\/2026\/03\/11071.mp4\">https:\/\/arkmeds.com\/wp-content\/uploads\/2026\/03\/11071.mp4<\/a><\/video><\/div>\n","protected":false},"excerpt":{"rendered":"<p>Ol\u00e1 aluno(a)! A crescente complexidade dos servi\u00e7os de sa\u00fade, aliada \u00e0 r\u00e1pida evolu\u00e7\u00e3o tecnol\u00f3gica, exige profissionais cada vez mais preparados para atuar de forma estrat\u00e9gica, segura e orientada a resultados. Nesse cen\u00e1rio, a Engenharia Cl\u00ednica assume um papel essencial na garantia da qualidade assistencial, na seguran\u00e7a do paciente e na efici\u00eancia operacional das institui\u00e7\u00f5es de [&hellip;]<\/p>\n","protected":false},"featured_media":15434,"comment_status":"open","ping_status":"closed","template":"","meta":[],"product_brand":[],"product_cat":[348],"product_tag":[],"class_list":{"0":"post-15186","1":"product","2":"type-product","3":"status-publish","4":"has-post-thumbnail","6":"product_cat-pos_graduacao","8":"first","9":"instock","10":"sale","11":"shipping-taxable","12":"purchasable","13":"product-type-simple"},"yoast_head":"<!-- This site is optimized with the Yoast SEO plugin v26.5 - https:\/\/yoast.com\/wordpress\/plugins\/seo\/ -->\n<title>P\u00f3s-Gradua\u00e7\u00e3o em Engenharia Cl\u00ednica - Arkmeds<\/title>\n<meta name=\"robots\" content=\"index, follow, max-snippet:-1, max-image-preview:large, max-video-preview:-1\" \/>\n<link rel=\"canonical\" href=\"https:\/\/arkmeds.com\/pt-br\/produto\/pos-graduacao-em-engenharia-clinica\/\" \/>\n<meta property=\"og:locale\" content=\"pt_BR\" \/>\n<meta property=\"og:type\" content=\"article\" \/>\n<meta property=\"og:title\" content=\"P\u00f3s-Gradua\u00e7\u00e3o em Engenharia Cl\u00ednica - Arkmeds\" \/>\n<meta property=\"og:description\" content=\"Ol\u00e1 aluno(a)! A crescente complexidade dos servi\u00e7os de sa\u00fade, aliada \u00e0 r\u00e1pida evolu\u00e7\u00e3o tecnol\u00f3gica, exige profissionais cada vez mais preparados para atuar de forma estrat\u00e9gica, segura e orientada a resultados. Nesse cen\u00e1rio, a Engenharia Cl\u00ednica assume um papel essencial na garantia da qualidade assistencial, na seguran\u00e7a do paciente e na efici\u00eancia operacional das institui\u00e7\u00f5es de [&hellip;]\" \/>\n<meta property=\"og:url\" content=\"https:\/\/arkmeds.com\/pt-br\/produto\/pos-graduacao-em-engenharia-clinica\/\" \/>\n<meta property=\"og:site_name\" content=\"Arkmeds\" \/>\n<meta property=\"article:publisher\" content=\"https:\/\/www.facebook.com\/somosarkmeds\" \/>\n<meta property=\"article:modified_time\" content=\"2026-04-09T12:28:28+00:00\" \/>\n<meta property=\"og:image\" content=\"https:\/\/arkmeds.com\/wp-content\/uploads\/2026\/03\/6.png\" \/>\n\t<meta property=\"og:image:width\" content=\"500\" \/>\n\t<meta property=\"og:image:height\" content=\"570\" \/>\n\t<meta property=\"og:image:type\" content=\"image\/png\" \/>\n<meta name=\"twitter:card\" content=\"summary_large_image\" \/>\n<meta name=\"twitter:label1\" content=\"Est. tempo de leitura\" \/>\n\t<meta name=\"twitter:data1\" content=\"2 minutos\" \/>\n<script type=\"application\/ld+json\" class=\"yoast-schema-graph\">{\"@context\":\"https:\/\/schema.org\",\"@graph\":[{\"@type\":\"WebPage\",\"@id\":\"https:\/\/arkmeds.com\/pt-br\/produto\/pos-graduacao-em-engenharia-clinica\/\",\"url\":\"https:\/\/arkmeds.com\/pt-br\/produto\/pos-graduacao-em-engenharia-clinica\/\",\"name\":\"P\u00f3s-Gradua\u00e7\u00e3o em Engenharia Cl\u00ednica - Arkmeds\",\"isPartOf\":{\"@id\":\"https:\/\/arkmeds.com\/pt-br\/#website\"},\"primaryImageOfPage\":{\"@id\":\"https:\/\/arkmeds.com\/pt-br\/produto\/pos-graduacao-em-engenharia-clinica\/#primaryimage\"},\"image\":{\"@id\":\"https:\/\/arkmeds.com\/pt-br\/produto\/pos-graduacao-em-engenharia-clinica\/#primaryimage\"},\"thumbnailUrl\":\"https:\/\/arkmeds.com\/wp-content\/uploads\/2026\/03\/6.png\",\"datePublished\":\"2026-03-18T08:59:15+00:00\",\"dateModified\":\"2026-04-09T12:28:28+00:00\",\"breadcrumb\":{\"@id\":\"https:\/\/arkmeds.com\/pt-br\/produto\/pos-graduacao-em-engenharia-clinica\/#breadcrumb\"},\"inLanguage\":\"pt-BR\",\"potentialAction\":[{\"@type\":\"ReadAction\",\"target\":[\"https:\/\/arkmeds.com\/pt-br\/produto\/pos-graduacao-em-engenharia-clinica\/\"]}]},{\"@type\":\"ImageObject\",\"inLanguage\":\"pt-BR\",\"@id\":\"https:\/\/arkmeds.com\/pt-br\/produto\/pos-graduacao-em-engenharia-clinica\/#primaryimage\",\"url\":\"https:\/\/arkmeds.com\/wp-content\/uploads\/2026\/03\/6.png\",\"contentUrl\":\"https:\/\/arkmeds.com\/wp-content\/uploads\/2026\/03\/6.png\",\"width\":500,\"height\":570},{\"@type\":\"BreadcrumbList\",\"@id\":\"https:\/\/arkmeds.com\/pt-br\/produto\/pos-graduacao-em-engenharia-clinica\/#breadcrumb\",\"itemListElement\":[{\"@type\":\"ListItem\",\"position\":1,\"name\":\"In\u00edcio\",\"item\":\"https:\/\/arkmeds.com\/pt-br\/\"},{\"@type\":\"ListItem\",\"position\":2,\"name\":\"Loja\",\"item\":\"https:\/\/arkmeds.com\/pt-br\/loja\/\"},{\"@type\":\"ListItem\",\"position\":3,\"name\":\"P\u00f3s-Gradua\u00e7\u00e3o em Engenharia Cl\u00ednica\"}]},{\"@type\":\"WebSite\",\"@id\":\"https:\/\/arkmeds.com\/pt-br\/#website\",\"url\":\"https:\/\/arkmeds.com\/pt-br\/\",\"name\":\"Arkmeds\",\"description\":\"Gest\u00e3o de Ativos e Engenharia Cl\u00ednica Inteligente\",\"publisher\":{\"@id\":\"https:\/\/arkmeds.com\/pt-br\/#organization\"},\"potentialAction\":[{\"@type\":\"SearchAction\",\"target\":{\"@type\":\"EntryPoint\",\"urlTemplate\":\"https:\/\/arkmeds.com\/pt-br\/?s={search_term_string}\"},\"query-input\":{\"@type\":\"PropertyValueSpecification\",\"valueRequired\":true,\"valueName\":\"search_term_string\"}}],\"inLanguage\":\"pt-BR\"},{\"@type\":\"Organization\",\"@id\":\"https:\/\/arkmeds.com\/pt-br\/#organization\",\"name\":\"Arkmeds\",\"url\":\"https:\/\/arkmeds.com\/pt-br\/\",\"logo\":{\"@type\":\"ImageObject\",\"inLanguage\":\"pt-BR\",\"@id\":\"https:\/\/arkmeds.com\/pt-br\/#\/schema\/logo\/image\/\",\"url\":\"https:\/\/arkmeds.com\/wp-content\/uploads\/2025\/05\/logo.webp\",\"contentUrl\":\"https:\/\/arkmeds.com\/wp-content\/uploads\/2025\/05\/logo.webp\",\"width\":1100,\"height\":241,\"caption\":\"Arkmeds\"},\"image\":{\"@id\":\"https:\/\/arkmeds.com\/pt-br\/#\/schema\/logo\/image\/\"},\"sameAs\":[\"https:\/\/www.facebook.com\/somosarkmeds\",\"https:\/\/www.youtube.com\/@Arkmeds\",\"https:\/\/www.instagram.com\/somosarkmeds\/\"]}]}<\/script>\n<!-- \/ Yoast SEO plugin. -->","yoast_head_json":{"title":"P\u00f3s-Gradua\u00e7\u00e3o em Engenharia Cl\u00ednica - Arkmeds","robots":{"index":"index","follow":"follow","max-snippet":"max-snippet:-1","max-image-preview":"max-image-preview:large","max-video-preview":"max-video-preview:-1"},"canonical":"https:\/\/arkmeds.com\/pt-br\/produto\/pos-graduacao-em-engenharia-clinica\/","og_locale":"pt_BR","og_type":"article","og_title":"P\u00f3s-Gradua\u00e7\u00e3o em Engenharia Cl\u00ednica - Arkmeds","og_description":"Ol\u00e1 aluno(a)! A crescente complexidade dos servi\u00e7os de sa\u00fade, aliada \u00e0 r\u00e1pida evolu\u00e7\u00e3o tecnol\u00f3gica, exige profissionais cada vez mais preparados para atuar de forma estrat\u00e9gica, segura e orientada a resultados. Nesse cen\u00e1rio, a Engenharia Cl\u00ednica assume um papel essencial na garantia da qualidade assistencial, na seguran\u00e7a do paciente e na efici\u00eancia operacional das institui\u00e7\u00f5es de [&hellip;]","og_url":"https:\/\/arkmeds.com\/pt-br\/produto\/pos-graduacao-em-engenharia-clinica\/","og_site_name":"Arkmeds","article_publisher":"https:\/\/www.facebook.com\/somosarkmeds","article_modified_time":"2026-04-09T12:28:28+00:00","og_image":[{"width":500,"height":570,"url":"https:\/\/arkmeds.com\/wp-content\/uploads\/2026\/03\/6.png","type":"image\/png"}],"twitter_card":"summary_large_image","twitter_misc":{"Est. tempo de leitura":"2 minutos"},"schema":{"@context":"https:\/\/schema.org","@graph":[{"@type":"WebPage","@id":"https:\/\/arkmeds.com\/pt-br\/produto\/pos-graduacao-em-engenharia-clinica\/","url":"https:\/\/arkmeds.com\/pt-br\/produto\/pos-graduacao-em-engenharia-clinica\/","name":"P\u00f3s-Gradua\u00e7\u00e3o em Engenharia Cl\u00ednica - Arkmeds","isPartOf":{"@id":"https:\/\/arkmeds.com\/pt-br\/#website"},"primaryImageOfPage":{"@id":"https:\/\/arkmeds.com\/pt-br\/produto\/pos-graduacao-em-engenharia-clinica\/#primaryimage"},"image":{"@id":"https:\/\/arkmeds.com\/pt-br\/produto\/pos-graduacao-em-engenharia-clinica\/#primaryimage"},"thumbnailUrl":"https:\/\/arkmeds.com\/wp-content\/uploads\/2026\/03\/6.png","datePublished":"2026-03-18T08:59:15+00:00","dateModified":"2026-04-09T12:28:28+00:00","breadcrumb":{"@id":"https:\/\/arkmeds.com\/pt-br\/produto\/pos-graduacao-em-engenharia-clinica\/#breadcrumb"},"inLanguage":"pt-BR","potentialAction":[{"@type":"ReadAction","target":["https:\/\/arkmeds.com\/pt-br\/produto\/pos-graduacao-em-engenharia-clinica\/"]}]},{"@type":"ImageObject","inLanguage":"pt-BR","@id":"https:\/\/arkmeds.com\/pt-br\/produto\/pos-graduacao-em-engenharia-clinica\/#primaryimage","url":"https:\/\/arkmeds.com\/wp-content\/uploads\/2026\/03\/6.png","contentUrl":"https:\/\/arkmeds.com\/wp-content\/uploads\/2026\/03\/6.png","width":500,"height":570},{"@type":"BreadcrumbList","@id":"https:\/\/arkmeds.com\/pt-br\/produto\/pos-graduacao-em-engenharia-clinica\/#breadcrumb","itemListElement":[{"@type":"ListItem","position":1,"name":"In\u00edcio","item":"https:\/\/arkmeds.com\/pt-br\/"},{"@type":"ListItem","position":2,"name":"Loja","item":"https:\/\/arkmeds.com\/pt-br\/loja\/"},{"@type":"ListItem","position":3,"name":"P\u00f3s-Gradua\u00e7\u00e3o em Engenharia Cl\u00ednica"}]},{"@type":"WebSite","@id":"https:\/\/arkmeds.com\/pt-br\/#website","url":"https:\/\/arkmeds.com\/pt-br\/","name":"Arkmeds","description":"Gest\u00e3o de Ativos e Engenharia Cl\u00ednica Inteligente","publisher":{"@id":"https:\/\/arkmeds.com\/pt-br\/#organization"},"potentialAction":[{"@type":"SearchAction","target":{"@type":"EntryPoint","urlTemplate":"https:\/\/arkmeds.com\/pt-br\/?s={search_term_string}"},"query-input":{"@type":"PropertyValueSpecification","valueRequired":true,"valueName":"search_term_string"}}],"inLanguage":"pt-BR"},{"@type":"Organization","@id":"https:\/\/arkmeds.com\/pt-br\/#organization","name":"Arkmeds","url":"https:\/\/arkmeds.com\/pt-br\/","logo":{"@type":"ImageObject","inLanguage":"pt-BR","@id":"https:\/\/arkmeds.com\/pt-br\/#\/schema\/logo\/image\/","url":"https:\/\/arkmeds.com\/wp-content\/uploads\/2025\/05\/logo.webp","contentUrl":"https:\/\/arkmeds.com\/wp-content\/uploads\/2025\/05\/logo.webp","width":1100,"height":241,"caption":"Arkmeds"},"image":{"@id":"https:\/\/arkmeds.com\/pt-br\/#\/schema\/logo\/image\/"},"sameAs":["https:\/\/www.facebook.com\/somosarkmeds","https:\/\/www.youtube.com\/@Arkmeds","https:\/\/www.instagram.com\/somosarkmeds\/"]}]}},"jetpack_sharing_enabled":true,"_links":{"self":[{"href":"https:\/\/arkmeds.com\/pt-br\/wp-json\/wp\/v2\/product\/15186","targetHints":{"allow":["GET"]}}],"collection":[{"href":"https:\/\/arkmeds.com\/pt-br\/wp-json\/wp\/v2\/product"}],"about":[{"href":"https:\/\/arkmeds.com\/pt-br\/wp-json\/wp\/v2\/types\/product"}],"replies":[{"embeddable":true,"href":"https:\/\/arkmeds.com\/pt-br\/wp-json\/wp\/v2\/comments?post=15186"}],"wp:featuredmedia":[{"embeddable":true,"href":"https:\/\/arkmeds.com\/pt-br\/wp-json\/wp\/v2\/media\/15434"}],"wp:attachment":[{"href":"https:\/\/arkmeds.com\/pt-br\/wp-json\/wp\/v2\/media?parent=15186"}],"wp:term":[{"taxonomy":"product_brand","embeddable":true,"href":"https:\/\/arkmeds.com\/pt-br\/wp-json\/wp\/v2\/product_brand?post=15186"},{"taxonomy":"product_cat","embeddable":true,"href":"https:\/\/arkmeds.com\/pt-br\/wp-json\/wp\/v2\/product_cat?post=15186"},{"taxonomy":"product_tag","embeddable":true,"href":"https:\/\/arkmeds.com\/pt-br\/wp-json\/wp\/v2\/product_tag?post=15186"}],"curies":[{"name":"wp","href":"https:\/\/api.w.org\/{rel}","templated":true}]}}