{"id":15353,"date":"2026-03-31T06:44:27","date_gmt":"2026-03-31T09:44:27","guid":{"rendered":"https:\/\/arkmeds.com\/produto\/oximetro-de-pulso-na-pratica-da-medicao-a-decisao-clinica\/"},"modified":"2026-04-17T13:15:48","modified_gmt":"2026-04-17T16:15:48","slug":"oximetro-de-pulso-na-pratica-da-medicao-a-decisao-clinica","status":"publish","type":"product","link":"https:\/\/arkmeds.com\/pt-br\/produto\/oximetro-de-pulso-na-pratica-da-medicao-a-decisao-clinica\/","title":{"rendered":"Ox\u00edmetro de Pulso na Pr\u00e1tica: Da Medi\u00e7\u00e3o \u00e0 Decis\u00e3o Cl\u00ednica"},"content":{"rendered":"<div class=\"elementor-element elementor-element-02ab740 e-flex e-con-boxed e-con e-parent e-lazyloaded\" data-id=\"02ab740\" data-element_type=\"container\" data-settings=\"{&quot;background_background&quot;:&quot;classic&quot;}\">\n<div class=\"e-con-inner\">\n<div class=\"elementor-element elementor-element-bc7afb8 e-con-full e-flex e-con e-child\" data-id=\"bc7afb8\" data-element_type=\"container\">\n<div class=\"elementor-element elementor-element-e899c91 elementor-widget__width-initial animated-slow elementor-widget elementor-widget-text-editor animated fadeIn\" data-id=\"e899c91\" data-element_type=\"widget\" data-settings=\"{&quot;_animation&quot;:&quot;fadeIn&quot;}\" data-widget_type=\"text-editor.default\">\n<p>O ox\u00edmetro de pulso \u00e9 um dos equipamentos mais utilizados na rotina assistencial \u2014 mas voc\u00ea realmente confia nas leituras que est\u00e1 analisando?<\/p>\n<p>Erros de medi\u00e7\u00e3o, interfer\u00eancias externas e interpreta\u00e7\u00f5es inadequadas podem levar a decis\u00f5es cl\u00ednicas equivocadas, impactando diretamente a seguran\u00e7a do paciente e a qualidade do atendimento.<\/p>\n<p>Este curso foi desenvolvido para capacitar profissionais a utilizarem o ox\u00edmetro de forma segura, cr\u00edtica e confi\u00e1vel, indo al\u00e9m do b\u00e1sico. Voc\u00ea aprender\u00e1, na pr\u00e1tica, como garantir a precis\u00e3o das medi\u00e7\u00f5es, identificar falhas, validar resultados e interpretar corretamente os dados apresentados.<\/p>\n<h4><strong>Mais do que operar o equipamento, voc\u00ea estar\u00e1 preparado para tomar decis\u00f5es com base em informa\u00e7\u00f5es confi\u00e1veis.<\/strong><\/h4>\n<p>Evite erros que comprometem diagn\u00f3sticos Aumente a confiabilidade das medi\u00e7\u00f5es<\/p>\n<p>Atue com mais seguran\u00e7a t\u00e9cnica e cl\u00ednica Aprenda com quem desenvolve a tecnologia que voc\u00ea usa.<\/p>\n<p>O curso\u00a0\u201cOx\u00edmetro de Pulso na Pr\u00e1tica: Da Medi\u00e7\u00e3o \u00e0 Decis\u00e3o Cl\u00ednica\u201d\u00a0\u00e9 conduzido pelo Prof. Kivio Antunes, engenheiro eletricista pelo CEFET-MG e atual L\u00edder de Desenvolvimento de Hardware na Arkmeds, uma das principais refer\u00eancias nacionais em solu\u00e7\u00f5es para Engenharia Cl\u00ednica. Com atua\u00e7\u00e3o direta no desenvolvimento de analisadores utilizados em todo o pa\u00eds, Kivio n\u00e3o apenas entende a teoria: ele projeta, testa e evolui tecnologias cr\u00edticas para a seguran\u00e7a e precis\u00e3o de equipamentos biom\u00e9dicos. Desde 2016 atuando com sistemas embarcados e, mais recentemente, dedicado \u00e0 instrumenta\u00e7\u00e3o de alta precis\u00e3o e conectividade avan\u00e7ada, ele traz para este curso uma vis\u00e3o rara no mercado, a de quem est\u00e1 por tr\u00e1s da engenharia dos dispositivos.<\/p>\n<p><strong>ENCONTROS AO VIVO <\/strong><\/p>\n<p><strong>Datas:<\/strong><\/p>\n<p>(29\/04\/2026) M\u00f3dulo 1<\/p>\n<p>(06\/05\/2026) M\u00f3dulo 2<\/p>\n<p><strong>Hor\u00e1rio:<\/strong><\/p>\n<p>19h as 20h30<\/p>\n<\/div>\n<\/div>\n<\/div>\n<\/div>\n","protected":false},"excerpt":{"rendered":"<p>O ox\u00edmetro de pulso \u00e9 um dos equipamentos mais utilizados na rotina assistencial \u2014 mas voc\u00ea realmente confia nas leituras que est\u00e1 analisando? Erros de medi\u00e7\u00e3o, interfer\u00eancias externas e interpreta\u00e7\u00f5es inadequadas podem levar a decis\u00f5es cl\u00ednicas equivocadas, impactando diretamente a seguran\u00e7a do paciente e a qualidade do atendimento. Este curso foi desenvolvido para capacitar profissionais [&hellip;]<\/p>\n","protected":false},"featured_media":15354,"comment_status":"open","ping_status":"closed","template":"","meta":[],"product_brand":[],"product_cat":[33],"product_tag":[],"class_list":{"0":"post-15353","1":"product","2":"type-product","3":"status-publish","4":"has-post-thumbnail","6":"product_cat-sem-categoria","8":"first","9":"instock","10":"sale","11":"shipping-taxable","12":"purchasable","13":"product-type-simple"},"yoast_head":"<!-- This site is optimized with the Yoast SEO plugin v26.5 - https:\/\/yoast.com\/wordpress\/plugins\/seo\/ -->\n<title>Ox\u00edmetro de Pulso na Pr\u00e1tica: Da Medi\u00e7\u00e3o \u00e0 Decis\u00e3o Cl\u00ednica - Arkmeds<\/title>\n<meta name=\"description\" content=\"O ox\u00edmetro de pulso \u00e9 um dos equipamentos mais utilizados na rotina assistencial, mas voc\u00ea realmente confia nas leituras que est\u00e1 analisando? Erros de medi\u00e7\u00e3o, interfer\u00eancias externas e interpreta\u00e7\u00f5es inadequadas podem levar a decis\u00f5es cl\u00ednicas equivocadas, impactando diretamente a seguran\u00e7a do paciente e a qualidade do atendimento.\" \/>\n<meta name=\"robots\" content=\"index, follow, max-snippet:-1, max-image-preview:large, max-video-preview:-1\" \/>\n<link rel=\"canonical\" href=\"https:\/\/arkmeds.com\/pt-br\/produto\/oximetro-de-pulso-na-pratica-da-medicao-a-decisao-clinica\/\" \/>\n<meta property=\"og:locale\" content=\"pt_BR\" \/>\n<meta property=\"og:type\" content=\"article\" \/>\n<meta property=\"og:title\" content=\"Ox\u00edmetro de Pulso na Pr\u00e1tica: Da Medi\u00e7\u00e3o \u00e0 Decis\u00e3o Cl\u00ednica - Arkmeds\" \/>\n<meta property=\"og:description\" content=\"O ox\u00edmetro de pulso \u00e9 um dos equipamentos mais utilizados na rotina assistencial, mas voc\u00ea realmente confia nas leituras que est\u00e1 analisando? Erros de medi\u00e7\u00e3o, interfer\u00eancias externas e interpreta\u00e7\u00f5es inadequadas podem levar a decis\u00f5es cl\u00ednicas equivocadas, impactando diretamente a seguran\u00e7a do paciente e a qualidade do atendimento.\" \/>\n<meta property=\"og:url\" content=\"https:\/\/arkmeds.com\/pt-br\/produto\/oximetro-de-pulso-na-pratica-da-medicao-a-decisao-clinica\/\" \/>\n<meta property=\"og:site_name\" content=\"Arkmeds\" \/>\n<meta property=\"article:publisher\" content=\"https:\/\/www.facebook.com\/somosarkmeds\" \/>\n<meta property=\"article:modified_time\" content=\"2026-04-17T16:15:48+00:00\" \/>\n<meta property=\"og:image\" content=\"https:\/\/arkmeds.com\/wp-content\/uploads\/2026\/03\/Capa_Oximetro_de_Pulso.png\" \/>\n\t<meta property=\"og:image:width\" content=\"500\" \/>\n\t<meta property=\"og:image:height\" content=\"570\" \/>\n\t<meta property=\"og:image:type\" content=\"image\/png\" \/>\n<meta name=\"twitter:card\" content=\"summary_large_image\" \/>\n<meta name=\"twitter:label1\" content=\"Est. tempo de leitura\" \/>\n\t<meta name=\"twitter:data1\" content=\"2 minutos\" \/>\n<script type=\"application\/ld+json\" class=\"yoast-schema-graph\">{\"@context\":\"https:\/\/schema.org\",\"@graph\":[{\"@type\":\"WebPage\",\"@id\":\"https:\/\/arkmeds.com\/pt-br\/produto\/oximetro-de-pulso-na-pratica-da-medicao-a-decisao-clinica\/\",\"url\":\"https:\/\/arkmeds.com\/pt-br\/produto\/oximetro-de-pulso-na-pratica-da-medicao-a-decisao-clinica\/\",\"name\":\"Ox\u00edmetro de Pulso na Pr\u00e1tica: Da Medi\u00e7\u00e3o \u00e0 Decis\u00e3o Cl\u00ednica - Arkmeds\",\"isPartOf\":{\"@id\":\"https:\/\/arkmeds.com\/pt-br\/#website\"},\"primaryImageOfPage\":{\"@id\":\"https:\/\/arkmeds.com\/pt-br\/produto\/oximetro-de-pulso-na-pratica-da-medicao-a-decisao-clinica\/#primaryimage\"},\"image\":{\"@id\":\"https:\/\/arkmeds.com\/pt-br\/produto\/oximetro-de-pulso-na-pratica-da-medicao-a-decisao-clinica\/#primaryimage\"},\"thumbnailUrl\":\"https:\/\/arkmeds.com\/wp-content\/uploads\/2026\/03\/Capa_Oximetro_de_Pulso.png\",\"datePublished\":\"2026-03-31T09:44:27+00:00\",\"dateModified\":\"2026-04-17T16:15:48+00:00\",\"description\":\"O ox\u00edmetro de pulso \u00e9 um dos equipamentos mais utilizados na rotina assistencial, mas voc\u00ea realmente confia nas leituras que est\u00e1 analisando? Erros de medi\u00e7\u00e3o, interfer\u00eancias externas e interpreta\u00e7\u00f5es inadequadas podem levar a decis\u00f5es cl\u00ednicas equivocadas, impactando diretamente a seguran\u00e7a do paciente e a qualidade do atendimento.\",\"breadcrumb\":{\"@id\":\"https:\/\/arkmeds.com\/pt-br\/produto\/oximetro-de-pulso-na-pratica-da-medicao-a-decisao-clinica\/#breadcrumb\"},\"inLanguage\":\"pt-BR\",\"potentialAction\":[{\"@type\":\"ReadAction\",\"target\":[\"https:\/\/arkmeds.com\/pt-br\/produto\/oximetro-de-pulso-na-pratica-da-medicao-a-decisao-clinica\/\"]}]},{\"@type\":\"ImageObject\",\"inLanguage\":\"pt-BR\",\"@id\":\"https:\/\/arkmeds.com\/pt-br\/produto\/oximetro-de-pulso-na-pratica-da-medicao-a-decisao-clinica\/#primaryimage\",\"url\":\"https:\/\/arkmeds.com\/wp-content\/uploads\/2026\/03\/Capa_Oximetro_de_Pulso.png\",\"contentUrl\":\"https:\/\/arkmeds.com\/wp-content\/uploads\/2026\/03\/Capa_Oximetro_de_Pulso.png\",\"width\":500,\"height\":570},{\"@type\":\"BreadcrumbList\",\"@id\":\"https:\/\/arkmeds.com\/pt-br\/produto\/oximetro-de-pulso-na-pratica-da-medicao-a-decisao-clinica\/#breadcrumb\",\"itemListElement\":[{\"@type\":\"ListItem\",\"position\":1,\"name\":\"In\u00edcio\",\"item\":\"https:\/\/arkmeds.com\/pt-br\/\"},{\"@type\":\"ListItem\",\"position\":2,\"name\":\"Loja\",\"item\":\"https:\/\/arkmeds.com\/pt-br\/loja\/\"},{\"@type\":\"ListItem\",\"position\":3,\"name\":\"Ox\u00edmetro de Pulso na Pr\u00e1tica: Da Medi\u00e7\u00e3o \u00e0 Decis\u00e3o Cl\u00ednica\"}]},{\"@type\":\"WebSite\",\"@id\":\"https:\/\/arkmeds.com\/pt-br\/#website\",\"url\":\"https:\/\/arkmeds.com\/pt-br\/\",\"name\":\"Arkmeds\",\"description\":\"Tecnologias avan\u00e7adas de gest\u00e3o para empresas em evolu\u00e7\u00e3o\",\"publisher\":{\"@id\":\"https:\/\/arkmeds.com\/pt-br\/#organization\"},\"potentialAction\":[{\"@type\":\"SearchAction\",\"target\":{\"@type\":\"EntryPoint\",\"urlTemplate\":\"https:\/\/arkmeds.com\/pt-br\/?s={search_term_string}\"},\"query-input\":{\"@type\":\"PropertyValueSpecification\",\"valueRequired\":true,\"valueName\":\"search_term_string\"}}],\"inLanguage\":\"pt-BR\"},{\"@type\":\"Organization\",\"@id\":\"https:\/\/arkmeds.com\/pt-br\/#organization\",\"name\":\"Arkmeds\",\"url\":\"https:\/\/arkmeds.com\/pt-br\/\",\"logo\":{\"@type\":\"ImageObject\",\"inLanguage\":\"pt-BR\",\"@id\":\"https:\/\/arkmeds.com\/pt-br\/#\/schema\/logo\/image\/\",\"url\":\"https:\/\/arkmeds.com\/wp-content\/uploads\/2025\/05\/logo.webp\",\"contentUrl\":\"https:\/\/arkmeds.com\/wp-content\/uploads\/2025\/05\/logo.webp\",\"width\":1100,\"height\":241,\"caption\":\"Arkmeds\"},\"image\":{\"@id\":\"https:\/\/arkmeds.com\/pt-br\/#\/schema\/logo\/image\/\"},\"sameAs\":[\"https:\/\/www.facebook.com\/somosarkmeds\",\"https:\/\/www.youtube.com\/@Arkmeds\",\"https:\/\/www.instagram.com\/somosarkmeds\/\"]}]}<\/script>\n<!-- \/ Yoast SEO plugin. -->","yoast_head_json":{"title":"Ox\u00edmetro de Pulso na Pr\u00e1tica: Da Medi\u00e7\u00e3o \u00e0 Decis\u00e3o Cl\u00ednica - Arkmeds","description":"O ox\u00edmetro de pulso \u00e9 um dos equipamentos mais utilizados na rotina assistencial, mas voc\u00ea realmente confia nas leituras que est\u00e1 analisando? Erros de medi\u00e7\u00e3o, interfer\u00eancias externas e interpreta\u00e7\u00f5es inadequadas podem levar a decis\u00f5es cl\u00ednicas equivocadas, impactando diretamente a seguran\u00e7a do paciente e a qualidade do atendimento.","robots":{"index":"index","follow":"follow","max-snippet":"max-snippet:-1","max-image-preview":"max-image-preview:large","max-video-preview":"max-video-preview:-1"},"canonical":"https:\/\/arkmeds.com\/pt-br\/produto\/oximetro-de-pulso-na-pratica-da-medicao-a-decisao-clinica\/","og_locale":"pt_BR","og_type":"article","og_title":"Ox\u00edmetro de Pulso na Pr\u00e1tica: Da Medi\u00e7\u00e3o \u00e0 Decis\u00e3o Cl\u00ednica - Arkmeds","og_description":"O ox\u00edmetro de pulso \u00e9 um dos equipamentos mais utilizados na rotina assistencial, mas voc\u00ea realmente confia nas leituras que est\u00e1 analisando? Erros de medi\u00e7\u00e3o, interfer\u00eancias externas e interpreta\u00e7\u00f5es inadequadas podem levar a decis\u00f5es cl\u00ednicas equivocadas, impactando diretamente a seguran\u00e7a do paciente e a qualidade do atendimento.","og_url":"https:\/\/arkmeds.com\/pt-br\/produto\/oximetro-de-pulso-na-pratica-da-medicao-a-decisao-clinica\/","og_site_name":"Arkmeds","article_publisher":"https:\/\/www.facebook.com\/somosarkmeds","article_modified_time":"2026-04-17T16:15:48+00:00","og_image":[{"width":500,"height":570,"url":"https:\/\/arkmeds.com\/wp-content\/uploads\/2026\/03\/Capa_Oximetro_de_Pulso.png","type":"image\/png"}],"twitter_card":"summary_large_image","twitter_misc":{"Est. tempo de leitura":"2 minutos"},"schema":{"@context":"https:\/\/schema.org","@graph":[{"@type":"WebPage","@id":"https:\/\/arkmeds.com\/pt-br\/produto\/oximetro-de-pulso-na-pratica-da-medicao-a-decisao-clinica\/","url":"https:\/\/arkmeds.com\/pt-br\/produto\/oximetro-de-pulso-na-pratica-da-medicao-a-decisao-clinica\/","name":"Ox\u00edmetro de Pulso na Pr\u00e1tica: Da Medi\u00e7\u00e3o \u00e0 Decis\u00e3o Cl\u00ednica - Arkmeds","isPartOf":{"@id":"https:\/\/arkmeds.com\/pt-br\/#website"},"primaryImageOfPage":{"@id":"https:\/\/arkmeds.com\/pt-br\/produto\/oximetro-de-pulso-na-pratica-da-medicao-a-decisao-clinica\/#primaryimage"},"image":{"@id":"https:\/\/arkmeds.com\/pt-br\/produto\/oximetro-de-pulso-na-pratica-da-medicao-a-decisao-clinica\/#primaryimage"},"thumbnailUrl":"https:\/\/arkmeds.com\/wp-content\/uploads\/2026\/03\/Capa_Oximetro_de_Pulso.png","datePublished":"2026-03-31T09:44:27+00:00","dateModified":"2026-04-17T16:15:48+00:00","description":"O ox\u00edmetro de pulso \u00e9 um dos equipamentos mais utilizados na rotina assistencial, mas voc\u00ea realmente confia nas leituras que est\u00e1 analisando? Erros de medi\u00e7\u00e3o, interfer\u00eancias externas e interpreta\u00e7\u00f5es inadequadas podem levar a decis\u00f5es cl\u00ednicas equivocadas, impactando diretamente a seguran\u00e7a do paciente e a qualidade do atendimento.","breadcrumb":{"@id":"https:\/\/arkmeds.com\/pt-br\/produto\/oximetro-de-pulso-na-pratica-da-medicao-a-decisao-clinica\/#breadcrumb"},"inLanguage":"pt-BR","potentialAction":[{"@type":"ReadAction","target":["https:\/\/arkmeds.com\/pt-br\/produto\/oximetro-de-pulso-na-pratica-da-medicao-a-decisao-clinica\/"]}]},{"@type":"ImageObject","inLanguage":"pt-BR","@id":"https:\/\/arkmeds.com\/pt-br\/produto\/oximetro-de-pulso-na-pratica-da-medicao-a-decisao-clinica\/#primaryimage","url":"https:\/\/arkmeds.com\/wp-content\/uploads\/2026\/03\/Capa_Oximetro_de_Pulso.png","contentUrl":"https:\/\/arkmeds.com\/wp-content\/uploads\/2026\/03\/Capa_Oximetro_de_Pulso.png","width":500,"height":570},{"@type":"BreadcrumbList","@id":"https:\/\/arkmeds.com\/pt-br\/produto\/oximetro-de-pulso-na-pratica-da-medicao-a-decisao-clinica\/#breadcrumb","itemListElement":[{"@type":"ListItem","position":1,"name":"In\u00edcio","item":"https:\/\/arkmeds.com\/pt-br\/"},{"@type":"ListItem","position":2,"name":"Loja","item":"https:\/\/arkmeds.com\/pt-br\/loja\/"},{"@type":"ListItem","position":3,"name":"Ox\u00edmetro de Pulso na Pr\u00e1tica: Da Medi\u00e7\u00e3o \u00e0 Decis\u00e3o Cl\u00ednica"}]},{"@type":"WebSite","@id":"https:\/\/arkmeds.com\/pt-br\/#website","url":"https:\/\/arkmeds.com\/pt-br\/","name":"Arkmeds","description":"Tecnologias avan\u00e7adas de gest\u00e3o para empresas em evolu\u00e7\u00e3o","publisher":{"@id":"https:\/\/arkmeds.com\/pt-br\/#organization"},"potentialAction":[{"@type":"SearchAction","target":{"@type":"EntryPoint","urlTemplate":"https:\/\/arkmeds.com\/pt-br\/?s={search_term_string}"},"query-input":{"@type":"PropertyValueSpecification","valueRequired":true,"valueName":"search_term_string"}}],"inLanguage":"pt-BR"},{"@type":"Organization","@id":"https:\/\/arkmeds.com\/pt-br\/#organization","name":"Arkmeds","url":"https:\/\/arkmeds.com\/pt-br\/","logo":{"@type":"ImageObject","inLanguage":"pt-BR","@id":"https:\/\/arkmeds.com\/pt-br\/#\/schema\/logo\/image\/","url":"https:\/\/arkmeds.com\/wp-content\/uploads\/2025\/05\/logo.webp","contentUrl":"https:\/\/arkmeds.com\/wp-content\/uploads\/2025\/05\/logo.webp","width":1100,"height":241,"caption":"Arkmeds"},"image":{"@id":"https:\/\/arkmeds.com\/pt-br\/#\/schema\/logo\/image\/"},"sameAs":["https:\/\/www.facebook.com\/somosarkmeds","https:\/\/www.youtube.com\/@Arkmeds","https:\/\/www.instagram.com\/somosarkmeds\/"]}]}},"jetpack_sharing_enabled":true,"_links":{"self":[{"href":"https:\/\/arkmeds.com\/pt-br\/wp-json\/wp\/v2\/product\/15353","targetHints":{"allow":["GET"]}}],"collection":[{"href":"https:\/\/arkmeds.com\/pt-br\/wp-json\/wp\/v2\/product"}],"about":[{"href":"https:\/\/arkmeds.com\/pt-br\/wp-json\/wp\/v2\/types\/product"}],"replies":[{"embeddable":true,"href":"https:\/\/arkmeds.com\/pt-br\/wp-json\/wp\/v2\/comments?post=15353"}],"wp:featuredmedia":[{"embeddable":true,"href":"https:\/\/arkmeds.com\/pt-br\/wp-json\/wp\/v2\/media\/15354"}],"wp:attachment":[{"href":"https:\/\/arkmeds.com\/pt-br\/wp-json\/wp\/v2\/media?parent=15353"}],"wp:term":[{"taxonomy":"product_brand","embeddable":true,"href":"https:\/\/arkmeds.com\/pt-br\/wp-json\/wp\/v2\/product_brand?post=15353"},{"taxonomy":"product_cat","embeddable":true,"href":"https:\/\/arkmeds.com\/pt-br\/wp-json\/wp\/v2\/product_cat?post=15353"},{"taxonomy":"product_tag","embeddable":true,"href":"https:\/\/arkmeds.com\/pt-br\/wp-json\/wp\/v2\/product_tag?post=15353"}],"curies":[{"name":"wp","href":"https:\/\/api.w.org\/{rel}","templated":true}]}}